{"id":94045,"date":"2019-07-11T13:56:09","date_gmt":"2019-07-11T13:56:09","guid":{"rendered":"https:\/\/www.3p-gmbh.de\/produkt\/guk-fa-50-4-fl2-50-sa-520-pasta-com-placa-de-fivela-de-fecho\/"},"modified":"2019-07-11T13:56:09","modified_gmt":"2019-07-11T13:56:09","slug":"maquina-de-dobrar-bolsos-18","status":"publish","type":"product","link":"https:\/\/www.3p-gmbh.de\/pt-br\/produkt\/maquina-de-dobrar-bolsos-18\/","title":{"rendered":"GUK FA 50-4-FL2-50 SA 520 pasta com placa de fivela de fecho"},"content":{"rendered":"<ul>\n<li>Alimentador de estacas planas FL-2-50<\/li>\n<li>Unidade dobr\u00e1vel com 4 bolsas 54 cm de largura de alimenta\u00e7\u00e3o<\/li>\n<li>bloco de corte a jusante<\/li>\n<li>Contador predefinido MCS 106<\/li>\n<li>Prote\u00e7\u00e3o contra o ru\u00eddo<\/li>\n<li>Exposi\u00e7\u00e3o de galp\u00f5es<\/li>\n<li>menor rebaixo: 26 mm<\/li>\n<li>Velocidade at\u00e9 30 000 folhas\/hora ou 150m\/min<\/li>\n<li>M\u00e1ximo. Formato: 54 x 72 cm<\/li>\n<li>Min. Formato: 54 x 9 cm<\/li>\n<\/ul>\n","protected":false},"excerpt":{"rendered":"<p>Alimentador de estacas planas FL-2-50 Unidade dobr\u00e1vel com 4 bolsas 54 cm de largura de alimenta\u00e7\u00e3o bloco de corte a jusante Contador predefinido MCS 106 Prote\u00e7\u00e3o contra o ru\u00eddo Exposi\u00e7\u00e3o de galp\u00f5es menor rebaixo: 26 mm Velocidade at\u00e9 30 000 folhas\/hora ou 150m\/min M\u00e1ximo. Formato: 54 x 72 cm Min. Formato: 54 x 9 cm<\/p>\n","protected":false},"featured_media":67038,"template":"","meta":[],"product_brand":[],"product_cat":[2979],"product_tag":[],"class_list":{"0":"post-94045","1":"product","2":"type-product","3":"status-publish","4":"has-post-thumbnail","6":"product_cat-maquinas-de-dobrar","7":"pa_baujahr-153","8":"pa_hersteller-guk-grieser-kunzmann","9":"pa_typ-fa-50-4-fl2-50-sa-520","11":"first","12":"instock","13":"sold-individually","14":"taxable","15":"shipping-taxable","16":"purchasable","17":"product-type-simple"},"jetpack_sharing_enabled":true,"_links":{"self":[{"href":"https:\/\/www.3p-gmbh.de\/pt-br\/wp-json\/wp\/v2\/product\/94045","targetHints":{"allow":["GET"]}}],"collection":[{"href":"https:\/\/www.3p-gmbh.de\/pt-br\/wp-json\/wp\/v2\/product"}],"about":[{"href":"https:\/\/www.3p-gmbh.de\/pt-br\/wp-json\/wp\/v2\/types\/product"}],"wp:featuredmedia":[{"embeddable":true,"href":"https:\/\/www.3p-gmbh.de\/pt-br\/wp-json\/wp\/v2\/media\/67038"}],"wp:attachment":[{"href":"https:\/\/www.3p-gmbh.de\/pt-br\/wp-json\/wp\/v2\/media?parent=94045"}],"wp:term":[{"taxonomy":"product_brand","embeddable":true,"href":"https:\/\/www.3p-gmbh.de\/pt-br\/wp-json\/wp\/v2\/product_brand?post=94045"},{"taxonomy":"product_cat","embeddable":true,"href":"https:\/\/www.3p-gmbh.de\/pt-br\/wp-json\/wp\/v2\/product_cat?post=94045"},{"taxonomy":"product_tag","embeddable":true,"href":"https:\/\/www.3p-gmbh.de\/pt-br\/wp-json\/wp\/v2\/product_tag?post=94045"}],"curies":[{"name":"wp","href":"https:\/\/api.w.org\/{rel}","templated":true}]}}