{"id":94041,"date":"2019-07-11T13:56:09","date_gmt":"2019-07-11T13:56:09","guid":{"rendered":"https:\/\/www.3p-gmbh.de\/produkt\/maquina-de-dobrar-combinada-guk-k-72-6-ktl-f4\/"},"modified":"2019-07-11T13:56:09","modified_gmt":"2019-07-11T13:56:09","slug":"maquina-de-dobrar-combinada-10","status":"publish","type":"product","link":"https:\/\/www.3p-gmbh.de\/pt-br\/produkt\/maquina-de-dobrar-combinada-10\/","title":{"rendered":"M\u00e1quina de dobrar combinada GUK K 72-6 KTL-F4"},"content":{"rendered":"<ul>\n<li>Alimentador de pilha plana Gremser com contador<\/li>\n<li>6 bolsos na primeira unidade de dobragem Largura de alimenta\u00e7\u00e3o de 72 cm, veio cortador a jusante<\/li>\n<li>1 Espada de ra\u00e7a cruzada<\/li>\n<li>Bolsa dobr\u00e1vel deitada<\/li>\n<li>1 Espada de ra\u00e7a cruzada<\/li>\n<li>Exposi\u00e7\u00e3o em pavilh\u00e3o SA 72<\/li>\n<li>Bolso dobr\u00e1vel com janela<\/li>\n<\/ul>\n","protected":false},"excerpt":{"rendered":"<p>Alimentador de pilha plana Gremser com contador 6 bolsos na primeira unidade de dobragem Largura de alimenta\u00e7\u00e3o de 72 cm, veio cortador a jusante 1 Espada de ra\u00e7a cruzada Bolsa dobr\u00e1vel deitada 1 Espada de ra\u00e7a cruzada Exposi\u00e7\u00e3o em pavilh\u00e3o SA 72 Bolso dobr\u00e1vel com janela<\/p>\n","protected":false},"featured_media":67014,"template":"","meta":[],"product_brand":[],"product_cat":[2979],"product_tag":[],"class_list":{"0":"post-94041","1":"product","2":"type-product","3":"status-publish","4":"has-post-thumbnail","6":"product_cat-maquinas-de-dobrar","7":"pa_baujahr-221","8":"pa_hersteller-grieser-kunzmann","9":"pa_typ-guk-k-72-6-ktl-f4","11":"first","12":"instock","13":"sold-individually","14":"taxable","15":"shipping-taxable","16":"purchasable","17":"product-type-simple"},"jetpack_sharing_enabled":true,"_links":{"self":[{"href":"https:\/\/www.3p-gmbh.de\/pt-br\/wp-json\/wp\/v2\/product\/94041","targetHints":{"allow":["GET"]}}],"collection":[{"href":"https:\/\/www.3p-gmbh.de\/pt-br\/wp-json\/wp\/v2\/product"}],"about":[{"href":"https:\/\/www.3p-gmbh.de\/pt-br\/wp-json\/wp\/v2\/types\/product"}],"wp:featuredmedia":[{"embeddable":true,"href":"https:\/\/www.3p-gmbh.de\/pt-br\/wp-json\/wp\/v2\/media\/67014"}],"wp:attachment":[{"href":"https:\/\/www.3p-gmbh.de\/pt-br\/wp-json\/wp\/v2\/media?parent=94041"}],"wp:term":[{"taxonomy":"product_brand","embeddable":true,"href":"https:\/\/www.3p-gmbh.de\/pt-br\/wp-json\/wp\/v2\/product_brand?post=94041"},{"taxonomy":"product_cat","embeddable":true,"href":"https:\/\/www.3p-gmbh.de\/pt-br\/wp-json\/wp\/v2\/product_cat?post=94041"},{"taxonomy":"product_tag","embeddable":true,"href":"https:\/\/www.3p-gmbh.de\/pt-br\/wp-json\/wp\/v2\/product_tag?post=94041"}],"curies":[{"name":"wp","href":"https:\/\/api.w.org\/{rel}","templated":true}]}}