{"id":94028,"date":"2019-07-11T13:56:20","date_gmt":"2019-07-11T13:56:20","guid":{"rendered":"https:\/\/www.3p-gmbh.de\/produkt\/herzog-heymann-272-cais-de-aspiracao-do-pavimento\/"},"modified":"2019-07-11T13:56:20","modified_gmt":"2019-07-11T13:56:20","slug":"cais-subterraneo","status":"publish","type":"product","link":"https:\/\/www.3p-gmbh.de\/pt-br\/produkt\/cais-subterraneo\/","title":{"rendered":"Herzog &amp; Heymann 272 Cais de aspira\u00e7\u00e3o do pavimento"},"content":{"rendered":"<ul>\n<li>Alimentador m\u00f3vel de aspira\u00e7\u00e3o por baixo do pavimento com acionamento pr\u00f3prio e bomba DV<\/li>\n<li>Largura de entrada aprox. 50 cm<\/li>\n<li>Separa\u00e7\u00e3o de folhas a partir do fundo da pilha, recarregamento do papel a partir de cima<\/li>\n<li>Permite a alimenta\u00e7\u00e3o cont\u00ednua sem pausas na alimenta\u00e7\u00e3o<\/li>\n<\/ul>\n","protected":false},"excerpt":{"rendered":"<p>Alimentador m\u00f3vel de aspira\u00e7\u00e3o por baixo do pavimento com acionamento pr\u00f3prio e bomba DV Largura de entrada aprox. 50 cm Separa\u00e7\u00e3o de folhas a partir do fundo da pilha, recarregamento do papel a partir de cima Permite a alimenta\u00e7\u00e3o cont\u00ednua sem pausas na alimenta\u00e7\u00e3o<\/p>\n","protected":false},"featured_media":67101,"template":"","meta":[],"product_brand":[],"product_cat":[3019],"product_tag":[],"class_list":{"0":"post-94028","1":"product","2":"type-product","3":"status-publish","4":"has-post-thumbnail","6":"product_cat-investidores","7":"pa_baujahr-133","8":"pa_hersteller-herzog-heymann","9":"pa_typ-993","11":"first","12":"instock","13":"sold-individually","14":"taxable","15":"shipping-taxable","16":"purchasable","17":"product-type-simple"},"jetpack_sharing_enabled":true,"_links":{"self":[{"href":"https:\/\/www.3p-gmbh.de\/pt-br\/wp-json\/wp\/v2\/product\/94028","targetHints":{"allow":["GET"]}}],"collection":[{"href":"https:\/\/www.3p-gmbh.de\/pt-br\/wp-json\/wp\/v2\/product"}],"about":[{"href":"https:\/\/www.3p-gmbh.de\/pt-br\/wp-json\/wp\/v2\/types\/product"}],"wp:featuredmedia":[{"embeddable":true,"href":"https:\/\/www.3p-gmbh.de\/pt-br\/wp-json\/wp\/v2\/media\/67101"}],"wp:attachment":[{"href":"https:\/\/www.3p-gmbh.de\/pt-br\/wp-json\/wp\/v2\/media?parent=94028"}],"wp:term":[{"taxonomy":"product_brand","embeddable":true,"href":"https:\/\/www.3p-gmbh.de\/pt-br\/wp-json\/wp\/v2\/product_brand?post=94028"},{"taxonomy":"product_cat","embeddable":true,"href":"https:\/\/www.3p-gmbh.de\/pt-br\/wp-json\/wp\/v2\/product_cat?post=94028"},{"taxonomy":"product_tag","embeddable":true,"href":"https:\/\/www.3p-gmbh.de\/pt-br\/wp-json\/wp\/v2\/product_tag?post=94028"}],"curies":[{"name":"wp","href":"https:\/\/api.w.org\/{rel}","templated":true}]}}