{"id":94022,"date":"2019-07-11T13:56:20","date_gmt":"2019-07-11T13:56:20","guid":{"rendered":"https:\/\/www.3p-gmbh.de\/produkt\/desta-bas-fsa-600-entrega-de-estacas-planas-com-prensa-de-folhas\/"},"modified":"2019-07-11T13:56:20","modified_gmt":"2019-07-11T13:56:20","slug":"entrega-de-estacas-planas-com-prensa-de-folhas","status":"publish","type":"product","link":"https:\/\/www.3p-gmbh.de\/pt-br\/produkt\/entrega-de-estacas-planas-com-prensa-de-folhas\/","title":{"rendered":"Desta BAS &#8211; FSA 600 entrega de estacas planas com prensa de folhas"},"content":{"rendered":"<p>A entrega \u00e9 utilizada para uma prensagem \u00f3ptima e uma forma\u00e7\u00e3o eficiente da pilha em conjunto com a remo\u00e7\u00e3o ergon\u00f3mica, especialmente para a produ\u00e7\u00e3o m\u00faltipla. Produz pilhas de produtos \u00f3ptimas &#8211; o que \u00e9 assegurado por detalhes do equipamento, como o rolo de paragem acionado e um gume de faca. A altura de descolagem \u00e9 sempre constante, uma vez que tanto a m\u00e1quina &#8211; atrav\u00e9s de uma tesoura de eleva\u00e7\u00e3o &#8211; como a alimenta\u00e7\u00e3o da prensa podem ser inclinadas. A BAS-FSA oferece uma vasta gama de possibilidades de ajuste em pormenor. A sua acessibilidade \u00e9 excelente, especialmente quando se trata de ajustar ou recolher folhas de amostras. A BAS-FSA \u00e9 utilizada na gama de tiragens m\u00e9dias e para a produ\u00e7\u00e3o frequente de m\u00faltiplos exemplares. Atrav\u00e9s de um cabo adaptador, pode ser utilizada por detr\u00e1s de todas as m\u00e1quinas de dobrar comuns e tamb\u00e9m em m\u00e1quinas de coser a arame.<\/p>\n<ul>\n<li>Ano de fabrico 2002<\/li>\n<li>Largura de trabalho 600 mm<\/li>\n<li>Espessura m\u00e1xima do produto. 8 mm<\/li>\n<li>m\u00e1ximo. Largura de trabalho x 320 mm, m\u00edn. 100 x 80 mm<\/li>\n<li>Altura m\u00e1xima de empilhamento. 400 mm<\/li>\n<li>Press\u00e3o de press\u00e3o 0-20.000N, infinitamente ajust\u00e1vel<\/li>\n<li>Velocidade 50-230 m\/min, continuamente ajust\u00e1vel<\/li>\n<li>Altura de entrada 400-950 mm, ajust\u00e1vel<\/li>\n<li>Altura de exporta\u00e7\u00e3o 875 mm<\/li>\n<li>Dispositivo de contagem e marca\u00e7\u00e3o<\/li>\n<li>correias de alimenta\u00e7\u00e3o superior e inferior no prensa-chapas<\/li>\n<li>2 pares de rolos de press\u00e3o cromados D=100 mm, regul\u00e1veis separadamente<\/li>\n<li>Eixos de correia ranhurados para um reposicionamento r\u00e1pido das correias de alimenta\u00e7\u00e3o quando se muda de formato ou para separar os multiple-ups<\/li>\n<li>Base de tesoura elevat\u00f3ria para regula\u00e7\u00e3o cont\u00ednua da altura<\/li>\n<li>m\u00f3vel sobre rod\u00edzios girat\u00f3rios<\/li>\n<\/ul>\n","protected":false},"excerpt":{"rendered":"<p>A entrega \u00e9 utilizada para uma prensagem \u00f3ptima e uma forma\u00e7\u00e3o eficiente da pilha em conjunto com a remo\u00e7\u00e3o ergon\u00f3mica, especialmente para a produ\u00e7\u00e3o m\u00faltipla. Produz pilhas de produtos \u00f3ptimas &#8211; o que \u00e9 assegurado por detalhes do equipamento, como o rolo de paragem acionado e um gume de faca. A altura de descolagem \u00e9 [&hellip;]<\/p>\n","protected":false},"featured_media":67119,"template":"","meta":[],"product_brand":[],"product_cat":[2919],"product_tag":[],"class_list":{"0":"post-94022","1":"product","2":"type-product","3":"status-publish","4":"has-post-thumbnail","6":"product_cat-despesas","7":"pa_baujahr-153","8":"pa_hersteller-desta-guk","9":"pa_typ-desta-bas-fsa-600","11":"first","12":"instock","13":"sold-individually","14":"taxable","15":"shipping-taxable","16":"purchasable","17":"product-type-simple"},"jetpack_sharing_enabled":true,"_links":{"self":[{"href":"https:\/\/www.3p-gmbh.de\/pt-br\/wp-json\/wp\/v2\/product\/94022","targetHints":{"allow":["GET"]}}],"collection":[{"href":"https:\/\/www.3p-gmbh.de\/pt-br\/wp-json\/wp\/v2\/product"}],"about":[{"href":"https:\/\/www.3p-gmbh.de\/pt-br\/wp-json\/wp\/v2\/types\/product"}],"wp:featuredmedia":[{"embeddable":true,"href":"https:\/\/www.3p-gmbh.de\/pt-br\/wp-json\/wp\/v2\/media\/67119"}],"wp:attachment":[{"href":"https:\/\/www.3p-gmbh.de\/pt-br\/wp-json\/wp\/v2\/media?parent=94022"}],"wp:term":[{"taxonomy":"product_brand","embeddable":true,"href":"https:\/\/www.3p-gmbh.de\/pt-br\/wp-json\/wp\/v2\/product_brand?post=94022"},{"taxonomy":"product_cat","embeddable":true,"href":"https:\/\/www.3p-gmbh.de\/pt-br\/wp-json\/wp\/v2\/product_cat?post=94022"},{"taxonomy":"product_tag","embeddable":true,"href":"https:\/\/www.3p-gmbh.de\/pt-br\/wp-json\/wp\/v2\/product_tag?post=94022"}],"curies":[{"name":"wp","href":"https:\/\/api.w.org\/{rel}","templated":true}]}}