{"id":94007,"date":"2019-07-11T13:56:20","date_gmt":"2019-07-11T13:56:20","guid":{"rendered":"https:\/\/www.3p-gmbh.de\/produkt\/unidade-de-dobragem-de-chapa-com-fivela-de-aco-t-50-4-da-heidelberg\/"},"modified":"2019-07-11T13:56:20","modified_gmt":"2019-07-11T13:56:20","slug":"unidade-de-dobragem-de-bolso-2","status":"publish","type":"product","link":"https:\/\/www.3p-gmbh.de\/pt-br\/produkt\/unidade-de-dobragem-de-bolso-2\/","title":{"rendered":"Unidade de dobragem de chapa com fivela de a\u00e7o T 50\/4 da Heidelberg"},"content":{"rendered":"<ul>\n<li>4 placas de fivelas Largura de alimenta\u00e7\u00e3o de 50 cm<\/li>\n<li>bloco de corte a jusante<\/li>\n<li>Prote\u00e7\u00e3o contra o ru\u00eddo<\/li>\n<\/ul>\n","protected":false},"excerpt":{"rendered":"<p>4 placas de fivelas Largura de alimenta\u00e7\u00e3o de 50 cm bloco de corte a jusante Prote\u00e7\u00e3o contra o ru\u00eddo<\/p>\n","protected":false},"featured_media":67170,"template":"","meta":[],"product_brand":[],"product_cat":[2912],"product_tag":[],"class_list":{"0":"post-94007","1":"product","2":"type-product","3":"status-publish","4":"has-post-thumbnail","6":"product_cat-unidades-de-dobragem","7":"pa_baujahr-196","8":"pa_hersteller-heidelberg-stahl","9":"pa_typ-2-t-50-4","11":"first","12":"instock","13":"sold-individually","14":"taxable","15":"shipping-taxable","16":"purchasable","17":"product-type-simple"},"jetpack_sharing_enabled":true,"_links":{"self":[{"href":"https:\/\/www.3p-gmbh.de\/pt-br\/wp-json\/wp\/v2\/product\/94007","targetHints":{"allow":["GET"]}}],"collection":[{"href":"https:\/\/www.3p-gmbh.de\/pt-br\/wp-json\/wp\/v2\/product"}],"about":[{"href":"https:\/\/www.3p-gmbh.de\/pt-br\/wp-json\/wp\/v2\/types\/product"}],"wp:featuredmedia":[{"embeddable":true,"href":"https:\/\/www.3p-gmbh.de\/pt-br\/wp-json\/wp\/v2\/media\/67170"}],"wp:attachment":[{"href":"https:\/\/www.3p-gmbh.de\/pt-br\/wp-json\/wp\/v2\/media?parent=94007"}],"wp:term":[{"taxonomy":"product_brand","embeddable":true,"href":"https:\/\/www.3p-gmbh.de\/pt-br\/wp-json\/wp\/v2\/product_brand?post=94007"},{"taxonomy":"product_cat","embeddable":true,"href":"https:\/\/www.3p-gmbh.de\/pt-br\/wp-json\/wp\/v2\/product_cat?post=94007"},{"taxonomy":"product_tag","embeddable":true,"href":"https:\/\/www.3p-gmbh.de\/pt-br\/wp-json\/wp\/v2\/product_tag?post=94007"}],"curies":[{"name":"wp","href":"https:\/\/api.w.org\/{rel}","templated":true}]}}