{"id":94002,"date":"2019-07-11T13:56:20","date_gmt":"2019-07-11T13:56:20","guid":{"rendered":"https:\/\/www.3p-gmbh.de\/produkt\/maquina-de-dobragem-automatica-ajustavel-baeuerle-cas-35-2-pba\/"},"modified":"2019-07-11T13:56:20","modified_gmt":"2019-07-11T13:56:20","slug":"maquina-de-dobragem-automatica-ajustavel","status":"publish","type":"product","link":"https:\/\/www.3p-gmbh.de\/pt-br\/produkt\/maquina-de-dobragem-automatica-ajustavel\/","title":{"rendered":"M\u00e1quina de dobragem autom\u00e1tica ajust\u00e1vel B\u00e4uerle CAS 35-2 PBA"},"content":{"rendered":"<ul>\n<li>Dobragem com o toque de um bot\u00e3o na gama A3<\/li>\n<li>Ano de fabrico 2007<\/li>\n<li>M\u00e1quina de dobrar controlada por computador com duas placas de fivela autom\u00e1tica AFT-35 com r\u00e9gua deflectora<\/li>\n<li>Contadores totais e de pr\u00e9-sele\u00e7\u00e3o<\/li>\n<li>Rolos de espuma PUR<\/li>\n<li>Alimentador de ch\u00e3o PBA com mesa de alinhamento, folha dupla e controlo de tiragem de papel<\/li>\n<li>elevado conforto de funcionamento<\/li>\n<li>Tempos de prepara\u00e7\u00e3o curtos<\/li>\n<li>sem regula\u00e7\u00e3o do rolo de dobragem<\/li>\n<li>Tamanho m\u00e1ximo da folha 35 x 46 cm<\/li>\n<li>Tamanho m\u00ednimo da folha 8,5 x 10 cm<\/li>\n<li>Comprimento de dobragem dos bolsos m\u00edn. 50mm e max. 360 mm<\/li>\n<li>Velocidade 160 m\/min<\/li>\n<\/ul>\n","protected":false},"excerpt":{"rendered":"<p>Dobragem com o toque de um bot\u00e3o na gama A3 Ano de fabrico 2007 M\u00e1quina de dobrar controlada por computador com duas placas de fivela autom\u00e1tica AFT-35 com r\u00e9gua deflectora Contadores totais e de pr\u00e9-sele\u00e7\u00e3o Rolos de espuma PUR Alimentador de ch\u00e3o PBA com mesa de alinhamento, folha dupla e controlo de tiragem de papel [&hellip;]<\/p>\n","protected":false},"featured_media":71145,"template":"","meta":[],"product_brand":[],"product_cat":[2979],"product_tag":[],"class_list":{"0":"post-94002","1":"product","2":"type-product","3":"status-publish","4":"has-post-thumbnail","6":"product_cat-maquinas-de-dobrar","7":"pa_baujahr-140","8":"pa_hersteller-mathias-baeuerle","9":"pa_typ-multimaster-cas-35-2-pba","11":"first","12":"instock","13":"sold-individually","14":"taxable","15":"shipping-taxable","16":"purchasable","17":"product-type-simple"},"jetpack_sharing_enabled":true,"_links":{"self":[{"href":"https:\/\/www.3p-gmbh.de\/pt-br\/wp-json\/wp\/v2\/product\/94002","targetHints":{"allow":["GET"]}}],"collection":[{"href":"https:\/\/www.3p-gmbh.de\/pt-br\/wp-json\/wp\/v2\/product"}],"about":[{"href":"https:\/\/www.3p-gmbh.de\/pt-br\/wp-json\/wp\/v2\/types\/product"}],"wp:featuredmedia":[{"embeddable":true,"href":"https:\/\/www.3p-gmbh.de\/pt-br\/wp-json\/wp\/v2\/media\/71145"}],"wp:attachment":[{"href":"https:\/\/www.3p-gmbh.de\/pt-br\/wp-json\/wp\/v2\/media?parent=94002"}],"wp:term":[{"taxonomy":"product_brand","embeddable":true,"href":"https:\/\/www.3p-gmbh.de\/pt-br\/wp-json\/wp\/v2\/product_brand?post=94002"},{"taxonomy":"product_cat","embeddable":true,"href":"https:\/\/www.3p-gmbh.de\/pt-br\/wp-json\/wp\/v2\/product_cat?post=94002"},{"taxonomy":"product_tag","embeddable":true,"href":"https:\/\/www.3p-gmbh.de\/pt-br\/wp-json\/wp\/v2\/product_tag?post=94002"}],"curies":[{"name":"wp","href":"https:\/\/api.w.org\/{rel}","templated":true}]}}