{"id":93997,"date":"2019-07-11T13:56:20","date_gmt":"2019-07-11T13:56:20","guid":{"rendered":"https:\/\/www.3p-gmbh.de\/produkt\/maquina-de-dobrar-combinada-mbo-k-76-8-sktl-pd\/"},"modified":"2019-07-11T13:56:20","modified_gmt":"2019-07-11T13:56:20","slug":"maquina-de-dobragem-combinada-2","status":"publish","type":"product","link":"https:\/\/www.3p-gmbh.de\/pt-br\/produkt\/maquina-de-dobragem-combinada-2\/","title":{"rendered":"M\u00e1quina de dobrar combinada MBO K 76-8-SKTL-PD"},"content":{"rendered":"<ul>\n<li>Formato 76 x 120 cm<\/li>\n<li>Alimentador de paletes FP 76-120 com Vaculift e Vacubelt<\/li>\n<li>8 bolsas 76 cm de largura de alimenta\u00e7\u00e3o, veio cortador a jusante<\/li>\n<li>1 Espada<\/li>\n<li>1 saco deitado<\/li>\n<li>1 Espada<\/li>\n<li>1 bolso dobr\u00e1vel com janela com unidade de controlo e bolso falso<\/li>\n<\/ul>\n","protected":false},"excerpt":{"rendered":"<p>Formato 76 x 120 cm Alimentador de paletes FP 76-120 com Vaculift e Vacubelt 8 bolsas 76 cm de largura de alimenta\u00e7\u00e3o, veio cortador a jusante 1 Espada 1 saco deitado 1 Espada 1 bolso dobr\u00e1vel com janela com unidade de controlo e bolso falso<\/p>\n","protected":false},"featured_media":67200,"template":"","meta":[],"product_brand":[],"product_cat":[2979],"product_tag":[],"class_list":{"0":"post-93997","1":"product","2":"type-product","3":"status-publish","4":"has-post-thumbnail","6":"product_cat-maquinas-de-dobrar","7":"pa_baujahr-123","8":"pa_hersteller-mbo","9":"pa_typ-k-76-8-sktl-pd","11":"first","12":"instock","13":"sold-individually","14":"taxable","15":"shipping-taxable","16":"purchasable","17":"product-type-simple"},"jetpack_sharing_enabled":true,"_links":{"self":[{"href":"https:\/\/www.3p-gmbh.de\/pt-br\/wp-json\/wp\/v2\/product\/93997","targetHints":{"allow":["GET"]}}],"collection":[{"href":"https:\/\/www.3p-gmbh.de\/pt-br\/wp-json\/wp\/v2\/product"}],"about":[{"href":"https:\/\/www.3p-gmbh.de\/pt-br\/wp-json\/wp\/v2\/types\/product"}],"wp:featuredmedia":[{"embeddable":true,"href":"https:\/\/www.3p-gmbh.de\/pt-br\/wp-json\/wp\/v2\/media\/67200"}],"wp:attachment":[{"href":"https:\/\/www.3p-gmbh.de\/pt-br\/wp-json\/wp\/v2\/media?parent=93997"}],"wp:term":[{"taxonomy":"product_brand","embeddable":true,"href":"https:\/\/www.3p-gmbh.de\/pt-br\/wp-json\/wp\/v2\/product_brand?post=93997"},{"taxonomy":"product_cat","embeddable":true,"href":"https:\/\/www.3p-gmbh.de\/pt-br\/wp-json\/wp\/v2\/product_cat?post=93997"},{"taxonomy":"product_tag","embeddable":true,"href":"https:\/\/www.3p-gmbh.de\/pt-br\/wp-json\/wp\/v2\/product_tag?post=93997"}],"curies":[{"name":"wp","href":"https:\/\/api.w.org\/{rel}","templated":true}]}}