{"id":93995,"date":"2019-07-11T13:56:20","date_gmt":"2019-07-11T13:56:20","guid":{"rendered":"https:\/\/www.3p-gmbh.de\/produkt\/heidelberg-steel-t-32-2-dobrador-de-chapa-com-fivela-uf-32\/"},"modified":"2019-07-11T13:56:20","modified_gmt":"2019-07-11T13:56:20","slug":"maquina-de-dobrar-bolsos-20","status":"publish","type":"product","link":"https:\/\/www.3p-gmbh.de\/pt-br\/produkt\/maquina-de-dobrar-bolsos-20\/","title":{"rendered":"Heidelberg Steel T 32.2 &#8211; Dobrador de chapa com fivela UF 32"},"content":{"rendered":"<ul>\n<li>m\u00e1ximo. Formato: 32 x 45 cm<\/li>\n<li>min. Formato: 7 x 12 cm<\/li>\n<li>Alimentador de ch\u00e3o US 32<\/li>\n<li>1.Esta\u00e7\u00e3o 32 cm, 2 bolsos<\/li>\n<li>Entrega de pavilh\u00e3o ajust\u00e1vel SA 32 com a sua pr\u00f3pria unidade de acionamento<\/li>\n<li>Dispositivo de isolamento ac\u00fastico em cima e em baixo<\/li>\n<li>Bomba DV<\/li>\n<li>base m\u00f3vel<\/li>\n<li>segunda unidade de dobragem 32-2 com 2 bolsos e mesa de alinhamento<\/li>\n<\/ul>\n","protected":false},"excerpt":{"rendered":"<p>m\u00e1ximo. Formato: 32 x 45 cm min. Formato: 7 x 12 cm Alimentador de ch\u00e3o US 32 1.Esta\u00e7\u00e3o 32 cm, 2 bolsos Entrega de pavilh\u00e3o ajust\u00e1vel SA 32 com a sua pr\u00f3pria unidade de acionamento Dispositivo de isolamento ac\u00fastico em cima e em baixo Bomba DV base m\u00f3vel segunda unidade de dobragem 32-2 com 2 [&hellip;]<\/p>\n","protected":false},"featured_media":67188,"template":"","meta":[],"product_brand":[],"product_cat":[2979],"product_tag":[],"class_list":{"0":"post-93995","1":"product","2":"type-product","3":"status-publish","4":"has-post-thumbnail","6":"product_cat-maquinas-de-dobrar","7":"pa_baujahr-133","8":"pa_hersteller-stahl","9":"pa_typ-t-32-2-uf-32","11":"first","12":"instock","13":"sold-individually","14":"taxable","15":"shipping-taxable","16":"purchasable","17":"product-type-simple"},"jetpack_sharing_enabled":true,"_links":{"self":[{"href":"https:\/\/www.3p-gmbh.de\/pt-br\/wp-json\/wp\/v2\/product\/93995","targetHints":{"allow":["GET"]}}],"collection":[{"href":"https:\/\/www.3p-gmbh.de\/pt-br\/wp-json\/wp\/v2\/product"}],"about":[{"href":"https:\/\/www.3p-gmbh.de\/pt-br\/wp-json\/wp\/v2\/types\/product"}],"wp:featuredmedia":[{"embeddable":true,"href":"https:\/\/www.3p-gmbh.de\/pt-br\/wp-json\/wp\/v2\/media\/67188"}],"wp:attachment":[{"href":"https:\/\/www.3p-gmbh.de\/pt-br\/wp-json\/wp\/v2\/media?parent=93995"}],"wp:term":[{"taxonomy":"product_brand","embeddable":true,"href":"https:\/\/www.3p-gmbh.de\/pt-br\/wp-json\/wp\/v2\/product_brand?post=93995"},{"taxonomy":"product_cat","embeddable":true,"href":"https:\/\/www.3p-gmbh.de\/pt-br\/wp-json\/wp\/v2\/product_cat?post=93995"},{"taxonomy":"product_tag","embeddable":true,"href":"https:\/\/www.3p-gmbh.de\/pt-br\/wp-json\/wp\/v2\/product_tag?post=93995"}],"curies":[{"name":"wp","href":"https:\/\/api.w.org\/{rel}","templated":true}]}}