{"id":93983,"date":"2019-07-11T13:56:20","date_gmt":"2019-07-11T13:56:20","guid":{"rendered":"https:\/\/www.3p-gmbh.de\/produkt\/mbo-b-30-76-4-segunda-unidade-de-dobragem-da-placa-da-fivela-de-fecho\/"},"modified":"2019-07-11T13:56:20","modified_gmt":"2019-07-11T13:56:20","slug":"unidade-de-dobragem-do-segundo-bolso","status":"publish","type":"product","link":"https:\/\/www.3p-gmbh.de\/pt-br\/produkt\/unidade-de-dobragem-do-segundo-bolso\/","title":{"rendered":"MBO B 30-76-4 segunda unidade de dobragem da placa da fivela de fecho"},"content":{"rendered":"<ul>\n<li>4 bolsas dobr\u00e1veis combinadas Largura de alimenta\u00e7\u00e3o 76 cm<\/li>\n<li>Prote\u00e7\u00e3o contra o ru\u00eddo<\/li>\n<li>bloco de corte a jusante<\/li>\n<\/ul>\n","protected":false},"excerpt":{"rendered":"<p>4 bolsas dobr\u00e1veis combinadas Largura de alimenta\u00e7\u00e3o 76 cm Prote\u00e7\u00e3o contra o ru\u00eddo bloco de corte a jusante<\/p>\n","protected":false},"featured_media":67224,"template":"","meta":[],"product_brand":[],"product_cat":[2912],"product_tag":[],"class_list":{"0":"post-93983","1":"product","2":"type-product","3":"status-publish","4":"has-post-thumbnail","6":"product_cat-unidades-de-dobragem","7":"pa_baujahr-143","8":"pa_hersteller-mbo","9":"pa_typ-b-30-76-4","11":"first","12":"instock","13":"sold-individually","14":"taxable","15":"shipping-taxable","16":"purchasable","17":"product-type-simple"},"jetpack_sharing_enabled":true,"_links":{"self":[{"href":"https:\/\/www.3p-gmbh.de\/pt-br\/wp-json\/wp\/v2\/product\/93983","targetHints":{"allow":["GET"]}}],"collection":[{"href":"https:\/\/www.3p-gmbh.de\/pt-br\/wp-json\/wp\/v2\/product"}],"about":[{"href":"https:\/\/www.3p-gmbh.de\/pt-br\/wp-json\/wp\/v2\/types\/product"}],"wp:featuredmedia":[{"embeddable":true,"href":"https:\/\/www.3p-gmbh.de\/pt-br\/wp-json\/wp\/v2\/media\/67224"}],"wp:attachment":[{"href":"https:\/\/www.3p-gmbh.de\/pt-br\/wp-json\/wp\/v2\/media?parent=93983"}],"wp:term":[{"taxonomy":"product_brand","embeddable":true,"href":"https:\/\/www.3p-gmbh.de\/pt-br\/wp-json\/wp\/v2\/product_brand?post=93983"},{"taxonomy":"product_cat","embeddable":true,"href":"https:\/\/www.3p-gmbh.de\/pt-br\/wp-json\/wp\/v2\/product_cat?post=93983"},{"taxonomy":"product_tag","embeddable":true,"href":"https:\/\/www.3p-gmbh.de\/pt-br\/wp-json\/wp\/v2\/product_tag?post=93983"}],"curies":[{"name":"wp","href":"https:\/\/api.w.org\/{rel}","templated":true}]}}