{"id":93932,"date":"2019-07-11T13:55:38","date_gmt":"2019-07-11T13:55:38","guid":{"rendered":"https:\/\/www.3p-gmbh.de\/produkt\/heidelberg-stahl-dispositivo-de-pre-ajuste-para-eixos-de-corte\/"},"modified":"2019-07-11T13:55:38","modified_gmt":"2019-07-11T13:55:38","slug":"dispositivo-de-pre-ajuste-para","status":"publish","type":"product","link":"https:\/\/www.3p-gmbh.de\/pt-br\/produkt\/dispositivo-de-pre-ajuste-para\/","title":{"rendered":"Heidelberg \/ Stahl Dispositivo de pr\u00e9-ajuste para eixos de corte"},"content":{"rendered":"<ul>\n<li>Dispositivo m\u00f3vel de pr\u00e9-ajuste para eixos de corte fora da m\u00e1quina de dobragem<\/li>\n<li>para uma largura de trabalho at\u00e9 112 cm<\/li>\n<\/ul>\n","protected":false},"excerpt":{"rendered":"<p>Dispositivo m\u00f3vel de pr\u00e9-ajuste para eixos de corte fora da m\u00e1quina de dobragem para uma largura de trabalho at\u00e9 112 cm<\/p>\n","protected":false},"featured_media":66567,"template":"","meta":[],"product_brand":[],"product_cat":[2882],"product_tag":[],"class_list":{"0":"post-93932","1":"product","2":"type-product","3":"status-publish","4":"has-post-thumbnail","6":"product_cat-acessorios-para-maquinas-de-dobrar","7":"pa_baujahr-205","8":"pa_hersteller-heidelberg-stahl","9":"pa_typ-voreinstelleinrichtung-fuermesserwellen","11":"first","12":"instock","13":"sold-individually","14":"taxable","15":"shipping-taxable","16":"purchasable","17":"product-type-simple"},"jetpack_sharing_enabled":true,"_links":{"self":[{"href":"https:\/\/www.3p-gmbh.de\/pt-br\/wp-json\/wp\/v2\/product\/93932","targetHints":{"allow":["GET"]}}],"collection":[{"href":"https:\/\/www.3p-gmbh.de\/pt-br\/wp-json\/wp\/v2\/product"}],"about":[{"href":"https:\/\/www.3p-gmbh.de\/pt-br\/wp-json\/wp\/v2\/types\/product"}],"wp:featuredmedia":[{"embeddable":true,"href":"https:\/\/www.3p-gmbh.de\/pt-br\/wp-json\/wp\/v2\/media\/66567"}],"wp:attachment":[{"href":"https:\/\/www.3p-gmbh.de\/pt-br\/wp-json\/wp\/v2\/media?parent=93932"}],"wp:term":[{"taxonomy":"product_brand","embeddable":true,"href":"https:\/\/www.3p-gmbh.de\/pt-br\/wp-json\/wp\/v2\/product_brand?post=93932"},{"taxonomy":"product_cat","embeddable":true,"href":"https:\/\/www.3p-gmbh.de\/pt-br\/wp-json\/wp\/v2\/product_cat?post=93932"},{"taxonomy":"product_tag","embeddable":true,"href":"https:\/\/www.3p-gmbh.de\/pt-br\/wp-json\/wp\/v2\/product_tag?post=93932"}],"curies":[{"name":"wp","href":"https:\/\/api.w.org\/{rel}","templated":true}]}}