{"id":93928,"date":"2019-07-11T13:55:38","date_gmt":"2019-07-11T13:55:38","guid":{"rendered":"https:\/\/www.3p-gmbh.de\/produkt\/heidelberg-stahl-ti-52-6-kbk-fi-sak-56-maquina-de-dobrar-chapa-com-fivela\/"},"modified":"2019-07-11T13:55:38","modified_gmt":"2019-07-11T13:55:38","slug":"maquina-de-dobrar-seis-bolsos","status":"publish","type":"product","link":"https:\/\/www.3p-gmbh.de\/pt-br\/produkt\/maquina-de-dobrar-seis-bolsos\/","title":{"rendered":"Heidelberg \/ Stahl Ti 52-6-KBK-Fi-SAK 56 m\u00e1quina de dobrar chapa com fivela"},"content":{"rendered":"<ul>\n<li>Formato 52 x 84cm<\/li>\n<li>Controlo DCT<\/li>\n<li>Alimentador de estacas planas Fi 52 com Tremat<\/li>\n<li>1. movimento 4 bolsas 52cm e cabe\u00e7a de corte a jusante<\/li>\n<li>2) Hook-in cross break KBK<\/li>\n<li>1 entrega de pavilh\u00e3o m\u00f3vel SAK 56<\/li>\n<li>como op\u00e7\u00e3o 1 Bomba DV KTA 80<\/li>\n<\/ul>\n","protected":false},"excerpt":{"rendered":"<p>Formato 52 x 84cm Controlo DCT Alimentador de estacas planas Fi 52 com Tremat 1. movimento 4 bolsas 52cm e cabe\u00e7a de corte a jusante 2) Hook-in cross break KBK 1 entrega de pavilh\u00e3o m\u00f3vel SAK 56 como op\u00e7\u00e3o 1 Bomba DV KTA 80<\/p>\n","protected":false},"featured_media":66573,"template":"","meta":[],"product_brand":[],"product_cat":[2979],"product_tag":[],"class_list":{"0":"post-93928","1":"product","2":"type-product","3":"status-publish","4":"has-post-thumbnail","6":"product_cat-maquinas-de-dobrar","7":"pa_baujahr-198","8":"pa_hersteller-heidelberg-stahl","9":"pa_typ-stahlfolder-ti-52-6-kbk-fi-sak-56","11":"first","12":"instock","13":"sold-individually","14":"taxable","15":"shipping-taxable","16":"purchasable","17":"product-type-simple"},"jetpack_sharing_enabled":true,"_links":{"self":[{"href":"https:\/\/www.3p-gmbh.de\/pt-br\/wp-json\/wp\/v2\/product\/93928","targetHints":{"allow":["GET"]}}],"collection":[{"href":"https:\/\/www.3p-gmbh.de\/pt-br\/wp-json\/wp\/v2\/product"}],"about":[{"href":"https:\/\/www.3p-gmbh.de\/pt-br\/wp-json\/wp\/v2\/types\/product"}],"wp:featuredmedia":[{"embeddable":true,"href":"https:\/\/www.3p-gmbh.de\/pt-br\/wp-json\/wp\/v2\/media\/66573"}],"wp:attachment":[{"href":"https:\/\/www.3p-gmbh.de\/pt-br\/wp-json\/wp\/v2\/media?parent=93928"}],"wp:term":[{"taxonomy":"product_brand","embeddable":true,"href":"https:\/\/www.3p-gmbh.de\/pt-br\/wp-json\/wp\/v2\/product_brand?post=93928"},{"taxonomy":"product_cat","embeddable":true,"href":"https:\/\/www.3p-gmbh.de\/pt-br\/wp-json\/wp\/v2\/product_cat?post=93928"},{"taxonomy":"product_tag","embeddable":true,"href":"https:\/\/www.3p-gmbh.de\/pt-br\/wp-json\/wp\/v2\/product_tag?post=93928"}],"curies":[{"name":"wp","href":"https:\/\/api.w.org\/{rel}","templated":true}]}}