{"id":93917,"date":"2019-07-11T13:55:48","date_gmt":"2019-07-11T13:55:48","guid":{"rendered":"https:\/\/www.3p-gmbh.de\/produkt\/bograma-sab-750-entrega-multibolsos\/"},"modified":"2019-07-11T13:55:48","modified_gmt":"2019-07-11T13:55:48","slug":"ecra-multifuncoes","status":"publish","type":"product","link":"https:\/\/www.3p-gmbh.de\/pt-br\/produkt\/ecra-multifuncoes\/","title":{"rendered":"Bograma SAB 750 entrega multibolsos"},"content":{"rendered":"<ul>\n<li>Entrega em galp\u00e3o, utilizada em produ\u00e7\u00f5es com v\u00e1rios bolsos<\/li>\n<li>Os formatos de A3 a um m\u00ednimo de 30 x 30 mm podem ser dispostos em offset no fluxo de telhas.<\/li>\n<li>Largura de alimenta\u00e7\u00e3o de 750 mm com correia de alimenta\u00e7\u00e3o redonda para uma transfer\u00eancia optimizada do produto<\/li>\n<li>Correias superiores accionadas com tapete de transporte independente do formato<\/li>\n<li>Contadores predefinidos e totais<\/li>\n<li>Regula\u00e7\u00e3o motorizada da altura<\/li>\n<li>Largura de trabalho m\u00e1x. m\u00e1ximo. 750 mm<\/li>\n<li>Regula\u00e7\u00e3o motorizada da altura, 690 a 950 mm<\/li>\n<li>Entrada com correia redonda<\/li>\n<li>Velocidade 20 &#8211; 200 m\/min., ajust\u00e1vel<\/li>\n<li>O cinto de calhaus pode ser baixado 40 mm at\u00e9 \u00e0 entrada<\/li>\n<li>Correias superiores 8 pe\u00e7as, 35 mm, accionadas<\/li>\n<li>Escala 10 &#8211; 100 mm<\/li>\n<li>Contadores predefinidos e totais<\/li>\n<li>Desloca\u00e7\u00e3o da telha 0 &#8211; 40 mm ou avan\u00e7o por salto, convert\u00edvel<\/li>\n<li>Espa\u00e7o necess\u00e1rio 2050 x 1050 mm<\/li>\n<\/ul>\n","protected":false},"excerpt":{"rendered":"<p>Entrega em galp\u00e3o, utilizada em produ\u00e7\u00f5es com v\u00e1rios bolsos Os formatos de A3 a um m\u00ednimo de 30 x 30 mm podem ser dispostos em offset no fluxo de telhas. Largura de alimenta\u00e7\u00e3o de 750 mm com correia de alimenta\u00e7\u00e3o redonda para uma transfer\u00eancia optimizada do produto Correias superiores accionadas com tapete de transporte independente [&hellip;]<\/p>\n","protected":false},"featured_media":66597,"template":"","meta":[],"product_brand":[],"product_cat":[2919],"product_tag":[],"class_list":{"0":"post-93917","1":"product","2":"type-product","3":"status-publish","4":"has-post-thumbnail","6":"product_cat-despesas","7":"pa_baujahr-198","8":"pa_hersteller-bochsler","9":"pa_typ-bograma-sab-750","11":"first","12":"instock","13":"sold-individually","14":"taxable","15":"shipping-taxable","16":"purchasable","17":"product-type-simple"},"jetpack_sharing_enabled":true,"_links":{"self":[{"href":"https:\/\/www.3p-gmbh.de\/pt-br\/wp-json\/wp\/v2\/product\/93917","targetHints":{"allow":["GET"]}}],"collection":[{"href":"https:\/\/www.3p-gmbh.de\/pt-br\/wp-json\/wp\/v2\/product"}],"about":[{"href":"https:\/\/www.3p-gmbh.de\/pt-br\/wp-json\/wp\/v2\/types\/product"}],"wp:featuredmedia":[{"embeddable":true,"href":"https:\/\/www.3p-gmbh.de\/pt-br\/wp-json\/wp\/v2\/media\/66597"}],"wp:attachment":[{"href":"https:\/\/www.3p-gmbh.de\/pt-br\/wp-json\/wp\/v2\/media?parent=93917"}],"wp:term":[{"taxonomy":"product_brand","embeddable":true,"href":"https:\/\/www.3p-gmbh.de\/pt-br\/wp-json\/wp\/v2\/product_brand?post=93917"},{"taxonomy":"product_cat","embeddable":true,"href":"https:\/\/www.3p-gmbh.de\/pt-br\/wp-json\/wp\/v2\/product_cat?post=93917"},{"taxonomy":"product_tag","embeddable":true,"href":"https:\/\/www.3p-gmbh.de\/pt-br\/wp-json\/wp\/v2\/product_tag?post=93917"}],"curies":[{"name":"wp","href":"https:\/\/api.w.org\/{rel}","templated":true}]}}