{"id":93907,"date":"2019-07-11T13:55:48","date_gmt":"2019-07-11T13:55:48","guid":{"rendered":"https:\/\/www.3p-gmbh.de\/produkt\/maquina-de-dobragem-digital-morgana-autofold-pro\/"},"modified":"2019-07-11T13:55:48","modified_gmt":"2019-07-11T13:55:48","slug":"maquina-de-dobragem-digital","status":"publish","type":"product","link":"https:\/\/www.3p-gmbh.de\/pt-br\/produkt\/maquina-de-dobragem-digital\/","title":{"rendered":"M\u00e1quina de dobragem digital Morgana Autofold Pro"},"content":{"rendered":"<p>O parceiro ideal para uma m\u00e1quina de vincar! A AutoFold Pro \u00e9 uma m\u00e1quina de dobragem aut\u00f3noma, totalmente autom\u00e1tica, para utilizadores que j\u00e1 possuem uma m\u00e1quina de vincar\/perfurar em funcionamento. Pode ser ligada em linha com muitos modelos de m\u00e1quinas de vincar \/ perfurar. Pode tratar folhas com gramagens at\u00e9 400 g\/m\u00b2.<\/p>\n<p>Um tapete rolante de altura regul\u00e1vel permite a transi\u00e7\u00e3o para uma m\u00e1quina de vincar\/perfurar. Assume o controlo dos arcos e alinha-os. Em vez das habituais placas de fivela, o AutoFold Pro utiliza uma faca de dobragem controlada eletronicamente (&#8220;Flying Knife&#8221;). Um comutador de folhas din\u00e2mico s\u00f3 entra em contacto com o bordo de ataque do papel. Isto evita marcas e riscos no material. O resultado \u00e9 um produto final perfeito com uma dobra bem definida. As folhas acabadas s\u00e3o depositadas num tabuleiro de telha com uma grande capacidade de reten\u00e7\u00e3o. A AutoFold Pro est\u00e1 equipada com um ecr\u00e3 t\u00e1til a cores para um controlo completo, programa\u00e7\u00e3o e gest\u00e3o da mem\u00f3ria de trabalho da m\u00e1quina.<\/p>\n<ul>\n<li>Tamanhos de papel: m\u00edn. 160 x 140 mm m\u00e1x. 600 x 385 mm<\/li>\n<li>Folha at\u00e9 400 g\/ m2<\/li>\n<li>Ajuste autom\u00e1tico da dobra<\/li>\n<li>Funcionamento atrav\u00e9s do ecr\u00e3 t\u00e1til a cores<\/li>\n<li>99 mem\u00f3ria de programas<\/li>\n<\/ul>\n","protected":false},"excerpt":{"rendered":"<p>O parceiro ideal para uma m\u00e1quina de vincar! A AutoFold Pro \u00e9 uma m\u00e1quina de dobragem aut\u00f3noma, totalmente autom\u00e1tica, para utilizadores que j\u00e1 possuem uma m\u00e1quina de vincar\/perfurar em funcionamento. Pode ser ligada em linha com muitos modelos de m\u00e1quinas de vincar \/ perfurar. Pode tratar folhas com gramagens at\u00e9 400 g\/m\u00b2. Um tapete rolante [&hellip;]<\/p>\n","protected":false},"featured_media":66621,"template":"","meta":[],"product_brand":[],"product_cat":[2979],"product_tag":[],"class_list":{"0":"post-93907","1":"product","2":"type-product","3":"status-publish","4":"has-post-thumbnail","6":"product_cat-maquinas-de-dobrar","7":"pa_baujahr-145","8":"pa_hersteller-morgana","9":"pa_typ-autofold-pro","11":"first","12":"instock","13":"sold-individually","14":"taxable","15":"shipping-taxable","16":"purchasable","17":"product-type-simple"},"jetpack_sharing_enabled":true,"_links":{"self":[{"href":"https:\/\/www.3p-gmbh.de\/pt-br\/wp-json\/wp\/v2\/product\/93907","targetHints":{"allow":["GET"]}}],"collection":[{"href":"https:\/\/www.3p-gmbh.de\/pt-br\/wp-json\/wp\/v2\/product"}],"about":[{"href":"https:\/\/www.3p-gmbh.de\/pt-br\/wp-json\/wp\/v2\/types\/product"}],"wp:featuredmedia":[{"embeddable":true,"href":"https:\/\/www.3p-gmbh.de\/pt-br\/wp-json\/wp\/v2\/media\/66621"}],"wp:attachment":[{"href":"https:\/\/www.3p-gmbh.de\/pt-br\/wp-json\/wp\/v2\/media?parent=93907"}],"wp:term":[{"taxonomy":"product_brand","embeddable":true,"href":"https:\/\/www.3p-gmbh.de\/pt-br\/wp-json\/wp\/v2\/product_brand?post=93907"},{"taxonomy":"product_cat","embeddable":true,"href":"https:\/\/www.3p-gmbh.de\/pt-br\/wp-json\/wp\/v2\/product_cat?post=93907"},{"taxonomy":"product_tag","embeddable":true,"href":"https:\/\/www.3p-gmbh.de\/pt-br\/wp-json\/wp\/v2\/product_tag?post=93907"}],"curies":[{"name":"wp","href":"https:\/\/api.w.org\/{rel}","templated":true}]}}