{"id":93900,"date":"2019-07-11T13:55:48","date_gmt":"2019-07-11T13:55:48","guid":{"rendered":"https:\/\/www.3p-gmbh.de\/produkt\/saco-dobravel-com-janela-heidelberg-aco-ffp-94\/"},"modified":"2019-07-11T13:55:48","modified_gmt":"2019-07-11T13:55:48","slug":"dobra-do-altar","status":"publish","type":"product","link":"https:\/\/www.3p-gmbh.de\/pt-br\/produkt\/dobra-do-altar\/","title":{"rendered":"Saco dobr\u00e1vel com janela Heidelberg \/ a\u00e7o FFP 94"},"content":{"rendered":"<ul>\n<li>Bolsa pneum\u00e1tica com fecho de correr 94 cm<\/li>\n<li>com unidade de controlo Acc 2.x e sensor Omron adequado para m\u00e1quinas de dobrar em a\u00e7o<\/li>\n<li>Controlo digital com ACC 2.4 para determina\u00e7\u00e3o exacta dos tempos de comuta\u00e7\u00e3o<\/li>\n<li>Funcionamento simples, tempo de regula\u00e7\u00e3o curto<\/li>\n<li>Possibilidade de at\u00e9 15.000 ciclos por hora em funcionamento cont\u00ednuo<\/li>\n<li>Espa\u00e7amento m\u00ednimo entre as abas de 0,5-1 mil\u00edmetro, consoante a espessura do papel<\/li>\n<li>Design particularmente plano, utiliza\u00e7\u00e3o em qualquer posi\u00e7\u00e3o do bolso<\/li>\n<\/ul>\n","protected":false},"excerpt":{"rendered":"<p>Bolsa pneum\u00e1tica com fecho de correr 94 cm com unidade de controlo Acc 2.x e sensor Omron adequado para m\u00e1quinas de dobrar em a\u00e7o Controlo digital com ACC 2.4 para determina\u00e7\u00e3o exacta dos tempos de comuta\u00e7\u00e3o Funcionamento simples, tempo de regula\u00e7\u00e3o curto Possibilidade de at\u00e9 15.000 ciclos por hora em funcionamento cont\u00ednuo Espa\u00e7amento m\u00ednimo entre [&hellip;]<\/p>\n","protected":false},"featured_media":66627,"template":"","meta":[],"product_brand":[],"product_cat":[2882],"product_tag":[],"class_list":{"0":"post-93900","1":"product","2":"type-product","3":"status-publish","4":"has-post-thumbnail","6":"product_cat-acessorios-para-maquinas-de-dobrar","7":"pa_baujahr-153","8":"pa_hersteller-heidelberg-stahl","9":"pa_typ-pneumatische-fensterfalztasche-ffp-94","11":"first","12":"instock","13":"sold-individually","14":"taxable","15":"shipping-taxable","16":"purchasable","17":"product-type-simple"},"jetpack_sharing_enabled":true,"_links":{"self":[{"href":"https:\/\/www.3p-gmbh.de\/pt-br\/wp-json\/wp\/v2\/product\/93900","targetHints":{"allow":["GET"]}}],"collection":[{"href":"https:\/\/www.3p-gmbh.de\/pt-br\/wp-json\/wp\/v2\/product"}],"about":[{"href":"https:\/\/www.3p-gmbh.de\/pt-br\/wp-json\/wp\/v2\/types\/product"}],"wp:featuredmedia":[{"embeddable":true,"href":"https:\/\/www.3p-gmbh.de\/pt-br\/wp-json\/wp\/v2\/media\/66627"}],"wp:attachment":[{"href":"https:\/\/www.3p-gmbh.de\/pt-br\/wp-json\/wp\/v2\/media?parent=93900"}],"wp:term":[{"taxonomy":"product_brand","embeddable":true,"href":"https:\/\/www.3p-gmbh.de\/pt-br\/wp-json\/wp\/v2\/product_brand?post=93900"},{"taxonomy":"product_cat","embeddable":true,"href":"https:\/\/www.3p-gmbh.de\/pt-br\/wp-json\/wp\/v2\/product_cat?post=93900"},{"taxonomy":"product_tag","embeddable":true,"href":"https:\/\/www.3p-gmbh.de\/pt-br\/wp-json\/wp\/v2\/product_tag?post=93900"}],"curies":[{"name":"wp","href":"https:\/\/api.w.org\/{rel}","templated":true}]}}