{"id":93886,"date":"2019-07-11T13:55:48","date_gmt":"2019-07-11T13:55:48","guid":{"rendered":"https:\/\/www.3p-gmbh.de\/produkt\/mbo-t-800-6-6-r-dobrador-de-placa-de-fivela\/"},"modified":"2019-07-11T13:55:48","modified_gmt":"2019-07-11T13:55:48","slug":"maquina-de-dobrar-bolsos-10","status":"publish","type":"product","link":"https:\/\/www.3p-gmbh.de\/pt-br\/produkt\/maquina-de-dobrar-bolsos-10\/","title":{"rendered":"MBO T 800-6-6-R dobrador de placa de fivela"},"content":{"rendered":"<ul>\n<li>com ASP 66 ME e HHS Watersoring<\/li>\n<li>Alimentador de pilha redonda de alimenta\u00e7\u00e3o dupla com MC Kontrol e sistema de alimenta\u00e7\u00e3o de folhas Vivas atrav\u00e9s de correias de suc\u00e7\u00e3o<\/li>\n<li>Unidade de dobragem 1, 6 bolsas de 78 cm, cassete de eixo cortador \u00fanico, rolos de dobragem Niro Woring, 3x Tricraeser Fit<\/li>\n<li>Unidade de dobragem 2, 6 bolsas de 76 cm, rolos de dobragem ViroTec a jusante do eixo de corte<\/li>\n<li>Sistema HHS Watersorings em carrinho de transporte com dep\u00f3sito de 15 litros, 4 bicos DW-502 e controlo de canal HHS XT-E4 (sem o sistema hotmelt apresentado)<\/li>\n<li>Bolsa dobr\u00e1vel com janela WinPlate<\/li>\n<li>Prensa de sobreposi\u00e7\u00e3o de entrega MBO ASP 66 ME com dispositivo de marca\u00e7\u00e3o<\/li>\n<\/ul>\n","protected":false},"excerpt":{"rendered":"<p>com ASP 66 ME e HHS Watersoring Alimentador de pilha redonda de alimenta\u00e7\u00e3o dupla com MC Kontrol e sistema de alimenta\u00e7\u00e3o de folhas Vivas atrav\u00e9s de correias de suc\u00e7\u00e3o Unidade de dobragem 1, 6 bolsas de 78 cm, cassete de eixo cortador \u00fanico, rolos de dobragem Niro Woring, 3x Tricraeser Fit Unidade de dobragem 2, [&hellip;]<\/p>\n","protected":false},"featured_media":66669,"template":"","meta":[],"product_brand":[],"product_cat":[2979],"product_tag":[],"class_list":{"0":"post-93886","1":"product","2":"type-product","3":"status-publish","4":"has-post-thumbnail","6":"product_cat-maquinas-de-dobrar","7":"pa_baujahr-137","8":"pa_hersteller-mbo","9":"pa_typ-mbo-t-800-6-6-r-mit-asp-66-me","11":"first","12":"instock","13":"sold-individually","14":"taxable","15":"shipping-taxable","16":"purchasable","17":"product-type-simple"},"jetpack_sharing_enabled":true,"_links":{"self":[{"href":"https:\/\/www.3p-gmbh.de\/pt-br\/wp-json\/wp\/v2\/product\/93886","targetHints":{"allow":["GET"]}}],"collection":[{"href":"https:\/\/www.3p-gmbh.de\/pt-br\/wp-json\/wp\/v2\/product"}],"about":[{"href":"https:\/\/www.3p-gmbh.de\/pt-br\/wp-json\/wp\/v2\/types\/product"}],"wp:featuredmedia":[{"embeddable":true,"href":"https:\/\/www.3p-gmbh.de\/pt-br\/wp-json\/wp\/v2\/media\/66669"}],"wp:attachment":[{"href":"https:\/\/www.3p-gmbh.de\/pt-br\/wp-json\/wp\/v2\/media?parent=93886"}],"wp:term":[{"taxonomy":"product_brand","embeddable":true,"href":"https:\/\/www.3p-gmbh.de\/pt-br\/wp-json\/wp\/v2\/product_brand?post=93886"},{"taxonomy":"product_cat","embeddable":true,"href":"https:\/\/www.3p-gmbh.de\/pt-br\/wp-json\/wp\/v2\/product_cat?post=93886"},{"taxonomy":"product_tag","embeddable":true,"href":"https:\/\/www.3p-gmbh.de\/pt-br\/wp-json\/wp\/v2\/product_tag?post=93886"}],"curies":[{"name":"wp","href":"https:\/\/api.w.org\/{rel}","templated":true}]}}