{"id":93882,"date":"2019-07-11T13:55:48","date_gmt":"2019-07-11T13:55:48","guid":{"rendered":"https:\/\/www.3p-gmbh.de\/produkt\/mbo-t-800-6-4-2-fp-pasta-de-32-paginas-para-placas-de-fivelas\/"},"modified":"2019-07-11T13:55:48","modified_gmt":"2019-07-11T13:55:48","slug":"dobradeira-de-chapa-com-fivela-para-32-paginas","status":"publish","type":"product","link":"https:\/\/www.3p-gmbh.de\/pt-br\/produkt\/dobradeira-de-chapa-com-fivela-para-32-paginas\/","title":{"rendered":"MBO T 800-6-4-2-FP Pasta de 32 p\u00e1ginas para placas de fivelas"},"content":{"rendered":"<ul>\n<li>Dobrador de placas com fivela de combina\u00e7\u00e3o ajust\u00e1vel semi-autom\u00e1tico<\/li>\n<li>Alimentador de paletes FP 800.1-95 com Vaculift e controlo do navegador<\/li>\n<li>FW 1 com 6 bolsos regul\u00e1veis pelo motor 76cm<\/li>\n<li>FW 2 com guias HighSpeed, 4 bolsos regul\u00e1veis por motor 76cm<\/li>\n<li>FW 3 com guias HighSpeed, 2 bolsos regul\u00e1veis por motor 56cm<\/li>\n<li>Bolso dobr\u00e1vel com janela<\/li>\n<li>trav\u00e3o de m\u00e3o m\u00f3vel MBO Z2<\/li>\n<li>Entrega de arcos verticais com prensagem MBO FA 82-ME Navigator<\/li>\n<li>M\u00f3vel e regul\u00e1vel em altura<\/li>\n<li>Largura de trabalho 82 cm<\/li>\n<li>Esta\u00e7\u00e3o de prensagem integrada<\/li>\n<li>Dispositivo de marca\u00e7\u00e3o com contador de pr\u00e9-sele\u00e7\u00e3o<\/li>\n<\/ul>\n","protected":false},"excerpt":{"rendered":"<p>Dobrador de placas com fivela de combina\u00e7\u00e3o ajust\u00e1vel semi-autom\u00e1tico Alimentador de paletes FP 800.1-95 com Vaculift e controlo do navegador FW 1 com 6 bolsos regul\u00e1veis pelo motor 76cm FW 2 com guias HighSpeed, 4 bolsos regul\u00e1veis por motor 76cm FW 3 com guias HighSpeed, 2 bolsos regul\u00e1veis por motor 56cm Bolso dobr\u00e1vel com janela [&hellip;]<\/p>\n","protected":false},"featured_media":66651,"template":"","meta":[],"product_brand":[],"product_cat":[2979],"product_tag":[],"class_list":{"0":"post-93882","1":"product","2":"type-product","3":"status-publish","4":"has-post-thumbnail","6":"product_cat-maquinas-de-dobrar","7":"pa_baujahr-182","8":"pa_hersteller-mbo-oppenweiler","9":"pa_typ-t-800-6-4-2-fp-auto-navigator-z2","11":"first","12":"instock","13":"sold-individually","14":"taxable","15":"shipping-taxable","16":"purchasable","17":"product-type-simple"},"jetpack_sharing_enabled":true,"_links":{"self":[{"href":"https:\/\/www.3p-gmbh.de\/pt-br\/wp-json\/wp\/v2\/product\/93882","targetHints":{"allow":["GET"]}}],"collection":[{"href":"https:\/\/www.3p-gmbh.de\/pt-br\/wp-json\/wp\/v2\/product"}],"about":[{"href":"https:\/\/www.3p-gmbh.de\/pt-br\/wp-json\/wp\/v2\/types\/product"}],"wp:featuredmedia":[{"embeddable":true,"href":"https:\/\/www.3p-gmbh.de\/pt-br\/wp-json\/wp\/v2\/media\/66651"}],"wp:attachment":[{"href":"https:\/\/www.3p-gmbh.de\/pt-br\/wp-json\/wp\/v2\/media?parent=93882"}],"wp:term":[{"taxonomy":"product_brand","embeddable":true,"href":"https:\/\/www.3p-gmbh.de\/pt-br\/wp-json\/wp\/v2\/product_brand?post=93882"},{"taxonomy":"product_cat","embeddable":true,"href":"https:\/\/www.3p-gmbh.de\/pt-br\/wp-json\/wp\/v2\/product_cat?post=93882"},{"taxonomy":"product_tag","embeddable":true,"href":"https:\/\/www.3p-gmbh.de\/pt-br\/wp-json\/wp\/v2\/product_tag?post=93882"}],"curies":[{"name":"wp","href":"https:\/\/api.w.org\/{rel}","templated":true}]}}