{"id":93878,"date":"2019-07-11T13:55:48","date_gmt":"2019-07-11T13:55:48","guid":{"rendered":"https:\/\/www.3p-gmbh.de\/produkt\/baeuerle-cas-52-4-fl50-sa-maquina-automatica-para-dobrar-chapas-com-fivela\/"},"modified":"2019-07-11T13:55:48","modified_gmt":"2019-07-11T13:55:48","slug":"maquina-de-dobrar-carteiras-automatica-2","status":"publish","type":"product","link":"https:\/\/www.3p-gmbh.de\/pt-br\/produkt\/maquina-de-dobrar-carteiras-automatica-2\/","title":{"rendered":"B\u00e4uerle CAS 52-4-FL50 SA m\u00e1quina autom\u00e1tica para dobrar chapas com fivela"},"content":{"rendered":"<ul>\n<li>m\u00e1quina de dobrar chapas com 4 fivelas de regula\u00e7\u00e3o autom\u00e1tica<\/li>\n<li>Ano de fabrico 2010<\/li>\n<li>Alimentador e entrega automaticamente ajust\u00e1veis<\/li>\n<li>Contadores de circula\u00e7\u00e3o e de pr\u00e9-sele\u00e7\u00e3o<\/li>\n<li>Controlo de folha dupla<\/li>\n<li>R\u00e9guas e bolsos das unidades de dobragem automaticamente ajust\u00e1veis<\/li>\n<li>Espa\u00e7amento dos rolos de dobragem automaticamente ajust\u00e1vel<\/li>\n<li>Alimentador de estacas planas FL 50-2<\/li>\n<li>Formato: m\u00edn. 10x12cm, m\u00e1x. 52&#215;85 cm<\/li>\n<li>1.Work 4 bolsas 52cm, cabe\u00e7a de corte a jusante<\/li>\n<li>entrega de barracas motorizadas<\/li>\n<li>Capotas de isolamento ac\u00fastico<\/li>\n<\/ul>\n","protected":false},"excerpt":{"rendered":"<p>m\u00e1quina de dobrar chapas com 4 fivelas de regula\u00e7\u00e3o autom\u00e1tica Ano de fabrico 2010 Alimentador e entrega automaticamente ajust\u00e1veis Contadores de circula\u00e7\u00e3o e de pr\u00e9-sele\u00e7\u00e3o Controlo de folha dupla R\u00e9guas e bolsos das unidades de dobragem automaticamente ajust\u00e1veis Espa\u00e7amento dos rolos de dobragem automaticamente ajust\u00e1vel Alimentador de estacas planas FL 50-2 Formato: m\u00edn. 10x12cm, m\u00e1x. [&hellip;]<\/p>\n","protected":false},"featured_media":0,"template":"","meta":[],"product_brand":[],"product_cat":[2979],"product_tag":[],"class_list":{"0":"post-93878","1":"product","2":"type-product","3":"status-publish","5":"product_cat-maquinas-de-dobrar","6":"pa_baujahr-153","7":"pa_hersteller-mb-baeuerle-gmbh","8":"pa_typ-multimaster-cas-52-4-fl50-sa","10":"first","11":"instock","12":"sold-individually","13":"taxable","14":"shipping-taxable","15":"purchasable","16":"product-type-simple"},"jetpack_sharing_enabled":true,"_links":{"self":[{"href":"https:\/\/www.3p-gmbh.de\/pt-br\/wp-json\/wp\/v2\/product\/93878","targetHints":{"allow":["GET"]}}],"collection":[{"href":"https:\/\/www.3p-gmbh.de\/pt-br\/wp-json\/wp\/v2\/product"}],"about":[{"href":"https:\/\/www.3p-gmbh.de\/pt-br\/wp-json\/wp\/v2\/types\/product"}],"wp:attachment":[{"href":"https:\/\/www.3p-gmbh.de\/pt-br\/wp-json\/wp\/v2\/media?parent=93878"}],"wp:term":[{"taxonomy":"product_brand","embeddable":true,"href":"https:\/\/www.3p-gmbh.de\/pt-br\/wp-json\/wp\/v2\/product_brand?post=93878"},{"taxonomy":"product_cat","embeddable":true,"href":"https:\/\/www.3p-gmbh.de\/pt-br\/wp-json\/wp\/v2\/product_cat?post=93878"},{"taxonomy":"product_tag","embeddable":true,"href":"https:\/\/www.3p-gmbh.de\/pt-br\/wp-json\/wp\/v2\/product_tag?post=93878"}],"curies":[{"name":"wp","href":"https:\/\/api.w.org\/{rel}","templated":true}]}}