{"id":93856,"date":"2019-07-11T13:55:58","date_gmt":"2019-07-11T13:55:58","guid":{"rendered":"https:\/\/www.3p-gmbh.de\/produkt\/maquina-de-dobrar-combinada-totalmente-automatica-horizon-afc-566-fkt\/"},"modified":"2019-07-11T13:55:58","modified_gmt":"2019-07-11T13:55:58","slug":"maquina-de-dobrar-combinada-totalmente-automatica","status":"publish","type":"product","link":"https:\/\/www.3p-gmbh.de\/pt-br\/produkt\/maquina-de-dobrar-combinada-totalmente-automatica\/","title":{"rendered":"M\u00e1quina de dobrar combinada totalmente autom\u00e1tica Horizon AFC-566 FKT"},"content":{"rendered":"<ul>\n<li>M\u00e1quina de dobrar combinada ajust\u00e1vel totalmente autom\u00e1tica com entrega de telhas<\/li>\n<li>Totalmente autom\u00e1tico desde o alimentador at\u00e9 \u00e0 abertura do rolo<\/li>\n<li>Defini\u00e7\u00f5es com precis\u00e3o ao mil\u00e9simo de mil\u00edmetro<\/li>\n<li>Zero res\u00edduos com encomendas repetidas<\/li>\n<li>Tecnologia Touch&amp;work &#8211; central e f\u00e1cil de utilizar<\/li>\n<li>Controlo remoto sem fios para correc\u00e7\u00f5es finas<\/li>\n<li>Unidade dobr\u00e1vel com 6 bolsos<\/li>\n<li>1 l\u00e2mina dobr\u00e1vel com ajuste totalmente autom\u00e1tico<\/li>\n<li>1 bolso dobr\u00e1vel a seguir<\/li>\n<li>Tecnologia Touch&amp;Work<\/li>\n<li>17 tipos de dobras standard<\/li>\n<li>Mem\u00f3ria de trabalho: 200<\/li>\n<li>Configura\u00e7\u00e3o em segundos<\/li>\n<li>Controlo de folha dupla<\/li>\n<li>Monitoriza\u00e7\u00e3o do funcionamento do arco<\/li>\n<li>Dispositivo para vincar e perfurar<\/li>\n<li>Pot\u00eancia: m\u00e1x. 50.000 ciclos\/h<\/li>\n<li>Peso do papel: 40-250g\/m\u00b2.<\/li>\n<li>Altura de empilhamento do alimentador: 740 mm<\/li>\n<li>Formato: min. 128x148mm max. 558x850mm<\/li>\n<li>Compressor T4.40<\/li>\n<\/ul>\n<p>Como op\u00e7\u00f5es:<\/p>\n<ul>\n<li>Unidade de colagem a frio HHS com controlador de 2 canais e uma cabe\u00e7a de colagem<\/li>\n<li>3 rolos de dobragem segmentados para Horizon AFC 566\/546 FW 1<\/li>\n<li>Bolsa de rebate para janelas GFB-56 com sensor e unidade de controlo<\/li>\n<li>espada de corte transversal m\u00f3vel Horizon MKU-54<\/li>\n<\/ul>\n","protected":false},"excerpt":{"rendered":"<p>M\u00e1quina de dobrar combinada ajust\u00e1vel totalmente autom\u00e1tica com entrega de telhas Totalmente autom\u00e1tico desde o alimentador at\u00e9 \u00e0 abertura do rolo Defini\u00e7\u00f5es com precis\u00e3o ao mil\u00e9simo de mil\u00edmetro Zero res\u00edduos com encomendas repetidas Tecnologia Touch&amp;work &#8211; central e f\u00e1cil de utilizar Controlo remoto sem fios para correc\u00e7\u00f5es finas Unidade dobr\u00e1vel com 6 bolsos 1 l\u00e2mina [&hellip;]<\/p>\n","protected":false},"featured_media":71184,"template":"","meta":[],"product_brand":[],"product_cat":[2979],"product_tag":[],"class_list":{"0":"post-93856","1":"product","2":"type-product","3":"status-publish","4":"has-post-thumbnail","6":"product_cat-maquinas-de-dobrar","7":"pa_baujahr-205","8":"pa_hersteller-horizon","9":"pa_typ-afc-566-fkt","11":"first","12":"instock","13":"sold-individually","14":"taxable","15":"shipping-taxable","16":"purchasable","17":"product-type-simple"},"jetpack_sharing_enabled":true,"_links":{"self":[{"href":"https:\/\/www.3p-gmbh.de\/pt-br\/wp-json\/wp\/v2\/product\/93856","targetHints":{"allow":["GET"]}}],"collection":[{"href":"https:\/\/www.3p-gmbh.de\/pt-br\/wp-json\/wp\/v2\/product"}],"about":[{"href":"https:\/\/www.3p-gmbh.de\/pt-br\/wp-json\/wp\/v2\/types\/product"}],"wp:featuredmedia":[{"embeddable":true,"href":"https:\/\/www.3p-gmbh.de\/pt-br\/wp-json\/wp\/v2\/media\/71184"}],"wp:attachment":[{"href":"https:\/\/www.3p-gmbh.de\/pt-br\/wp-json\/wp\/v2\/media?parent=93856"}],"wp:term":[{"taxonomy":"product_brand","embeddable":true,"href":"https:\/\/www.3p-gmbh.de\/pt-br\/wp-json\/wp\/v2\/product_brand?post=93856"},{"taxonomy":"product_cat","embeddable":true,"href":"https:\/\/www.3p-gmbh.de\/pt-br\/wp-json\/wp\/v2\/product_cat?post=93856"},{"taxonomy":"product_tag","embeddable":true,"href":"https:\/\/www.3p-gmbh.de\/pt-br\/wp-json\/wp\/v2\/product_tag?post=93856"}],"curies":[{"name":"wp","href":"https:\/\/api.w.org\/{rel}","templated":true}]}}