{"id":93848,"date":"2019-07-11T13:55:58","date_gmt":"2019-07-11T13:55:58","guid":{"rendered":"https:\/\/www.3p-gmbh.de\/produkt\/guk-fa-74-6-ktl-f4-sa-maquina-de-dobrar-combinada-para-16-paginas\/"},"modified":"2019-07-11T13:55:58","modified_gmt":"2019-07-11T13:55:58","slug":"pasta-combinada-de-16-paginas-2","status":"publish","type":"product","link":"https:\/\/www.3p-gmbh.de\/pt-br\/produkt\/pasta-combinada-de-16-paginas-2\/","title":{"rendered":"GUK FA 74-6-KTL-F4 SA M\u00e1quina de dobrar combinada para 16 p\u00e1ginas"},"content":{"rendered":"<ul>\n<li>com dispositivo de colagem a frio HHS para colagem de dobras<\/li>\n<li>Ano de fabrico 1999<\/li>\n<li>Alimentador de estacas planas Gremser F4 com separador de bordos de fuga e contador de pr\u00e9-sele\u00e7\u00e3o MCS<\/li>\n<li>6 bolsas 74cm, cabe\u00e7a de corte a jusante<\/li>\n<li>expositor m\u00f3vel para barracas SA 720<\/li>\n<\/ul>\n","protected":false},"excerpt":{"rendered":"<p>com dispositivo de colagem a frio HHS para colagem de dobras Ano de fabrico 1999 Alimentador de estacas planas Gremser F4 com separador de bordos de fuga e contador de pr\u00e9-sele\u00e7\u00e3o MCS 6 bolsas 74cm, cabe\u00e7a de corte a jusante expositor m\u00f3vel para barracas SA 720<\/p>\n","protected":false},"featured_media":70548,"template":"","meta":[],"product_brand":[],"product_cat":[2979],"product_tag":[],"class_list":{"0":"post-93848","1":"product","2":"type-product","3":"status-publish","4":"has-post-thumbnail","6":"product_cat-maquinas-de-dobrar","7":"pa_baujahr-158","8":"pa_hersteller-grieser-kunzmann","9":"pa_typ-guk-fa-74-6-ktl-f4-sa","11":"first","12":"instock","13":"sold-individually","14":"taxable","15":"shipping-taxable","16":"purchasable","17":"product-type-simple"},"jetpack_sharing_enabled":true,"_links":{"self":[{"href":"https:\/\/www.3p-gmbh.de\/pt-br\/wp-json\/wp\/v2\/product\/93848","targetHints":{"allow":["GET"]}}],"collection":[{"href":"https:\/\/www.3p-gmbh.de\/pt-br\/wp-json\/wp\/v2\/product"}],"about":[{"href":"https:\/\/www.3p-gmbh.de\/pt-br\/wp-json\/wp\/v2\/types\/product"}],"wp:featuredmedia":[{"embeddable":true,"href":"https:\/\/www.3p-gmbh.de\/pt-br\/wp-json\/wp\/v2\/media\/70548"}],"wp:attachment":[{"href":"https:\/\/www.3p-gmbh.de\/pt-br\/wp-json\/wp\/v2\/media?parent=93848"}],"wp:term":[{"taxonomy":"product_brand","embeddable":true,"href":"https:\/\/www.3p-gmbh.de\/pt-br\/wp-json\/wp\/v2\/product_brand?post=93848"},{"taxonomy":"product_cat","embeddable":true,"href":"https:\/\/www.3p-gmbh.de\/pt-br\/wp-json\/wp\/v2\/product_cat?post=93848"},{"taxonomy":"product_tag","embeddable":true,"href":"https:\/\/www.3p-gmbh.de\/pt-br\/wp-json\/wp\/v2\/product_tag?post=93848"}],"curies":[{"name":"wp","href":"https:\/\/api.w.org\/{rel}","templated":true}]}}