{"id":93833,"date":"2019-07-11T13:55:58","date_gmt":"2019-07-11T13:55:58","guid":{"rendered":"https:\/\/www.3p-gmbh.de\/produkt\/prensa-movel-com-fornecimento-de-fluxo-horizon-pst-40\/"},"modified":"2019-07-11T13:55:58","modified_gmt":"2019-07-11T13:55:58","slug":"entrega-de-prensas-de-balanca","status":"publish","type":"product","link":"https:\/\/www.3p-gmbh.de\/pt-br\/produkt\/entrega-de-prensas-de-balanca\/","title":{"rendered":"Prensa m\u00f3vel com fornecimento de fluxo Horizon PST-40"},"content":{"rendered":"<p><strong>prensa de folha dobr\u00e1vel m\u00f3vel com entrega em fluxo Horizon PST-40<\/strong><br \/>\n<strong>a partir de 2007<\/strong><\/p>\n<p>Altura regul\u00e1vel com o toque de um bot\u00e3o<br \/>\npara prensagem &#8211; press\u00e3o de prensagem: m\u00e1x. 20 kN, ajust\u00e1vel<br \/>\nPara marcar<br \/>\nPode ser utilizado em linha ou fora de linha<\/p>\n<p>&#8211; Formato: min. 60x64mm; m\u00e1x. 440x310mm<br \/>\n&#8211; Altura da entrada 280-1000mm<br \/>\n&#8211; Sa\u00edda: 50-230m\/min<br \/>\n&#8211; Pot\u00eancia: 230V; 50\/60Hz &#8211; 0,9kW<br \/>\n&#8211; Dimens\u00e3o: 1.100x800x1.450mm<br \/>\n&#8211; Peso: 280 kg<\/p>\n","protected":false},"excerpt":{"rendered":"<p>prensa de folha dobr\u00e1vel m\u00f3vel com entrega em fluxo Horizon PST-40 a partir de 2007 Altura regul\u00e1vel com o toque de um bot\u00e3o para prensagem &#8211; press\u00e3o de prensagem: m\u00e1x. 20 kN, ajust\u00e1vel Para marcar Pode ser utilizado em linha ou fora de linha &#8211; Formato: min. 60x64mm; m\u00e1x. 440x310mm &#8211; Altura da entrada 280-1000mm [&hellip;]<\/p>\n","protected":false},"featured_media":84145,"template":"","meta":[],"product_brand":[],"product_cat":[2919],"product_tag":[],"class_list":{"0":"post-93833","1":"product","2":"type-product","3":"status-publish","4":"has-post-thumbnail","6":"product_cat-despesas","7":"pa_baujahr-140","8":"pa_hersteller-horizon","9":"pa_typ-pst-40","11":"first","12":"instock","13":"sold-individually","14":"taxable","15":"shipping-taxable","16":"purchasable","17":"product-type-simple"},"jetpack_sharing_enabled":true,"_links":{"self":[{"href":"https:\/\/www.3p-gmbh.de\/pt-br\/wp-json\/wp\/v2\/product\/93833","targetHints":{"allow":["GET"]}}],"collection":[{"href":"https:\/\/www.3p-gmbh.de\/pt-br\/wp-json\/wp\/v2\/product"}],"about":[{"href":"https:\/\/www.3p-gmbh.de\/pt-br\/wp-json\/wp\/v2\/types\/product"}],"wp:featuredmedia":[{"embeddable":true,"href":"https:\/\/www.3p-gmbh.de\/pt-br\/wp-json\/wp\/v2\/media\/84145"}],"wp:attachment":[{"href":"https:\/\/www.3p-gmbh.de\/pt-br\/wp-json\/wp\/v2\/media?parent=93833"}],"wp:term":[{"taxonomy":"product_brand","embeddable":true,"href":"https:\/\/www.3p-gmbh.de\/pt-br\/wp-json\/wp\/v2\/product_brand?post=93833"},{"taxonomy":"product_cat","embeddable":true,"href":"https:\/\/www.3p-gmbh.de\/pt-br\/wp-json\/wp\/v2\/product_cat?post=93833"},{"taxonomy":"product_tag","embeddable":true,"href":"https:\/\/www.3p-gmbh.de\/pt-br\/wp-json\/wp\/v2\/product_tag?post=93833"}],"curies":[{"name":"wp","href":"https:\/\/api.w.org\/{rel}","templated":true}]}}