{"id":93820,"date":"2019-07-11T13:55:58","date_gmt":"2019-07-11T13:55:58","guid":{"rendered":"https:\/\/www.3p-gmbh.de\/produkt\/dobradora-de-laminas-digital-guk-zk-500-unidade-movel-de-dobragem-cruzada\/"},"modified":"2019-07-11T13:55:58","modified_gmt":"2019-07-11T13:55:58","slug":"unidade-de-dobragem-cruzada-2","status":"publish","type":"product","link":"https:\/\/www.3p-gmbh.de\/pt-br\/produkt\/unidade-de-dobragem-cruzada-2\/","title":{"rendered":"dobradora de l\u00e2minas digital GUK ZK 500 (unidade m\u00f3vel de dobragem cruzada)"},"content":{"rendered":"<p><strong>dobradora de l\u00e2minas digital GUK ZK 500 (unidade m\u00f3vel de dobragem cruzada)<br \/>\nBj. 2004<\/strong><\/p>\n<p>Unidade de dobragem de facas com tecnologia de ponta &#8211; controlada eletronicamente!<br \/>\nPara montagem em dobradoras autom\u00e1ticas GUK, bem como em m\u00e1quinas de terceiros, tais como m\u00e1quinas de coser a arame, alceadeiras, etc.<\/p>\n<ul>\n<li>Unidade de dobragem rotativa, para dobras alem\u00e3s e internacionais em quatro partes<\/li>\n<li>Acionamento totalmente silencioso sem rodas dentadas atrav\u00e9s de correias trapezoidais e correias planas<\/li>\n<li>Regula\u00e7\u00e3o de velocidade sem desgaste, controlada eletronicamente com tacogerador<\/li>\n<li>Regula\u00e7\u00e3o autom\u00e1tica do ciclo atrav\u00e9s de uma barreira luminosa de reflexo na folha de entrada<\/li>\n<li>Regula\u00e7\u00e3o do rolo central com micro-ajuste<\/li>\n<li>Regul\u00e1vel em altura, m\u00f3vel, bloque\u00e1vel<\/li>\n<li>Sistema el\u00e9trico comut\u00e1vel de autom\u00e1tico para funcionamento separado para m\u00e1quinas de terceiros<\/li>\n<li>Constru\u00e7\u00e3o s\u00f3lida, sem manuten\u00e7\u00e3o, concebida para um funcionamento cont\u00ednuo<\/li>\n<\/ul>\n<ul>\n<li>Largura de entrada: m\u00e1x. 48 mm, m\u00edn. 14,8 mm<\/li>\n<li>Comprimento do formato: m\u00e1x. 31 \/ 41 cm, min. 7 cm<\/li>\n<\/ul>\n<ul>\n<li>Altura da entrada (espada de cima): m\u00e1x. 875 mm, m\u00edn. 530 mm<\/li>\n<li>Altura de descarga (espada a partir do topo): m\u00e1x. 770 mm, m\u00edn. 425 mm<\/li>\n<li>Altura da entrada (espada a partir de baixo): m\u00e1x. 865 mm, m\u00edn. 525 mm<\/li>\n<li>Altura de descarga (espada a partir de baixo): m\u00e1x. 970 mm, min. 630 mm<\/li>\n<\/ul>\n<ul>\n<li>Velocidade: 40 &#8211; 160 m\/minuto, infinitamente vari\u00e1vel atrav\u00e9s de controlo eletr\u00f3nico de velocidade<\/li>\n<li>N\u00famero de ciclos: at\u00e9 aprox. 20.000 ciclos\/hora<\/li>\n<li>Pot\u00eancia necess\u00e1ria: 0,7 kW<\/li>\n<li>Espa\u00e7o necess\u00e1rio: aprox. 0,80 x 1,30 m<\/li>\n<li>Peso l\u00edquido: 220 kg<\/li>\n<\/ul>\n","protected":false},"excerpt":{"rendered":"<p>dobradora de l\u00e2minas digital GUK ZK 500 (unidade m\u00f3vel de dobragem cruzada) Bj. 2004 Unidade de dobragem de facas com tecnologia de ponta &#8211; controlada eletronicamente! Para montagem em dobradoras autom\u00e1ticas GUK, bem como em m\u00e1quinas de terceiros, tais como m\u00e1quinas de coser a arame, alceadeiras, etc. Unidade de dobragem rotativa, para dobras alem\u00e3s e [&hellip;]<\/p>\n","protected":false},"featured_media":78519,"template":"","meta":[],"product_brand":[],"product_cat":[2912],"product_tag":[],"class_list":{"0":"post-93820","1":"product","2":"type-product","3":"status-publish","4":"has-post-thumbnail","6":"product_cat-unidades-de-dobragem","7":"pa_baujahr-198","8":"pa_hersteller-griesser-kunzmann","9":"pa_typ-guk-zk-500","11":"first","12":"instock","13":"sold-individually","14":"taxable","15":"shipping-taxable","16":"purchasable","17":"product-type-simple"},"jetpack_sharing_enabled":true,"_links":{"self":[{"href":"https:\/\/www.3p-gmbh.de\/pt-br\/wp-json\/wp\/v2\/product\/93820","targetHints":{"allow":["GET"]}}],"collection":[{"href":"https:\/\/www.3p-gmbh.de\/pt-br\/wp-json\/wp\/v2\/product"}],"about":[{"href":"https:\/\/www.3p-gmbh.de\/pt-br\/wp-json\/wp\/v2\/types\/product"}],"wp:featuredmedia":[{"embeddable":true,"href":"https:\/\/www.3p-gmbh.de\/pt-br\/wp-json\/wp\/v2\/media\/78519"}],"wp:attachment":[{"href":"https:\/\/www.3p-gmbh.de\/pt-br\/wp-json\/wp\/v2\/media?parent=93820"}],"wp:term":[{"taxonomy":"product_brand","embeddable":true,"href":"https:\/\/www.3p-gmbh.de\/pt-br\/wp-json\/wp\/v2\/product_brand?post=93820"},{"taxonomy":"product_cat","embeddable":true,"href":"https:\/\/www.3p-gmbh.de\/pt-br\/wp-json\/wp\/v2\/product_cat?post=93820"},{"taxonomy":"product_tag","embeddable":true,"href":"https:\/\/www.3p-gmbh.de\/pt-br\/wp-json\/wp\/v2\/product_tag?post=93820"}],"curies":[{"name":"wp","href":"https:\/\/api.w.org\/{rel}","templated":true}]}}