{"id":93798,"date":"2019-07-11T13:55:08","date_gmt":"2019-07-11T13:55:08","guid":{"rendered":"https:\/\/www.3p-gmbh.de\/produkt\/empilhador-de-grande-formato-baumann-ba-6-n\/"},"modified":"2019-07-11T13:55:08","modified_gmt":"2019-07-11T13:55:08","slug":"desempilhador-de-grande-formato","status":"publish","type":"product","link":"https:\/\/www.3p-gmbh.de\/pt-br\/produkt\/desempilhador-de-grande-formato\/","title":{"rendered":"Empilhador de grande formato Baumann BA 6 N"},"content":{"rendered":"<ul>\n<li>Padr\u00e3o de camadas m\u00e1x. [mm]  1050 x 1450<\/li>\n<li>Altura de empilhamento [mm] 1100<\/li>\n<li>Peso da camada [kg] 300<\/li>\n<li>Altura m\u00ednima da palete [mm]  130<\/li>\n<\/ul>\n<p>A forma mais f\u00e1cil e econ\u00f3mica de empilhar blanks simples e m\u00faltiplos com elevada precis\u00e3o. A prepara\u00e7\u00e3o manual dos produtos cortados ou fatiados custa tempo e energia. Este processo \u00e9 automatizado por descarregadores. O material \u00e9 transferido para o n\u00edvel da mesa. A pilha est\u00e1 debaixo da mesa. S\u00f3 pode ser empilhado para baixo &#8211; a altura m\u00e1xima de empilhamento \u00e9 de 1100 mm.<\/p>\n","protected":false},"excerpt":{"rendered":"<p>Padr\u00e3o de camadas m\u00e1x. [mm] 1050 x 1450 Altura de empilhamento [mm] 1100 Peso da camada [kg] 300 Altura m\u00ednima da palete [mm] 130 A forma mais f\u00e1cil e econ\u00f3mica de empilhar blanks simples e m\u00faltiplos com elevada precis\u00e3o. A prepara\u00e7\u00e3o manual dos produtos cortados ou fatiados custa tempo e energia. Este processo \u00e9 automatizado [&hellip;]<\/p>\n","protected":false},"featured_media":65973,"template":"","meta":[],"product_brand":[],"product_cat":[3017],"product_tag":[],"class_list":{"0":"post-93798","1":"product","2":"type-product","3":"status-publish","4":"has-post-thumbnail","6":"product_cat-maquinas-de-corte","7":"pa_baujahr-150","8":"pa_hersteller-wohlenberg-baumann","9":"pa_typ-ba-6-n","11":"first","12":"instock","13":"sold-individually","14":"taxable","15":"shipping-taxable","16":"purchasable","17":"product-type-simple"},"jetpack_sharing_enabled":true,"_links":{"self":[{"href":"https:\/\/www.3p-gmbh.de\/pt-br\/wp-json\/wp\/v2\/product\/93798","targetHints":{"allow":["GET"]}}],"collection":[{"href":"https:\/\/www.3p-gmbh.de\/pt-br\/wp-json\/wp\/v2\/product"}],"about":[{"href":"https:\/\/www.3p-gmbh.de\/pt-br\/wp-json\/wp\/v2\/types\/product"}],"wp:featuredmedia":[{"embeddable":true,"href":"https:\/\/www.3p-gmbh.de\/pt-br\/wp-json\/wp\/v2\/media\/65973"}],"wp:attachment":[{"href":"https:\/\/www.3p-gmbh.de\/pt-br\/wp-json\/wp\/v2\/media?parent=93798"}],"wp:term":[{"taxonomy":"product_brand","embeddable":true,"href":"https:\/\/www.3p-gmbh.de\/pt-br\/wp-json\/wp\/v2\/product_brand?post=93798"},{"taxonomy":"product_cat","embeddable":true,"href":"https:\/\/www.3p-gmbh.de\/pt-br\/wp-json\/wp\/v2\/product_cat?post=93798"},{"taxonomy":"product_tag","embeddable":true,"href":"https:\/\/www.3p-gmbh.de\/pt-br\/wp-json\/wp\/v2\/product_tag?post=93798"}],"curies":[{"name":"wp","href":"https:\/\/api.w.org\/{rel}","templated":true}]}}