{"id":93789,"date":"2019-07-11T13:55:08","date_gmt":"2019-07-11T13:55:08","guid":{"rendered":"https:\/\/www.3p-gmbh.de\/produkt\/faca-hss-para-perfecta-132\/"},"modified":"2019-07-11T13:55:08","modified_gmt":"2019-07-11T13:55:08","slug":"faca","status":"publish","type":"product","link":"https:\/\/www.3p-gmbh.de\/pt-br\/produkt\/faca\/","title":{"rendered":"Faca HSS para Perfecta 132"},"content":{"rendered":"<p><strong>Faca HSS para Perfecta 132<\/strong><\/p>\n<p><em>utilizado<\/em><\/p>\n<p>1 faca HSS Sch\u00f6neberger para Perfecta 132<br \/>\ncomo novo &#8211; n\u00edtido<\/p>\n<p>1 faca HSS Sch\u00f6neberger para Perfecta 132<br \/>\nainda pode ser lixado cerca de 2-3 vezes &#8211; afiado<\/p>\n","protected":false},"excerpt":{"rendered":"<p>Faca HSS para Perfecta 132 utilizado 1 faca HSS Sch\u00f6neberger para Perfecta 132 como novo &#8211; n\u00edtido 1 faca HSS Sch\u00f6neberger para Perfecta 132 ainda pode ser lixado cerca de 2-3 vezes &#8211; afiado<\/p>\n","protected":false},"featured_media":66018,"template":"","meta":[],"product_brand":[],"product_cat":[3017],"product_tag":[],"class_list":{"0":"post-93789","1":"product","2":"type-product","3":"status-publish","4":"has-post-thumbnail","6":"product_cat-maquinas-de-corte","7":"pa_baujahr-127","8":"pa_hersteller-hagedorn-fuer-perfecta","9":"pa_typ-831","11":"first","12":"instock","13":"sold-individually","14":"taxable","15":"shipping-taxable","16":"purchasable","17":"product-type-simple"},"jetpack_sharing_enabled":true,"_links":{"self":[{"href":"https:\/\/www.3p-gmbh.de\/pt-br\/wp-json\/wp\/v2\/product\/93789","targetHints":{"allow":["GET"]}}],"collection":[{"href":"https:\/\/www.3p-gmbh.de\/pt-br\/wp-json\/wp\/v2\/product"}],"about":[{"href":"https:\/\/www.3p-gmbh.de\/pt-br\/wp-json\/wp\/v2\/types\/product"}],"wp:featuredmedia":[{"embeddable":true,"href":"https:\/\/www.3p-gmbh.de\/pt-br\/wp-json\/wp\/v2\/media\/66018"}],"wp:attachment":[{"href":"https:\/\/www.3p-gmbh.de\/pt-br\/wp-json\/wp\/v2\/media?parent=93789"}],"wp:term":[{"taxonomy":"product_brand","embeddable":true,"href":"https:\/\/www.3p-gmbh.de\/pt-br\/wp-json\/wp\/v2\/product_brand?post=93789"},{"taxonomy":"product_cat","embeddable":true,"href":"https:\/\/www.3p-gmbh.de\/pt-br\/wp-json\/wp\/v2\/product_cat?post=93789"},{"taxonomy":"product_tag","embeddable":true,"href":"https:\/\/www.3p-gmbh.de\/pt-br\/wp-json\/wp\/v2\/product_tag?post=93789"}],"curies":[{"name":"wp","href":"https:\/\/api.w.org\/{rel}","templated":true}]}}