{"id":93786,"date":"2019-07-11T13:55:08","date_gmt":"2019-07-11T13:55:08","guid":{"rendered":"https:\/\/www.3p-gmbh.de\/produkt\/cortador-de-cartoes-de-visita-fks-duplo-dc-615-pro\/"},"modified":"2019-07-11T13:55:08","modified_gmt":"2019-07-11T13:55:08","slug":"cortador-de-cartoes-de-visita","status":"publish","type":"product","link":"https:\/\/www.3p-gmbh.de\/pt-br\/produkt\/cortador-de-cartoes-de-visita\/","title":{"rendered":"Cortador de cart\u00f5es de visita FKS Duplo DC 615 Pro"},"content":{"rendered":"<ul>\n<li>incl. Software Duplo Job Creator<\/li>\n<li>Finalizador para impress\u00f5es digitais a cores<\/li>\n<li>Corte de margens, corte de corte, vinco de impress\u00f5es digitais a cores numa s\u00f3 passagem para cart\u00f5es de visita, cart\u00f5es de visita dobrados, cart\u00f5es de felicita\u00e7\u00f5es, cart\u00f5es dobr\u00e1veis, postais, brochuras, inser\u00e7\u00f5es de CD\/DVD, convites, programas, expositores, etc.<\/li>\n<li>Mesa de alimenta\u00e7\u00e3o com capacidade de pr\u00e9-empilhamento de 100 mm<\/li>\n<li>Separador de ar para uma separa\u00e7\u00e3o fi\u00e1vel das folhas<\/li>\n<li>2 facas laterais rotativas<\/li>\n<li>4 facas de corte rotativas<\/li>\n<li>1 cortador transversal e 1 barra de vincar para cortes ou vincos m\u00faltiplos<\/li>\n<\/ul>\n","protected":false},"excerpt":{"rendered":"<p>incl. Software Duplo Job Creator Finalizador para impress\u00f5es digitais a cores Corte de margens, corte de corte, vinco de impress\u00f5es digitais a cores numa s\u00f3 passagem para cart\u00f5es de visita, cart\u00f5es de visita dobrados, cart\u00f5es de felicita\u00e7\u00f5es, cart\u00f5es dobr\u00e1veis, postais, brochuras, inser\u00e7\u00f5es de CD\/DVD, convites, programas, expositores, etc. Mesa de alimenta\u00e7\u00e3o com capacidade de pr\u00e9-empilhamento [&hellip;]<\/p>\n","protected":false},"featured_media":66039,"template":"","meta":[],"product_brand":[],"product_cat":[3017],"product_tag":[],"class_list":{"0":"post-93786","1":"product","2":"type-product","3":"status-publish","4":"has-post-thumbnail","6":"product_cat-maquinas-de-corte","7":"pa_baujahr-145","8":"pa_hersteller-duplo-fks","9":"pa_typ-docucutter-dc-615-pro","11":"first","12":"instock","13":"sold-individually","14":"taxable","15":"shipping-taxable","16":"purchasable","17":"product-type-simple"},"jetpack_sharing_enabled":true,"_links":{"self":[{"href":"https:\/\/www.3p-gmbh.de\/pt-br\/wp-json\/wp\/v2\/product\/93786","targetHints":{"allow":["GET"]}}],"collection":[{"href":"https:\/\/www.3p-gmbh.de\/pt-br\/wp-json\/wp\/v2\/product"}],"about":[{"href":"https:\/\/www.3p-gmbh.de\/pt-br\/wp-json\/wp\/v2\/types\/product"}],"wp:featuredmedia":[{"embeddable":true,"href":"https:\/\/www.3p-gmbh.de\/pt-br\/wp-json\/wp\/v2\/media\/66039"}],"wp:attachment":[{"href":"https:\/\/www.3p-gmbh.de\/pt-br\/wp-json\/wp\/v2\/media?parent=93786"}],"wp:term":[{"taxonomy":"product_brand","embeddable":true,"href":"https:\/\/www.3p-gmbh.de\/pt-br\/wp-json\/wp\/v2\/product_brand?post=93786"},{"taxonomy":"product_cat","embeddable":true,"href":"https:\/\/www.3p-gmbh.de\/pt-br\/wp-json\/wp\/v2\/product_cat?post=93786"},{"taxonomy":"product_tag","embeddable":true,"href":"https:\/\/www.3p-gmbh.de\/pt-br\/wp-json\/wp\/v2\/product_tag?post=93786"}],"curies":[{"name":"wp","href":"https:\/\/api.w.org\/{rel}","templated":true}]}}