{"id":93784,"date":"2019-07-11T13:55:08","date_gmt":"2019-07-11T13:55:08","guid":{"rendered":"https:\/\/www.3p-gmbh.de\/produkt\/puncionadora-de-registo-de-polegar-hunkeler-re-320\/"},"modified":"2019-07-11T13:55:08","modified_gmt":"2019-07-11T13:55:08","slug":"maquina-de-perfuracao-de-registo-de-polegar","status":"publish","type":"product","link":"https:\/\/www.3p-gmbh.de\/pt-br\/produkt\/maquina-de-perfuracao-de-registo-de-polegar\/","title":{"rendered":"Puncionadora de registo de polegar Hunkeler RE 320"},"content":{"rendered":"<ul>\n<li>M\u00e1quina de perfura\u00e7\u00e3o de registos com unidade de impress\u00e3o a duas cores<\/li>\n<li>Comprimento de corte 320 mm<\/li>\n<li>Profundidade de corte 80 mm<\/li>\n<li>Espessura de corte m\u00e1x. 10 mm<\/li>\n<li>Espessura m\u00e1xima de fixa\u00e7\u00e3o. 50 mm<\/li>\n<li>Comprimento m\u00e1ximo da lombada. 400 mm<\/li>\n<li>m\u00e1ximo. Velocidade 70 cursos \/ min<\/li>\n<li>Ferramenta 90 graus \/ raio de 1,5 mm<\/li>\n<\/ul>\n","protected":false},"excerpt":{"rendered":"<p>M\u00e1quina de perfura\u00e7\u00e3o de registos com unidade de impress\u00e3o a duas cores Comprimento de corte 320 mm Profundidade de corte 80 mm Espessura de corte m\u00e1x. 10 mm Espessura m\u00e1xima de fixa\u00e7\u00e3o. 50 mm Comprimento m\u00e1ximo da lombada. 400 mm m\u00e1ximo. Velocidade 70 cursos \/ min Ferramenta 90 graus \/ raio de 1,5 mm<\/p>\n","protected":false},"featured_media":66000,"template":"","meta":[],"product_brand":[],"product_cat":[3017],"product_tag":[],"class_list":{"0":"post-93784","1":"product","2":"type-product","3":"status-publish","4":"has-post-thumbnail","6":"product_cat-maquinas-de-corte","7":"pa_baujahr-829","8":"pa_hersteller-hunkeler","9":"pa_typ-re-320-var","11":"first","12":"instock","13":"sold-individually","14":"taxable","15":"shipping-taxable","16":"purchasable","17":"product-type-simple"},"jetpack_sharing_enabled":true,"_links":{"self":[{"href":"https:\/\/www.3p-gmbh.de\/pt-br\/wp-json\/wp\/v2\/product\/93784","targetHints":{"allow":["GET"]}}],"collection":[{"href":"https:\/\/www.3p-gmbh.de\/pt-br\/wp-json\/wp\/v2\/product"}],"about":[{"href":"https:\/\/www.3p-gmbh.de\/pt-br\/wp-json\/wp\/v2\/types\/product"}],"wp:featuredmedia":[{"embeddable":true,"href":"https:\/\/www.3p-gmbh.de\/pt-br\/wp-json\/wp\/v2\/media\/66000"}],"wp:attachment":[{"href":"https:\/\/www.3p-gmbh.de\/pt-br\/wp-json\/wp\/v2\/media?parent=93784"}],"wp:term":[{"taxonomy":"product_brand","embeddable":true,"href":"https:\/\/www.3p-gmbh.de\/pt-br\/wp-json\/wp\/v2\/product_brand?post=93784"},{"taxonomy":"product_cat","embeddable":true,"href":"https:\/\/www.3p-gmbh.de\/pt-br\/wp-json\/wp\/v2\/product_cat?post=93784"},{"taxonomy":"product_tag","embeddable":true,"href":"https:\/\/www.3p-gmbh.de\/pt-br\/wp-json\/wp\/v2\/product_tag?post=93784"}],"curies":[{"name":"wp","href":"https:\/\/api.w.org\/{rel}","templated":true}]}}