{"id":93781,"date":"2019-07-11T13:55:08","date_gmt":"2019-07-11T13:55:08","guid":{"rendered":"https:\/\/www.3p-gmbh.de\/produkt\/batente-lateral-rebaixavel-pneumaticamente\/"},"modified":"2019-07-11T13:55:08","modified_gmt":"2019-07-11T13:55:08","slug":"batente-lateral","status":"publish","type":"product","link":"https:\/\/www.3p-gmbh.de\/pt-br\/produkt\/batente-lateral\/","title":{"rendered":"Batente lateral rebaix\u00e1vel pneumaticamente"},"content":{"rendered":"<ul>\n<li>adequado para m\u00e1quinas de corte de grande formato de todos os fabricantes (Wohlenberg, Polar, Perfecta)<\/li>\n<li>com piloto autom\u00e1tico<\/li>\n<li>Veda\u00e7\u00e3o e mesa de ar em a\u00e7o inoxid\u00e1vel<\/li>\n<li>Possibilidade de fixa\u00e7\u00e3o \u00e0 esquerda ou \u00e0 direita<\/li>\n<li>Comprimento 165cm, largura 25cm<\/li>\n<li>com bocais de ar<\/li>\n<li>\u00e9 necess\u00e1rio se uma m\u00e1quina de corte for carregada atrav\u00e9s da mesa traseira da m\u00e1quina<\/li>\n<\/ul>\n","protected":false},"excerpt":{"rendered":"<p>adequado para m\u00e1quinas de corte de grande formato de todos os fabricantes (Wohlenberg, Polar, Perfecta) com piloto autom\u00e1tico Veda\u00e7\u00e3o e mesa de ar em a\u00e7o inoxid\u00e1vel Possibilidade de fixa\u00e7\u00e3o \u00e0 esquerda ou \u00e0 direita Comprimento 165cm, largura 25cm com bocais de ar \u00e9 necess\u00e1rio se uma m\u00e1quina de corte for carregada atrav\u00e9s da mesa traseira [&hellip;]<\/p>\n","protected":false},"featured_media":66060,"template":"","meta":[],"product_brand":[],"product_cat":[3017],"product_tag":[],"class_list":{"0":"post-93781","1":"product","2":"type-product","3":"status-publish","4":"has-post-thumbnail","6":"product_cat-maquinas-de-corte","7":"pa_baujahr-165","8":"pa_hersteller-wohlenberg-polar-perfecta","9":"pa_typ-pneumatisch-absenkbarer-seitenanschlag","11":"first","12":"instock","13":"sold-individually","14":"taxable","15":"shipping-taxable","16":"purchasable","17":"product-type-simple"},"jetpack_sharing_enabled":true,"_links":{"self":[{"href":"https:\/\/www.3p-gmbh.de\/pt-br\/wp-json\/wp\/v2\/product\/93781","targetHints":{"allow":["GET"]}}],"collection":[{"href":"https:\/\/www.3p-gmbh.de\/pt-br\/wp-json\/wp\/v2\/product"}],"about":[{"href":"https:\/\/www.3p-gmbh.de\/pt-br\/wp-json\/wp\/v2\/types\/product"}],"wp:featuredmedia":[{"embeddable":true,"href":"https:\/\/www.3p-gmbh.de\/pt-br\/wp-json\/wp\/v2\/media\/66060"}],"wp:attachment":[{"href":"https:\/\/www.3p-gmbh.de\/pt-br\/wp-json\/wp\/v2\/media?parent=93781"}],"wp:term":[{"taxonomy":"product_brand","embeddable":true,"href":"https:\/\/www.3p-gmbh.de\/pt-br\/wp-json\/wp\/v2\/product_brand?post=93781"},{"taxonomy":"product_cat","embeddable":true,"href":"https:\/\/www.3p-gmbh.de\/pt-br\/wp-json\/wp\/v2\/product_cat?post=93781"},{"taxonomy":"product_tag","embeddable":true,"href":"https:\/\/www.3p-gmbh.de\/pt-br\/wp-json\/wp\/v2\/product_tag?post=93781"}],"curies":[{"name":"wp","href":"https:\/\/api.w.org\/{rel}","templated":true}]}}