{"id":93776,"date":"2019-07-11T13:55:08","date_gmt":"2019-07-11T13:55:08","guid":{"rendered":"https:\/\/www.3p-gmbh.de\/produkt\/maquina-de-corte-wohlenberg-cut-tec-115\/"},"modified":"2019-07-11T13:55:08","modified_gmt":"2019-07-11T13:55:08","slug":"maquina-de-corte-7","status":"publish","type":"product","link":"https:\/\/www.3p-gmbh.de\/pt-br\/produkt\/maquina-de-corte-7\/","title":{"rendered":"M\u00e1quina de corte Wohlenberg cut-tec 115"},"content":{"rendered":"<ul>\n<li>revis\u00e3o da oficina<\/li>\n<li>Largura de corte 115 cm<\/li>\n<li>com ecr\u00e3 (passivo)<\/li>\n<li>Prote\u00e7\u00e3o de plexiglas na mesa traseira<\/li>\n<li>Mesas da caixa de ar em a\u00e7o inoxid\u00e1vel \u00e0 esquerda e \u00e0 direita<\/li>\n<\/ul>\n","protected":false},"excerpt":{"rendered":"<p>revis\u00e3o da oficina Largura de corte 115 cm com ecr\u00e3 (passivo) Prote\u00e7\u00e3o de plexiglas na mesa traseira Mesas da caixa de ar em a\u00e7o inoxid\u00e1vel \u00e0 esquerda e \u00e0 direita<\/p>\n","protected":false},"featured_media":66054,"template":"","meta":[],"product_brand":[],"product_cat":[3017],"product_tag":[],"class_list":{"0":"post-93776","1":"product","2":"type-product","3":"status-publish","4":"has-post-thumbnail","6":"product_cat-maquinas-de-corte","7":"pa_baujahr-158","8":"pa_hersteller-wohlenberg","9":"pa_typ-cut-tec-115","11":"first","12":"instock","13":"sold-individually","14":"taxable","15":"shipping-taxable","16":"purchasable","17":"product-type-simple"},"jetpack_sharing_enabled":true,"_links":{"self":[{"href":"https:\/\/www.3p-gmbh.de\/pt-br\/wp-json\/wp\/v2\/product\/93776","targetHints":{"allow":["GET"]}}],"collection":[{"href":"https:\/\/www.3p-gmbh.de\/pt-br\/wp-json\/wp\/v2\/product"}],"about":[{"href":"https:\/\/www.3p-gmbh.de\/pt-br\/wp-json\/wp\/v2\/types\/product"}],"wp:featuredmedia":[{"embeddable":true,"href":"https:\/\/www.3p-gmbh.de\/pt-br\/wp-json\/wp\/v2\/media\/66054"}],"wp:attachment":[{"href":"https:\/\/www.3p-gmbh.de\/pt-br\/wp-json\/wp\/v2\/media?parent=93776"}],"wp:term":[{"taxonomy":"product_brand","embeddable":true,"href":"https:\/\/www.3p-gmbh.de\/pt-br\/wp-json\/wp\/v2\/product_brand?post=93776"},{"taxonomy":"product_cat","embeddable":true,"href":"https:\/\/www.3p-gmbh.de\/pt-br\/wp-json\/wp\/v2\/product_cat?post=93776"},{"taxonomy":"product_tag","embeddable":true,"href":"https:\/\/www.3p-gmbh.de\/pt-br\/wp-json\/wp\/v2\/product_tag?post=93776"}],"curies":[{"name":"wp","href":"https:\/\/api.w.org\/{rel}","templated":true}]}}