{"id":93771,"date":"2019-07-11T13:55:19","date_gmt":"2019-07-11T13:55:19","guid":{"rendered":"https:\/\/www.3p-gmbh.de\/produkt\/aparador-rotativo-automatico-de-tres-laminas-horizon-ht-30-c\/"},"modified":"2019-07-11T13:55:19","modified_gmt":"2019-07-11T13:55:19","slug":"aparador-rotativo-automatico-de-tres-laminas","status":"publish","type":"product","link":"https:\/\/www.3p-gmbh.de\/pt-br\/produkt\/aparador-rotativo-automatico-de-tres-laminas\/","title":{"rendered":"Aparador rotativo autom\u00e1tico de tr\u00eas l\u00e2minas Horizon HT-30 C"},"content":{"rendered":"<p><strong>Aparador rotativo autom\u00e1tico de tr\u00eas l\u00e2minas Horizon HT-30 C<br \/>\ndesde aprox. 2017 &#8211; um total de 813 544 cortes<\/strong><\/p>\n<p>A sua rentabilidade faz desta guilhotina rotativa autom\u00e1tica de tr\u00eas l\u00e2minas uma verdadeira alternativa \u00e0s guilhotinas de tr\u00eas l\u00e2minas para o processamento offline de tiragens mais curtas. Trabalha de forma totalmente aut\u00f3noma e sem supervis\u00e3o. Basta introduzir os formatos dos livros no ecr\u00e3 t\u00e1til, bem como o n\u00famero de livros para a opera\u00e7\u00e3o &#8211; a m\u00e1quina faz o resto.<br \/>\nA HT-30c corta os livros em tr\u00eas lados: de forma limpa, precisa &#8211; com apenas uma faca, sempre sem danos na encaderna\u00e7\u00e3o.<\/p>\n<ul>\n<li>Velocidade 220 &#8211; 520 ciclos \/ h<\/li>\n<li>Press\u00e3o de contacto 1,5 &#8211; 8 kN<\/li>\n<li>Dimens\u00f5es da m\u00e1quina 2.350 x 1.160 x 1.370 mm (L x P x A)<\/li>\n<li>m\u00e1ximo. Formato n\u00e3o aparado 320 x 235 mm<\/li>\n<li>min. Formato n\u00e3o revestido 200 x 134 mm<\/li>\n<li>m\u00e1ximo. Formato recortado 305 x 230 mm<\/li>\n<li>min. Formato recortado 200 x 134 mm<\/li>\n<li>m\u00e1ximo. Espessura do bloco 51mm<\/li>\n<\/ul>\n<p>380V<br \/>\nDimens\u00f5es (CxLxA): 235x116x137<br \/>\nPeso: 1040kg<\/p>\n","protected":false},"excerpt":{"rendered":"<p>Aparador rotativo autom\u00e1tico de tr\u00eas l\u00e2minas Horizon HT-30 C desde aprox. 2017 &#8211; um total de 813 544 cortes A sua rentabilidade faz desta guilhotina rotativa autom\u00e1tica de tr\u00eas l\u00e2minas uma verdadeira alternativa \u00e0s guilhotinas de tr\u00eas l\u00e2minas para o processamento offline de tiragens mais curtas. Trabalha de forma totalmente aut\u00f3noma e sem supervis\u00e3o. Basta [&hellip;]<\/p>\n","protected":false},"featured_media":82449,"template":"","meta":[],"product_brand":[],"product_cat":[3017],"product_tag":[],"class_list":{"0":"post-93771","1":"product","2":"type-product","3":"status-publish","4":"has-post-thumbnail","6":"product_cat-maquinas-de-corte","7":"pa_baujahr-711","8":"pa_hersteller-horizon","9":"pa_typ-ht-30c","11":"first","12":"instock","13":"sold-individually","14":"taxable","15":"shipping-taxable","16":"purchasable","17":"product-type-simple"},"jetpack_sharing_enabled":true,"_links":{"self":[{"href":"https:\/\/www.3p-gmbh.de\/pt-br\/wp-json\/wp\/v2\/product\/93771","targetHints":{"allow":["GET"]}}],"collection":[{"href":"https:\/\/www.3p-gmbh.de\/pt-br\/wp-json\/wp\/v2\/product"}],"about":[{"href":"https:\/\/www.3p-gmbh.de\/pt-br\/wp-json\/wp\/v2\/types\/product"}],"wp:featuredmedia":[{"embeddable":true,"href":"https:\/\/www.3p-gmbh.de\/pt-br\/wp-json\/wp\/v2\/media\/82449"}],"wp:attachment":[{"href":"https:\/\/www.3p-gmbh.de\/pt-br\/wp-json\/wp\/v2\/media?parent=93771"}],"wp:term":[{"taxonomy":"product_brand","embeddable":true,"href":"https:\/\/www.3p-gmbh.de\/pt-br\/wp-json\/wp\/v2\/product_brand?post=93771"},{"taxonomy":"product_cat","embeddable":true,"href":"https:\/\/www.3p-gmbh.de\/pt-br\/wp-json\/wp\/v2\/product_cat?post=93771"},{"taxonomy":"product_tag","embeddable":true,"href":"https:\/\/www.3p-gmbh.de\/pt-br\/wp-json\/wp\/v2\/product_tag?post=93771"}],"curies":[{"name":"wp","href":"https:\/\/api.w.org\/{rel}","templated":true}]}}