{"id":93766,"date":"2019-07-11T13:55:08","date_gmt":"2019-07-11T13:55:08","guid":{"rendered":"https:\/\/www.3p-gmbh.de\/produkt\/tesoura-de-cartao-schimanek-tipo-10-com-armacao-de-base\/"},"modified":"2019-07-11T13:55:08","modified_gmt":"2019-07-11T13:55:08","slug":"tesoura-de-papel-com-moldura-inferior","status":"publish","type":"product","link":"https:\/\/www.3p-gmbh.de\/pt-br\/produkt\/tesoura-de-papel-com-moldura-inferior\/","title":{"rendered":"Tesoura de cart\u00e3o Schimanek tipo 10 com arma\u00e7\u00e3o de base"},"content":{"rendered":"<ul>\n<li>Design robusto com mesa s\u00f3lida em ferro fundido<\/li>\n<li>Comprimento de corte 1200mm<\/li>\n<li>Largura da mesa 1000mm<\/li>\n<li>Altura da mesa 800 mm<\/li>\n<li>Veda\u00e7\u00e3o frontal e cortador estreito<\/li>\n<li>Barra de alimenta\u00e7\u00e3o e unidade angular que pode ser movida sobre ela<\/li>\n<li>Escalas de dimens\u00f5es em mm<\/li>\n<li>l\u00e2mina inferior ajust\u00e1vel<\/li>\n<li>Prote\u00e7\u00e3o da faca<\/li>\n<li>\u00c2ngulo transversal e transversal deslizante<\/li>\n<li>Unidade angular grande com \u00e2ngulo transversal<\/li>\n<\/ul>\n","protected":false},"excerpt":{"rendered":"<p>Design robusto com mesa s\u00f3lida em ferro fundido Comprimento de corte 1200mm Largura da mesa 1000mm Altura da mesa 800 mm Veda\u00e7\u00e3o frontal e cortador estreito Barra de alimenta\u00e7\u00e3o e unidade angular que pode ser movida sobre ela Escalas de dimens\u00f5es em mm l\u00e2mina inferior ajust\u00e1vel Prote\u00e7\u00e3o da faca \u00c2ngulo transversal e transversal deslizante Unidade [&hellip;]<\/p>\n","protected":false},"featured_media":71283,"template":"","meta":[],"product_brand":[],"product_cat":[3017],"product_tag":[],"class_list":{"0":"post-93766","1":"product","2":"type-product","3":"status-publish","4":"has-post-thumbnail","6":"product_cat-maquinas-de-corte","7":"pa_baujahr-843","8":"pa_hersteller-schimanek-maschinenfabrik","9":"pa_typ-schimanek-typ-10","11":"first","12":"instock","13":"sold-individually","14":"taxable","15":"shipping-taxable","16":"purchasable","17":"product-type-simple"},"jetpack_sharing_enabled":true,"_links":{"self":[{"href":"https:\/\/www.3p-gmbh.de\/pt-br\/wp-json\/wp\/v2\/product\/93766","targetHints":{"allow":["GET"]}}],"collection":[{"href":"https:\/\/www.3p-gmbh.de\/pt-br\/wp-json\/wp\/v2\/product"}],"about":[{"href":"https:\/\/www.3p-gmbh.de\/pt-br\/wp-json\/wp\/v2\/types\/product"}],"wp:featuredmedia":[{"embeddable":true,"href":"https:\/\/www.3p-gmbh.de\/pt-br\/wp-json\/wp\/v2\/media\/71283"}],"wp:attachment":[{"href":"https:\/\/www.3p-gmbh.de\/pt-br\/wp-json\/wp\/v2\/media?parent=93766"}],"wp:term":[{"taxonomy":"product_brand","embeddable":true,"href":"https:\/\/www.3p-gmbh.de\/pt-br\/wp-json\/wp\/v2\/product_brand?post=93766"},{"taxonomy":"product_cat","embeddable":true,"href":"https:\/\/www.3p-gmbh.de\/pt-br\/wp-json\/wp\/v2\/product_cat?post=93766"},{"taxonomy":"product_tag","embeddable":true,"href":"https:\/\/www.3p-gmbh.de\/pt-br\/wp-json\/wp\/v2\/product_tag?post=93766"}],"curies":[{"name":"wp","href":"https:\/\/api.w.org\/{rel}","templated":true}]}}