{"id":93752,"date":"2019-07-11T13:55:23","date_gmt":"2019-07-11T13:55:23","guid":{"rendered":"https:\/\/www.3p-gmbh.de\/produkt\/heidelberg-stahl-t-36-6-4-kb-f-sa-dobradeira-de-placas-com-fivela-de-pequeno-formato\/"},"modified":"2019-07-11T13:55:23","modified_gmt":"2019-07-11T13:55:23","slug":"maquina-de-dobrar-chapa-de-fivela-de-pequeno-formato","status":"publish","type":"product","link":"https:\/\/www.3p-gmbh.de\/pt-br\/produkt\/maquina-de-dobrar-chapa-de-fivela-de-pequeno-formato\/","title":{"rendered":"Heidelberg \/ Stahl T 36-6-4-KB-F SA Dobradeira de placas com fivela de pequeno formato"},"content":{"rendered":"<ul>\n<li>Ano de fabrico 1991<\/li>\n<li>Formato m\u00ednimo 10 x 15 cm<\/li>\n<li>Formato m\u00e1ximo 4 x 84 cm<\/li>\n<li>Alimentador de estacas planas com contador de pr\u00e9-sele\u00e7\u00e3o EVZ<\/li>\n<li>FW 1 com 6 placas de fivela 36cm com prote\u00e7\u00e3o anti-ru\u00eddo e veio cortador a jusante<\/li>\n<li>FW 1 com 4 placas de fivela de 36 cm com prote\u00e7\u00e3o anti-ru\u00eddo e veio cortador a jusante<\/li>\n<li>gancho de cruzamento com uma espada<\/li>\n<li>Entrega de telheiro com dobradi\u00e7as<\/li>\n<li>Compressor de v\u00e1cuo de press\u00e3o<\/li>\n<\/ul>\n","protected":false},"excerpt":{"rendered":"<p>Ano de fabrico 1991 Formato m\u00ednimo 10 x 15 cm Formato m\u00e1ximo 4 x 84 cm Alimentador de estacas planas com contador de pr\u00e9-sele\u00e7\u00e3o EVZ FW 1 com 6 placas de fivela 36cm com prote\u00e7\u00e3o anti-ru\u00eddo e veio cortador a jusante FW 1 com 4 placas de fivela de 36 cm com prote\u00e7\u00e3o anti-ru\u00eddo e [&hellip;]<\/p>\n","protected":false},"featured_media":62466,"template":"","meta":[],"product_brand":[],"product_cat":[2979],"product_tag":[],"class_list":{"0":"post-93752","1":"product","2":"type-product","3":"status-publish","4":"has-post-thumbnail","6":"product_cat-maquinas-de-dobrar","7":"pa_baujahr-404","8":"pa_hersteller-stahl-ludwigsburg","9":"pa_typ-stahl-t-36-6-4-kb-f-sa","11":"first","12":"instock","13":"sold-individually","14":"taxable","15":"shipping-taxable","16":"purchasable","17":"product-type-simple"},"jetpack_sharing_enabled":true,"_links":{"self":[{"href":"https:\/\/www.3p-gmbh.de\/pt-br\/wp-json\/wp\/v2\/product\/93752","targetHints":{"allow":["GET"]}}],"collection":[{"href":"https:\/\/www.3p-gmbh.de\/pt-br\/wp-json\/wp\/v2\/product"}],"about":[{"href":"https:\/\/www.3p-gmbh.de\/pt-br\/wp-json\/wp\/v2\/types\/product"}],"wp:featuredmedia":[{"embeddable":true,"href":"https:\/\/www.3p-gmbh.de\/pt-br\/wp-json\/wp\/v2\/media\/62466"}],"wp:attachment":[{"href":"https:\/\/www.3p-gmbh.de\/pt-br\/wp-json\/wp\/v2\/media?parent=93752"}],"wp:term":[{"taxonomy":"product_brand","embeddable":true,"href":"https:\/\/www.3p-gmbh.de\/pt-br\/wp-json\/wp\/v2\/product_brand?post=93752"},{"taxonomy":"product_cat","embeddable":true,"href":"https:\/\/www.3p-gmbh.de\/pt-br\/wp-json\/wp\/v2\/product_cat?post=93752"},{"taxonomy":"product_tag","embeddable":true,"href":"https:\/\/www.3p-gmbh.de\/pt-br\/wp-json\/wp\/v2\/product_tag?post=93752"}],"curies":[{"name":"wp","href":"https:\/\/api.w.org\/{rel}","templated":true}]}}