{"id":93745,"date":"2019-07-11T13:55:23","date_gmt":"2019-07-11T13:55:23","guid":{"rendered":"https:\/\/www.3p-gmbh.de\/produkt\/maquina-de-dobrar-chapa-com-fivela-ernst-nagel-docufold\/"},"modified":"2019-07-11T13:55:23","modified_gmt":"2019-07-11T13:55:23","slug":"maquina-de-dobrar-dois-bolsos","status":"publish","type":"product","link":"https:\/\/www.3p-gmbh.de\/pt-br\/produkt\/maquina-de-dobrar-dois-bolsos\/","title":{"rendered":"M\u00e1quina de dobrar chapa com fivela Ernst Nagel Docufold"},"content":{"rendered":"<p>O saco \u00e9 ajustado a partir do exterior, utilizando apenas um volante, e pode ser reajustado em segundos; tamb\u00e9m \u00e9 colocado e retirado do mesmo lado. Os rolos de dobragem ajustam-se \u00e0 espessura do papel e tornam desnecess\u00e1rio qualquer ajuste &#8211; evitando a possibilidade de erros e poupando imenso tempo. Pode ser utilizada uma mesa de extens\u00e3o para formatos de grandes dimens\u00f5es.<\/p>\n","protected":false},"excerpt":{"rendered":"<p>O saco \u00e9 ajustado a partir do exterior, utilizando apenas um volante, e pode ser reajustado em segundos; tamb\u00e9m \u00e9 colocado e retirado do mesmo lado. Os rolos de dobragem ajustam-se \u00e0 espessura do papel e tornam desnecess\u00e1rio qualquer ajuste &#8211; evitando a possibilidade de erros e poupando imenso tempo. Pode ser utilizada uma mesa [&hellip;]<\/p>\n","protected":false},"featured_media":66207,"template":"","meta":[],"product_brand":[],"product_cat":[2979],"product_tag":[],"class_list":{"0":"post-93745","1":"product","2":"type-product","3":"status-publish","4":"has-post-thumbnail","6":"product_cat-maquinas-de-dobrar","7":"pa_baujahr-143","8":"pa_hersteller-ernst-nagel","9":"pa_typ-docufold","11":"first","12":"instock","13":"sold-individually","14":"taxable","15":"shipping-taxable","16":"purchasable","17":"product-type-simple"},"jetpack_sharing_enabled":true,"_links":{"self":[{"href":"https:\/\/www.3p-gmbh.de\/pt-br\/wp-json\/wp\/v2\/product\/93745","targetHints":{"allow":["GET"]}}],"collection":[{"href":"https:\/\/www.3p-gmbh.de\/pt-br\/wp-json\/wp\/v2\/product"}],"about":[{"href":"https:\/\/www.3p-gmbh.de\/pt-br\/wp-json\/wp\/v2\/types\/product"}],"wp:featuredmedia":[{"embeddable":true,"href":"https:\/\/www.3p-gmbh.de\/pt-br\/wp-json\/wp\/v2\/media\/66207"}],"wp:attachment":[{"href":"https:\/\/www.3p-gmbh.de\/pt-br\/wp-json\/wp\/v2\/media?parent=93745"}],"wp:term":[{"taxonomy":"product_brand","embeddable":true,"href":"https:\/\/www.3p-gmbh.de\/pt-br\/wp-json\/wp\/v2\/product_brand?post=93745"},{"taxonomy":"product_cat","embeddable":true,"href":"https:\/\/www.3p-gmbh.de\/pt-br\/wp-json\/wp\/v2\/product_cat?post=93745"},{"taxonomy":"product_tag","embeddable":true,"href":"https:\/\/www.3p-gmbh.de\/pt-br\/wp-json\/wp\/v2\/product_tag?post=93745"}],"curies":[{"name":"wp","href":"https:\/\/api.w.org\/{rel}","templated":true}]}}