{"id":93744,"date":"2019-07-11T13:55:23","date_gmt":"2019-07-11T13:55:23","guid":{"rendered":"https:\/\/www.3p-gmbh.de\/produkt\/herzog-heymann-3a-estacao-m-740-unidade-de-dobragem-de-8-bolsas\/"},"modified":"2019-07-11T13:55:23","modified_gmt":"2019-07-11T13:55:23","slug":"unidade-de-dobragem-de-8-bolsas","status":"publish","type":"product","link":"https:\/\/www.3p-gmbh.de\/pt-br\/produkt\/unidade-de-dobragem-de-8-bolsas\/","title":{"rendered":"Herzog &amp; Heymann 3\u00aa esta\u00e7\u00e3o M 7,40 Unidade de dobragem de 8 bolsas"},"content":{"rendered":"<p>Nas linhas de expedi\u00e7\u00e3o, a unidade de dobragem est\u00e1 sempre numa posi\u00e7\u00e3o diferente. Por vezes no in\u00edcio, no meio ou no fim. Devido \u00e0s unidades que v\u00eam antes ou depois da unidade de dobragem, \u00e9 sempre necess\u00e1rio ajustar a altura. Do mesmo modo, as unidades de dobragem devem estar equipadas com o seu pr\u00f3prio controlo e acionamento, de modo a poderem ser operadas separadamente, se necess\u00e1rio.<\/p>\n<ul>\n<li>R\u00e9gua de entrada como 3\u00aa esta\u00e7\u00e3o<\/li>\n<li>Di\u00e2metro do rolo 40mm<\/li>\n<li>Par de eixos de corte na frente<\/li>\n<li>regula\u00e7\u00e3o motorizada da altura<\/li>\n<li>8 bolsos com largura de trabalho de 64 cm<\/li>\n<li>par de veios de corte duplos a jusante<\/li>\n<li>Prote\u00e7\u00e3o contra o ru\u00eddo<\/li>\n<\/ul>\n","protected":false},"excerpt":{"rendered":"<p>Nas linhas de expedi\u00e7\u00e3o, a unidade de dobragem est\u00e1 sempre numa posi\u00e7\u00e3o diferente. Por vezes no in\u00edcio, no meio ou no fim. Devido \u00e0s unidades que v\u00eam antes ou depois da unidade de dobragem, \u00e9 sempre necess\u00e1rio ajustar a altura. Do mesmo modo, as unidades de dobragem devem estar equipadas com o seu pr\u00f3prio controlo [&hellip;]<\/p>\n","protected":false},"featured_media":66162,"template":"","meta":[],"product_brand":[],"product_cat":[2912],"product_tag":[],"class_list":{"0":"post-93744","1":"product","2":"type-product","3":"status-publish","4":"has-post-thumbnail","6":"product_cat-unidades-de-dobragem","7":"pa_baujahr-158","8":"pa_hersteller-herzog-heymann","9":"pa_typ-3-station-m-7-40","11":"first","12":"instock","13":"sold-individually","14":"taxable","15":"shipping-taxable","16":"purchasable","17":"product-type-simple"},"jetpack_sharing_enabled":true,"_links":{"self":[{"href":"https:\/\/www.3p-gmbh.de\/pt-br\/wp-json\/wp\/v2\/product\/93744","targetHints":{"allow":["GET"]}}],"collection":[{"href":"https:\/\/www.3p-gmbh.de\/pt-br\/wp-json\/wp\/v2\/product"}],"about":[{"href":"https:\/\/www.3p-gmbh.de\/pt-br\/wp-json\/wp\/v2\/types\/product"}],"wp:featuredmedia":[{"embeddable":true,"href":"https:\/\/www.3p-gmbh.de\/pt-br\/wp-json\/wp\/v2\/media\/66162"}],"wp:attachment":[{"href":"https:\/\/www.3p-gmbh.de\/pt-br\/wp-json\/wp\/v2\/media?parent=93744"}],"wp:term":[{"taxonomy":"product_brand","embeddable":true,"href":"https:\/\/www.3p-gmbh.de\/pt-br\/wp-json\/wp\/v2\/product_brand?post=93744"},{"taxonomy":"product_cat","embeddable":true,"href":"https:\/\/www.3p-gmbh.de\/pt-br\/wp-json\/wp\/v2\/product_cat?post=93744"},{"taxonomy":"product_tag","embeddable":true,"href":"https:\/\/www.3p-gmbh.de\/pt-br\/wp-json\/wp\/v2\/product_tag?post=93744"}],"curies":[{"name":"wp","href":"https:\/\/api.w.org\/{rel}","templated":true}]}}