{"id":93732,"date":"2019-07-11T13:55:23","date_gmt":"2019-07-11T13:55:23","guid":{"rendered":"https:\/\/www.3p-gmbh.de\/produkt\/cabeca-perfuradora-de-relogio-palamides-tk-30\/"},"modified":"2019-07-11T13:55:23","modified_gmt":"2019-07-11T13:55:23","slug":"cabeca-de-perfuracao-tatil-pneumatica","status":"publish","type":"product","link":"https:\/\/www.3p-gmbh.de\/pt-br\/produkt\/cabeca-de-perfuracao-tatil-pneumatica\/","title":{"rendered":"Cabe\u00e7a perfuradora de rel\u00f3gio Palamides TK-30"},"content":{"rendered":"<ul>\n<li>cabe\u00e7a de perfura\u00e7\u00e3o de indexa\u00e7\u00e3o pneum\u00e1tica TK-30<\/li>\n<li>dispon\u00edvel 2 cabe\u00e7as e uma caixa de distribui\u00e7\u00e3o<\/li>\n<li>como op\u00e7\u00e3o, unidades de controlo adequadas da HHS ou Heidelberg ACC 2.4<\/li>\n<\/ul>\n","protected":false},"excerpt":{"rendered":"<p>cabe\u00e7a de perfura\u00e7\u00e3o de indexa\u00e7\u00e3o pneum\u00e1tica TK-30 dispon\u00edvel 2 cabe\u00e7as e uma caixa de distribui\u00e7\u00e3o como op\u00e7\u00e3o, unidades de controlo adequadas da HHS ou Heidelberg ACC 2.4<\/p>\n","protected":false},"featured_media":72069,"template":"","meta":[],"product_brand":[],"product_cat":[2882],"product_tag":[],"class_list":{"0":"post-93732","1":"product","2":"type-product","3":"status-publish","4":"has-post-thumbnail","6":"product_cat-acessorios-para-maquinas-de-dobrar","7":"pa_baujahr-313","8":"pa_hersteller-palamides","9":"pa_typ-tk-30","11":"first","12":"instock","13":"sold-individually","14":"taxable","15":"shipping-taxable","16":"purchasable","17":"product-type-simple"},"jetpack_sharing_enabled":true,"_links":{"self":[{"href":"https:\/\/www.3p-gmbh.de\/pt-br\/wp-json\/wp\/v2\/product\/93732","targetHints":{"allow":["GET"]}}],"collection":[{"href":"https:\/\/www.3p-gmbh.de\/pt-br\/wp-json\/wp\/v2\/product"}],"about":[{"href":"https:\/\/www.3p-gmbh.de\/pt-br\/wp-json\/wp\/v2\/types\/product"}],"wp:featuredmedia":[{"embeddable":true,"href":"https:\/\/www.3p-gmbh.de\/pt-br\/wp-json\/wp\/v2\/media\/72069"}],"wp:attachment":[{"href":"https:\/\/www.3p-gmbh.de\/pt-br\/wp-json\/wp\/v2\/media?parent=93732"}],"wp:term":[{"taxonomy":"product_brand","embeddable":true,"href":"https:\/\/www.3p-gmbh.de\/pt-br\/wp-json\/wp\/v2\/product_brand?post=93732"},{"taxonomy":"product_cat","embeddable":true,"href":"https:\/\/www.3p-gmbh.de\/pt-br\/wp-json\/wp\/v2\/product_cat?post=93732"},{"taxonomy":"product_tag","embeddable":true,"href":"https:\/\/www.3p-gmbh.de\/pt-br\/wp-json\/wp\/v2\/product_tag?post=93732"}],"curies":[{"name":"wp","href":"https:\/\/api.w.org\/{rel}","templated":true}]}}