{"id":93728,"date":"2019-07-11T13:55:23","date_gmt":"2019-07-11T13:55:23","guid":{"rendered":"https:\/\/www.3p-gmbh.de\/produkt\/maquina-de-dobrar-chapa-com-fivela-heidelberg-steel-th-82-6-4-2-pfh\/"},"modified":"2019-07-11T13:55:23","modified_gmt":"2019-07-11T13:55:23","slug":"maquina-de-dobrar-bolsos-2","status":"publish","type":"product","link":"https:\/\/www.3p-gmbh.de\/pt-br\/produkt\/maquina-de-dobrar-bolsos-2\/","title":{"rendered":"M\u00e1quina de dobrar chapa com fivela Heidelberg \/Steel TH 82-6-4-2-PFH"},"content":{"rendered":"<ul>\n<li>Ano de fabrico 2008<\/li>\n<li>Formato m\u00e1ximo: 82 x 128 cm<\/li>\n<li>Alimentador de paletes PFH-82 com sistema de controlo Tremat e MCT<\/li>\n<li>1\u00aa esta\u00e7\u00e3o de dobragem BUH-82 com 6 bolsos de dobragem de 82 cm, rolos de PU novos em 11-2016, pacote de eixos de corte a jusante com fun\u00e7\u00e3o de eleva\u00e7\u00e3o, acess\u00f3rios extensivos, ferramentas especiais para vincar, cortar, etc. Dispositivo de corte de tiras e bordas, cap\u00f4 de prote\u00e7\u00e3o contra ru\u00eddo<\/li>\n<li>2\u00aa esta\u00e7\u00e3o de dobragem BUH 66-4 com 4 placas de fivela com rolos de PU de 66 cm, pacote de eixos de corte a jusante com fun\u00e7\u00e3o de eleva\u00e7\u00e3o, capota de prote\u00e7\u00e3o ac\u00fastica<\/li>\n<li>3\u00aa esta\u00e7\u00e3o de dobragem BUH-56 com 2 bolsos de dobragem rolos PU de 56 cm. Pacote de eixo cortador a jusante com fun\u00e7\u00e3o de eleva\u00e7\u00e3o, capota de prote\u00e7\u00e3o contra ru\u00eddo<\/li>\n<li>Entrega de embalagens Twinstacker TSH-70 com esta\u00e7\u00e3o de prensagem e dispositivo de marca\u00e7\u00e3o<\/li>\n<\/ul>\n","protected":false},"excerpt":{"rendered":"<p>Ano de fabrico 2008 Formato m\u00e1ximo: 82 x 128 cm Alimentador de paletes PFH-82 com sistema de controlo Tremat e MCT 1\u00aa esta\u00e7\u00e3o de dobragem BUH-82 com 6 bolsos de dobragem de 82 cm, rolos de PU novos em 11-2016, pacote de eixos de corte a jusante com fun\u00e7\u00e3o de eleva\u00e7\u00e3o, acess\u00f3rios extensivos, ferramentas especiais [&hellip;]<\/p>\n","protected":false},"featured_media":71247,"template":"","meta":[],"product_brand":[],"product_cat":[2979],"product_tag":[],"class_list":{"0":"post-93728","1":"product","2":"type-product","3":"status-publish","4":"has-post-thumbnail","6":"product_cat-maquinas-de-dobrar","7":"pa_baujahr-326","8":"pa_hersteller-heidelberg-stahl-ludwigsburg","9":"pa_typ-th-82-6-4-2-pfh-mit-twinstacker-tsh-70","11":"first","12":"instock","13":"sold-individually","14":"taxable","15":"shipping-taxable","16":"purchasable","17":"product-type-simple"},"jetpack_sharing_enabled":true,"_links":{"self":[{"href":"https:\/\/www.3p-gmbh.de\/pt-br\/wp-json\/wp\/v2\/product\/93728","targetHints":{"allow":["GET"]}}],"collection":[{"href":"https:\/\/www.3p-gmbh.de\/pt-br\/wp-json\/wp\/v2\/product"}],"about":[{"href":"https:\/\/www.3p-gmbh.de\/pt-br\/wp-json\/wp\/v2\/types\/product"}],"wp:featuredmedia":[{"embeddable":true,"href":"https:\/\/www.3p-gmbh.de\/pt-br\/wp-json\/wp\/v2\/media\/71247"}],"wp:attachment":[{"href":"https:\/\/www.3p-gmbh.de\/pt-br\/wp-json\/wp\/v2\/media?parent=93728"}],"wp:term":[{"taxonomy":"product_brand","embeddable":true,"href":"https:\/\/www.3p-gmbh.de\/pt-br\/wp-json\/wp\/v2\/product_brand?post=93728"},{"taxonomy":"product_cat","embeddable":true,"href":"https:\/\/www.3p-gmbh.de\/pt-br\/wp-json\/wp\/v2\/product_cat?post=93728"},{"taxonomy":"product_tag","embeddable":true,"href":"https:\/\/www.3p-gmbh.de\/pt-br\/wp-json\/wp\/v2\/product_tag?post=93728"}],"curies":[{"name":"wp","href":"https:\/\/api.w.org\/{rel}","templated":true}]}}