{"id":93706,"date":"2019-07-11T13:55:29","date_gmt":"2019-07-11T13:55:29","guid":{"rendered":"https:\/\/www.3p-gmbh.de\/produkt\/heidelberg-aco-sbp-66-d-mke-entrega-em-arco-em-pe\/"},"modified":"2019-07-11T13:55:29","modified_gmt":"2019-07-11T13:55:29","slug":"expositor-em-arco-de-pe","status":"publish","type":"product","link":"https:\/\/www.3p-gmbh.de\/pt-br\/produkt\/expositor-em-arco-de-pe\/","title":{"rendered":"Heidelberg \/ A\u00e7o SBP 66 D MKE Entrega em arco em p\u00e9"},"content":{"rendered":"<p>O sistema de distribui\u00e7\u00e3o tem uma elevada capacidade de armazenamento de cadernos dobrados ou agrafados e \u00e9, por isso, particularmente adequado para o processamento de tiragens m\u00e9dias e longas.<\/p>\n<ul>\n<li>Grande volume de pilha de produtos dobrados ou cosidos, mesmo com pap\u00e9is dif\u00edceis<\/li>\n<li>Largura de trabalho 66cm, at\u00e9 3 pain\u00e9is<\/li>\n<li>Altura ajust\u00e1vel para utiliza\u00e7\u00e3o em m\u00e1quinas de dobrar e m\u00e1quinas de coser a arame<\/li>\n<li>Opera\u00e7\u00e3o produtiva da m\u00e1quina de dobragem de comp\u00f3sitos e do sistema de entrega por uma s\u00f3 pessoa<\/li>\n<li>Dispositivo de marca\u00e7\u00e3o<\/li>\n<li>Controlo DCT<\/li>\n<li>Altura da entrada 36-96cm<\/li>\n<li>Comprimento m\u00e1ximo da pilha. 80 cm<\/li>\n<li>m\u00e1ximo. Formato 66x30cm<\/li>\n<li>min. Formato 12x10cm<\/li>\n<li>Espessura m\u00e1xima do produto. 4 mm<\/li>\n<li>For\u00e7a de press\u00e3o 8000 N<\/li>\n<\/ul>\n","protected":false},"excerpt":{"rendered":"<p>O sistema de distribui\u00e7\u00e3o tem uma elevada capacidade de armazenamento de cadernos dobrados ou agrafados e \u00e9, por isso, particularmente adequado para o processamento de tiragens m\u00e9dias e longas. Grande volume de pilha de produtos dobrados ou cosidos, mesmo com pap\u00e9is dif\u00edceis Largura de trabalho 66cm, at\u00e9 3 pain\u00e9is Altura ajust\u00e1vel para utiliza\u00e7\u00e3o em m\u00e1quinas [&hellip;]<\/p>\n","protected":false},"featured_media":66258,"template":"","meta":[],"product_brand":[],"product_cat":[2919],"product_tag":[],"class_list":{"0":"post-93706","1":"product","2":"type-product","3":"status-publish","4":"has-post-thumbnail","6":"product_cat-despesas","7":"pa_baujahr-158","8":"pa_hersteller-heidelberg-stahl","9":"pa_typ-sbp-66-d-mke","11":"first","12":"instock","13":"sold-individually","14":"taxable","15":"shipping-taxable","16":"purchasable","17":"product-type-simple"},"jetpack_sharing_enabled":true,"_links":{"self":[{"href":"https:\/\/www.3p-gmbh.de\/pt-br\/wp-json\/wp\/v2\/product\/93706","targetHints":{"allow":["GET"]}}],"collection":[{"href":"https:\/\/www.3p-gmbh.de\/pt-br\/wp-json\/wp\/v2\/product"}],"about":[{"href":"https:\/\/www.3p-gmbh.de\/pt-br\/wp-json\/wp\/v2\/types\/product"}],"wp:featuredmedia":[{"embeddable":true,"href":"https:\/\/www.3p-gmbh.de\/pt-br\/wp-json\/wp\/v2\/media\/66258"}],"wp:attachment":[{"href":"https:\/\/www.3p-gmbh.de\/pt-br\/wp-json\/wp\/v2\/media?parent=93706"}],"wp:term":[{"taxonomy":"product_brand","embeddable":true,"href":"https:\/\/www.3p-gmbh.de\/pt-br\/wp-json\/wp\/v2\/product_brand?post=93706"},{"taxonomy":"product_cat","embeddable":true,"href":"https:\/\/www.3p-gmbh.de\/pt-br\/wp-json\/wp\/v2\/product_cat?post=93706"},{"taxonomy":"product_tag","embeddable":true,"href":"https:\/\/www.3p-gmbh.de\/pt-br\/wp-json\/wp\/v2\/product_tag?post=93706"}],"curies":[{"name":"wp","href":"https:\/\/api.w.org\/{rel}","templated":true}]}}