{"id":93699,"date":"2019-07-11T13:55:29","date_gmt":"2019-07-11T13:55:29","guid":{"rendered":"https:\/\/www.3p-gmbh.de\/produkt\/baeuerle-skm-36-b-entrega-de-pequeno-formato-em-arco-vertical\/"},"modified":"2019-07-11T13:55:29","modified_gmt":"2019-07-11T13:55:29","slug":"ecra-de-pe-de-pequeno-formato","status":"publish","type":"product","link":"https:\/\/www.3p-gmbh.de\/pt-br\/produkt\/ecra-de-pe-de-pequeno-formato\/","title":{"rendered":"B\u00e4uerle SKM 36-B entrega de pequeno formato em arco vertical"},"content":{"rendered":"<ul>\n<li>folha de p\u00e9 m\u00f3vel entrega de pequenos formatos<\/li>\n<li>Largura da entrada 36 cm<\/li>\n<li>Formatos: max. 36 x 12 cm, min. 5 x 1,8 cm<\/li>\n<li>Altura de entrada 60 a 93 cm, regul\u00e1vel de forma cont\u00ednua<\/li>\n<li>pode ser equipado com o seu pr\u00f3prio controlo (potenci\u00f3metro com conversor de frequ\u00eancia) para liga\u00e7\u00e3o a produtos de terceiros<\/li>\n<li>Marca\u00e7\u00e3o da contagem pr\u00e9-eleitoral com kickers<\/li>\n<\/ul>\n","protected":false},"excerpt":{"rendered":"<p>folha de p\u00e9 m\u00f3vel entrega de pequenos formatos Largura da entrada 36 cm Formatos: max. 36 x 12 cm, min. 5 x 1,8 cm Altura de entrada 60 a 93 cm, regul\u00e1vel de forma cont\u00ednua pode ser equipado com o seu pr\u00f3prio controlo (potenci\u00f3metro com conversor de frequ\u00eancia) para liga\u00e7\u00e3o a produtos de terceiros Marca\u00e7\u00e3o [&hellip;]<\/p>\n","protected":false},"featured_media":71235,"template":"","meta":[],"product_brand":[],"product_cat":[2919],"product_tag":[],"class_list":{"0":"post-93699","1":"product","2":"type-product","3":"status-publish","4":"has-post-thumbnail","6":"product_cat-despesas","7":"pa_baujahr-130","8":"pa_hersteller-mathias-baeuerle","9":"pa_typ-skm-36-b","11":"first","12":"instock","13":"sold-individually","14":"taxable","15":"shipping-taxable","16":"purchasable","17":"product-type-simple"},"jetpack_sharing_enabled":true,"_links":{"self":[{"href":"https:\/\/www.3p-gmbh.de\/pt-br\/wp-json\/wp\/v2\/product\/93699","targetHints":{"allow":["GET"]}}],"collection":[{"href":"https:\/\/www.3p-gmbh.de\/pt-br\/wp-json\/wp\/v2\/product"}],"about":[{"href":"https:\/\/www.3p-gmbh.de\/pt-br\/wp-json\/wp\/v2\/types\/product"}],"wp:featuredmedia":[{"embeddable":true,"href":"https:\/\/www.3p-gmbh.de\/pt-br\/wp-json\/wp\/v2\/media\/71235"}],"wp:attachment":[{"href":"https:\/\/www.3p-gmbh.de\/pt-br\/wp-json\/wp\/v2\/media?parent=93699"}],"wp:term":[{"taxonomy":"product_brand","embeddable":true,"href":"https:\/\/www.3p-gmbh.de\/pt-br\/wp-json\/wp\/v2\/product_brand?post=93699"},{"taxonomy":"product_cat","embeddable":true,"href":"https:\/\/www.3p-gmbh.de\/pt-br\/wp-json\/wp\/v2\/product_cat?post=93699"},{"taxonomy":"product_tag","embeddable":true,"href":"https:\/\/www.3p-gmbh.de\/pt-br\/wp-json\/wp\/v2\/product_tag?post=93699"}],"curies":[{"name":"wp","href":"https:\/\/api.w.org\/{rel}","templated":true}]}}