{"id":93695,"date":"2019-07-11T13:55:29","date_gmt":"2019-07-11T13:55:29","guid":{"rendered":"https:\/\/www.3p-gmbh.de\/produkt\/baeuerle-multipli-384-ps-dobrador-de-placas-com-fivela\/"},"modified":"2019-07-11T13:55:29","modified_gmt":"2019-07-11T13:55:29","slug":"maquina-de-dobrar-quatro-bolsos","status":"publish","type":"product","link":"https:\/\/www.3p-gmbh.de\/pt-br\/produkt\/maquina-de-dobrar-quatro-bolsos\/","title":{"rendered":"B\u00e4uerle Multipli 384 PS dobrador de placas com fivela"},"content":{"rendered":"<ul>\n<li>4 bolsos dobr\u00e1veis<\/li>\n<li>Alimentador de aspira\u00e7\u00e3o por baixo do ch\u00e3o com alinhamento<\/li>\n<li>Ecr\u00e3 de fita<\/li>\n<li>Liga\u00e7\u00e3o 220 V<\/li>\n<li>m\u00e1ximo. Tamanho do papel largura 358 x comprimento 530 mm<\/li>\n<li>min. Tamanho do papel 80 x 100 mm<\/li>\n<li>Comprimento m\u00ednimo do ressalto 33 mm<\/li>\n<\/ul>\n","protected":false},"excerpt":{"rendered":"<p>4 bolsos dobr\u00e1veis Alimentador de aspira\u00e7\u00e3o por baixo do ch\u00e3o com alinhamento Ecr\u00e3 de fita Liga\u00e7\u00e3o 220 V m\u00e1ximo. Tamanho do papel largura 358 x comprimento 530 mm min. Tamanho do papel 80 x 100 mm Comprimento m\u00ednimo do ressalto 33 mm<\/p>\n","protected":false},"featured_media":66288,"template":"","meta":[],"product_brand":[],"product_cat":[2979],"product_tag":[],"class_list":{"0":"post-93695","1":"product","2":"type-product","3":"status-publish","4":"has-post-thumbnail","6":"product_cat-maquinas-de-dobrar","7":"pa_baujahr-404","8":"pa_hersteller-mathias-baeuerle","9":"pa_typ-multipli-384-ps","11":"first","12":"instock","13":"sold-individually","14":"taxable","15":"shipping-taxable","16":"purchasable","17":"product-type-simple"},"jetpack_sharing_enabled":true,"_links":{"self":[{"href":"https:\/\/www.3p-gmbh.de\/pt-br\/wp-json\/wp\/v2\/product\/93695","targetHints":{"allow":["GET"]}}],"collection":[{"href":"https:\/\/www.3p-gmbh.de\/pt-br\/wp-json\/wp\/v2\/product"}],"about":[{"href":"https:\/\/www.3p-gmbh.de\/pt-br\/wp-json\/wp\/v2\/types\/product"}],"wp:featuredmedia":[{"embeddable":true,"href":"https:\/\/www.3p-gmbh.de\/pt-br\/wp-json\/wp\/v2\/media\/66288"}],"wp:attachment":[{"href":"https:\/\/www.3p-gmbh.de\/pt-br\/wp-json\/wp\/v2\/media?parent=93695"}],"wp:term":[{"taxonomy":"product_brand","embeddable":true,"href":"https:\/\/www.3p-gmbh.de\/pt-br\/wp-json\/wp\/v2\/product_brand?post=93695"},{"taxonomy":"product_cat","embeddable":true,"href":"https:\/\/www.3p-gmbh.de\/pt-br\/wp-json\/wp\/v2\/product_cat?post=93695"},{"taxonomy":"product_tag","embeddable":true,"href":"https:\/\/www.3p-gmbh.de\/pt-br\/wp-json\/wp\/v2\/product_tag?post=93695"}],"curies":[{"name":"wp","href":"https:\/\/api.w.org\/{rel}","templated":true}]}}