{"id":93693,"date":"2019-07-11T13:55:29","date_gmt":"2019-07-11T13:55:29","guid":{"rendered":"https:\/\/www.3p-gmbh.de\/produkt\/heidelberg-aco-ffp-78-saco-dobravel-com-janela-pneumatica\/"},"modified":"2019-07-11T13:55:29","modified_gmt":"2019-07-11T13:55:29","slug":"bolso-dobravel-com-janela-pneumatica","status":"publish","type":"product","link":"https:\/\/www.3p-gmbh.de\/pt-br\/produkt\/bolso-dobravel-com-janela-pneumatica\/","title":{"rendered":"Heidelberg \/ A\u00e7o FFP 78 saco dobr\u00e1vel com janela pneum\u00e1tica"},"content":{"rendered":"<ul>\n<li>ACC 2.2 Unidade de controlo para dispositivo de colagem ou bolsa de dobragem<\/li>\n<li>bolsa pneum\u00e1tica para janelas FFP 78 cm de largura de alimenta\u00e7\u00e3o com sensor de alimenta\u00e7\u00e3o<\/li>\n<li>Controlo digital com ACC 2.4 para determina\u00e7\u00e3o exacta dos tempos de comuta\u00e7\u00e3o<\/li>\n<li>Funcionamento simples, tempo de regula\u00e7\u00e3o curto<\/li>\n<li>Possibilidade de at\u00e9 15.000 ciclos por hora em funcionamento cont\u00ednuo<\/li>\n<li>Espa\u00e7amento m\u00ednimo entre as abas de 0,5-1 mil\u00edmetro, consoante a espessura do papel<\/li>\n<li>Design particularmente plano, utiliza\u00e7\u00e3o em qualquer posi\u00e7\u00e3o do bolso<\/li>\n<\/ul>\n","protected":false},"excerpt":{"rendered":"<p>ACC 2.2 Unidade de controlo para dispositivo de colagem ou bolsa de dobragem bolsa pneum\u00e1tica para janelas FFP 78 cm de largura de alimenta\u00e7\u00e3o com sensor de alimenta\u00e7\u00e3o Controlo digital com ACC 2.4 para determina\u00e7\u00e3o exacta dos tempos de comuta\u00e7\u00e3o Funcionamento simples, tempo de regula\u00e7\u00e3o curto Possibilidade de at\u00e9 15.000 ciclos por hora em funcionamento [&hellip;]<\/p>\n","protected":false},"featured_media":66252,"template":"","meta":[],"product_brand":[],"product_cat":[2882],"product_tag":[],"class_list":{"0":"post-93693","1":"product","2":"type-product","3":"status-publish","4":"has-post-thumbnail","6":"product_cat-acessorios-para-maquinas-de-dobrar","7":"pa_baujahr-153","8":"pa_hersteller-heidelberg-stahl","9":"pa_typ-stahlfolder-ffp-78-cm","11":"first","12":"instock","13":"sold-individually","14":"taxable","15":"shipping-taxable","16":"purchasable","17":"product-type-simple"},"jetpack_sharing_enabled":true,"_links":{"self":[{"href":"https:\/\/www.3p-gmbh.de\/pt-br\/wp-json\/wp\/v2\/product\/93693","targetHints":{"allow":["GET"]}}],"collection":[{"href":"https:\/\/www.3p-gmbh.de\/pt-br\/wp-json\/wp\/v2\/product"}],"about":[{"href":"https:\/\/www.3p-gmbh.de\/pt-br\/wp-json\/wp\/v2\/types\/product"}],"wp:featuredmedia":[{"embeddable":true,"href":"https:\/\/www.3p-gmbh.de\/pt-br\/wp-json\/wp\/v2\/media\/66252"}],"wp:attachment":[{"href":"https:\/\/www.3p-gmbh.de\/pt-br\/wp-json\/wp\/v2\/media?parent=93693"}],"wp:term":[{"taxonomy":"product_brand","embeddable":true,"href":"https:\/\/www.3p-gmbh.de\/pt-br\/wp-json\/wp\/v2\/product_brand?post=93693"},{"taxonomy":"product_cat","embeddable":true,"href":"https:\/\/www.3p-gmbh.de\/pt-br\/wp-json\/wp\/v2\/product_cat?post=93693"},{"taxonomy":"product_tag","embeddable":true,"href":"https:\/\/www.3p-gmbh.de\/pt-br\/wp-json\/wp\/v2\/product_tag?post=93693"}],"curies":[{"name":"wp","href":"https:\/\/api.w.org\/{rel}","templated":true}]}}