{"id":93686,"date":"2019-07-11T13:55:29","date_gmt":"2019-07-11T13:55:29","guid":{"rendered":"https:\/\/www.3p-gmbh.de\/produkt\/maquina-de-dobrar-combinada-mbo-t-45-4-x-f-sa\/"},"modified":"2019-07-11T13:55:29","modified_gmt":"2019-07-11T13:55:29","slug":"maquina-de-dobrar-combinada-de-bolso","status":"publish","type":"product","link":"https:\/\/www.3p-gmbh.de\/pt-br\/produkt\/maquina-de-dobrar-combinada-de-bolso\/","title":{"rendered":"M\u00e1quina de dobrar combinada MBO T 45-4-X-F SA"},"content":{"rendered":"<ul>\n<li>M\u00e1quina de dobrar combinada de bolso<\/li>\n<li>Formato 10,5 x 10,5cm at\u00e9 45 x 72cm<\/li>\n<li>Velocidade da folha dobrada entre 50-180 m\/min (dependendo do material e do tipo de dobra)<\/li>\n<li>Alimentador de pilhas planas com contador de pr\u00e9-sele\u00e7\u00e3o<\/li>\n<li>FW 4 bolsos largura de entrada 45cm<\/li>\n<li>Bloco de corte\/faca para cortar, perfurar, vincar<\/li>\n<li>unidade dobr\u00e1vel em X com uma espada<\/li>\n<li>expositor m\u00f3vel para barracas<\/li>\n<\/ul>\n","protected":false},"excerpt":{"rendered":"<p>M\u00e1quina de dobrar combinada de bolso Formato 10,5 x 10,5cm at\u00e9 45 x 72cm Velocidade da folha dobrada entre 50-180 m\/min (dependendo do material e do tipo de dobra) Alimentador de pilhas planas com contador de pr\u00e9-sele\u00e7\u00e3o FW 4 bolsos largura de entrada 45cm Bloco de corte\/faca para cortar, perfurar, vincar unidade dobr\u00e1vel em X [&hellip;]<\/p>\n","protected":false},"featured_media":83692,"template":"","meta":[],"product_brand":[],"product_cat":[2979],"product_tag":[],"class_list":{"0":"post-93686","1":"product","2":"type-product","3":"status-publish","4":"has-post-thumbnail","6":"product_cat-maquinas-de-dobrar","7":"pa_hersteller-mbo-oppenweiler","8":"pa_typ-mbo-t-45-4-x-f-sa","10":"first","11":"instock","12":"sold-individually","13":"taxable","14":"shipping-taxable","15":"purchasable","16":"product-type-simple"},"jetpack_sharing_enabled":true,"_links":{"self":[{"href":"https:\/\/www.3p-gmbh.de\/pt-br\/wp-json\/wp\/v2\/product\/93686","targetHints":{"allow":["GET"]}}],"collection":[{"href":"https:\/\/www.3p-gmbh.de\/pt-br\/wp-json\/wp\/v2\/product"}],"about":[{"href":"https:\/\/www.3p-gmbh.de\/pt-br\/wp-json\/wp\/v2\/types\/product"}],"wp:featuredmedia":[{"embeddable":true,"href":"https:\/\/www.3p-gmbh.de\/pt-br\/wp-json\/wp\/v2\/media\/83692"}],"wp:attachment":[{"href":"https:\/\/www.3p-gmbh.de\/pt-br\/wp-json\/wp\/v2\/media?parent=93686"}],"wp:term":[{"taxonomy":"product_brand","embeddable":true,"href":"https:\/\/www.3p-gmbh.de\/pt-br\/wp-json\/wp\/v2\/product_brand?post=93686"},{"taxonomy":"product_cat","embeddable":true,"href":"https:\/\/www.3p-gmbh.de\/pt-br\/wp-json\/wp\/v2\/product_cat?post=93686"},{"taxonomy":"product_tag","embeddable":true,"href":"https:\/\/www.3p-gmbh.de\/pt-br\/wp-json\/wp\/v2\/product_tag?post=93686"}],"curies":[{"name":"wp","href":"https:\/\/api.w.org\/{rel}","templated":true}]}}