{"id":93668,"date":"2019-07-11T13:55:29","date_gmt":"2019-07-11T13:55:29","guid":{"rendered":"https:\/\/www.3p-gmbh.de\/produkt\/mbo-t-500-4-3x-f-com-dobrador-de-placa-com-fivela-sa-530\/"},"modified":"2019-07-11T13:55:29","modified_gmt":"2019-07-11T13:55:29","slug":"maquina-de-dobrar-bolsos-3","status":"publish","type":"product","link":"https:\/\/www.3p-gmbh.de\/pt-br\/produkt\/maquina-de-dobrar-bolsos-3\/","title":{"rendered":"MBO T-500-4-3X-F com dobrador de placa com fivela SA 530"},"content":{"rendered":"<ul>\n<li>Alimentador de estacas planas com unidade de controlo MCC-3<\/li>\n<li>FW 1 com 4 bolsas de dobragem combinadas largura de alimenta\u00e7\u00e3o 52 cm, veio cortador a jusante, dispositivo de redu\u00e7\u00e3o de ru\u00eddo<\/li>\n<li>FW 2 com 4 bolsas de dobragem combinadas largura de alimenta\u00e7\u00e3o 52 cm, veio cortador a jusante, dispositivo de redu\u00e7\u00e3o de ru\u00eddo<\/li>\n<li>Espada m\u00f3vel FW 3<\/li>\n<\/ul>\n","protected":false},"excerpt":{"rendered":"<p>Alimentador de estacas planas com unidade de controlo MCC-3 FW 1 com 4 bolsas de dobragem combinadas largura de alimenta\u00e7\u00e3o 52 cm, veio cortador a jusante, dispositivo de redu\u00e7\u00e3o de ru\u00eddo FW 2 com 4 bolsas de dobragem combinadas largura de alimenta\u00e7\u00e3o 52 cm, veio cortador a jusante, dispositivo de redu\u00e7\u00e3o de ru\u00eddo Espada m\u00f3vel [&hellip;]<\/p>\n","protected":false},"featured_media":66324,"template":"","meta":[],"product_brand":[],"product_cat":[2979],"product_tag":[],"class_list":{"0":"post-93668","1":"product","2":"type-product","3":"status-publish","4":"has-post-thumbnail","6":"product_cat-maquinas-de-dobrar","7":"pa_baujahr-209","8":"pa_hersteller-mbo-oppenweiler","9":"pa_typ-t-500-4-4-3x-f-mit-sa-530","11":"first","12":"instock","13":"sold-individually","14":"taxable","15":"shipping-taxable","16":"purchasable","17":"product-type-simple"},"jetpack_sharing_enabled":true,"_links":{"self":[{"href":"https:\/\/www.3p-gmbh.de\/pt-br\/wp-json\/wp\/v2\/product\/93668","targetHints":{"allow":["GET"]}}],"collection":[{"href":"https:\/\/www.3p-gmbh.de\/pt-br\/wp-json\/wp\/v2\/product"}],"about":[{"href":"https:\/\/www.3p-gmbh.de\/pt-br\/wp-json\/wp\/v2\/types\/product"}],"wp:featuredmedia":[{"embeddable":true,"href":"https:\/\/www.3p-gmbh.de\/pt-br\/wp-json\/wp\/v2\/media\/66324"}],"wp:attachment":[{"href":"https:\/\/www.3p-gmbh.de\/pt-br\/wp-json\/wp\/v2\/media?parent=93668"}],"wp:term":[{"taxonomy":"product_brand","embeddable":true,"href":"https:\/\/www.3p-gmbh.de\/pt-br\/wp-json\/wp\/v2\/product_brand?post=93668"},{"taxonomy":"product_cat","embeddable":true,"href":"https:\/\/www.3p-gmbh.de\/pt-br\/wp-json\/wp\/v2\/product_cat?post=93668"},{"taxonomy":"product_tag","embeddable":true,"href":"https:\/\/www.3p-gmbh.de\/pt-br\/wp-json\/wp\/v2\/product_tag?post=93668"}],"curies":[{"name":"wp","href":"https:\/\/api.w.org\/{rel}","templated":true}]}}