{"id":93662,"date":"2019-07-11T13:55:29","date_gmt":"2019-07-11T13:55:29","guid":{"rendered":"https:\/\/www.3p-gmbh.de\/produkt\/mbo-t-530-6-4-x-r-sbap-46-me-pasta-de-placas-de-fivela-de-fecho\/"},"modified":"2019-07-11T13:55:29","modified_gmt":"2019-07-11T13:55:29","slug":"maquina-de-dobrar-bolsos-4","status":"publish","type":"product","link":"https:\/\/www.3p-gmbh.de\/pt-br\/produkt\/maquina-de-dobrar-bolsos-4\/","title":{"rendered":"MBO T 530-6-4-X-R SBAP 46 ME pasta de placas de fivela de fecho"},"content":{"rendered":"<ul>\n<li>Formato m\u00e1ximo. 53 x 84 cm<\/li>\n<li>Formato min. 10,5 x 10,5 cm<\/li>\n<li>Sa\u00edda: 10 &#8211; 205 m\/min<\/li>\n<li>Alimentador de estacas redondas com controlo do navegador<\/li>\n<li>FW 1 com 6 bolsos de dobragem combinados ajust\u00e1veis por motor largura de alimenta\u00e7\u00e3o 53 cm, eixo de corte a jusante atrav\u00e9s de eixos de aperto r\u00e1pido, dispositivo de amortecimento de ru\u00eddo<\/li>\n<li>FW 2 com 4 bolsas de dobragem combinadas ajust\u00e1veis por motor, largura de alimenta\u00e7\u00e3o 53 cm, eixo da guilhotina a jusante atrav\u00e9s de eixos de aperto r\u00e1pido, dispositivo de amortecimento de ru\u00eddo<\/li>\n<li>FW 3 quebra-cabe\u00e7as m\u00f3vel X com uma espada<\/li>\n<li>Exposi\u00e7\u00e3o de galp\u00f5es<\/li>\n<li>SBAP 46 ME prensa vertical com dispositivo de marca\u00e7\u00e3o<\/li>\n<\/ul>\n","protected":false},"excerpt":{"rendered":"<p>Formato m\u00e1ximo. 53 x 84 cm Formato min. 10,5 x 10,5 cm Sa\u00edda: 10 &#8211; 205 m\/min Alimentador de estacas redondas com controlo do navegador FW 1 com 6 bolsos de dobragem combinados ajust\u00e1veis por motor largura de alimenta\u00e7\u00e3o 53 cm, eixo de corte a jusante atrav\u00e9s de eixos de aperto r\u00e1pido, dispositivo de amortecimento [&hellip;]<\/p>\n","protected":false},"featured_media":66342,"template":"","meta":[],"product_brand":[],"product_cat":[2979],"product_tag":[],"class_list":{"0":"post-93662","1":"product","2":"type-product","3":"status-publish","4":"has-post-thumbnail","6":"product_cat-maquinas-de-dobrar","7":"pa_baujahr-130","8":"pa_hersteller-mbo","9":"pa_typ-t-530-6-4-x-r-sbap-46me","11":"first","12":"instock","13":"sold-individually","14":"taxable","15":"shipping-taxable","16":"purchasable","17":"product-type-simple"},"jetpack_sharing_enabled":true,"_links":{"self":[{"href":"https:\/\/www.3p-gmbh.de\/pt-br\/wp-json\/wp\/v2\/product\/93662","targetHints":{"allow":["GET"]}}],"collection":[{"href":"https:\/\/www.3p-gmbh.de\/pt-br\/wp-json\/wp\/v2\/product"}],"about":[{"href":"https:\/\/www.3p-gmbh.de\/pt-br\/wp-json\/wp\/v2\/types\/product"}],"wp:featuredmedia":[{"embeddable":true,"href":"https:\/\/www.3p-gmbh.de\/pt-br\/wp-json\/wp\/v2\/media\/66342"}],"wp:attachment":[{"href":"https:\/\/www.3p-gmbh.de\/pt-br\/wp-json\/wp\/v2\/media?parent=93662"}],"wp:term":[{"taxonomy":"product_brand","embeddable":true,"href":"https:\/\/www.3p-gmbh.de\/pt-br\/wp-json\/wp\/v2\/product_brand?post=93662"},{"taxonomy":"product_cat","embeddable":true,"href":"https:\/\/www.3p-gmbh.de\/pt-br\/wp-json\/wp\/v2\/product_cat?post=93662"},{"taxonomy":"product_tag","embeddable":true,"href":"https:\/\/www.3p-gmbh.de\/pt-br\/wp-json\/wp\/v2\/product_tag?post=93662"}],"curies":[{"name":"wp","href":"https:\/\/api.w.org\/{rel}","templated":true}]}}