{"id":93659,"date":"2019-07-11T13:55:29","date_gmt":"2019-07-11T13:55:29","guid":{"rendered":"https:\/\/www.3p-gmbh.de\/produkt\/maquina-de-dobrar-chapa-com-fivela-automatica-heidelberg-stahl-td-52-4-fi\/"},"modified":"2019-07-11T13:55:29","modified_gmt":"2019-07-11T13:55:29","slug":"maquina-automatica-de-dobrar-bolsos","status":"publish","type":"product","link":"https:\/\/www.3p-gmbh.de\/pt-br\/produkt\/maquina-automatica-de-dobrar-bolsos\/","title":{"rendered":"M\u00e1quina de dobrar chapa com fivela autom\u00e1tica Heidelberg \/ Stahl TD 52-4-Fi"},"content":{"rendered":"<ul>\n<li>pasta com placa de fivela ajust\u00e1vel para motor Stahlfolder TD 52-4-Fi com SA 66 MP.D<\/li>\n<li>Ano de fabrico 2001<\/li>\n<li>em agosto de 2014, todos os rolos de dobragem, rolamentos e prensas de lubrifica\u00e7\u00e3o foram renovados<\/li>\n<li>Formato 52 x 84cm<\/li>\n<li>Alimentador de estacas planas Fi 52 com Tremat e sopradores laterais<\/li>\n<li>1. movimento 4 r\u00e9guas motorizadas regul\u00e1veis e bolsos 52cm e cortador a jusante, ferramentas de vincar Tri-Craeser.<\/li>\n<li>2. movimento 4 r\u00e9guas e bolsas regul\u00e1veis por motor 52cm e veio cortador a jusante<\/li>\n<li>1 prensa de balan\u00e7a m\u00f3vel SA 66MP.D com dispositivo de marca\u00e7\u00e3o<\/li>\n<li>1 Bomba DV em caixa ac\u00fastica<\/li>\n<li>1 bolsa pneum\u00e1tica, motorizada e regul\u00e1vel para rebater janelas com comando ACC2.4<\/li>\n<\/ul>\n","protected":false},"excerpt":{"rendered":"<p>pasta com placa de fivela ajust\u00e1vel para motor Stahlfolder TD 52-4-Fi com SA 66 MP.D Ano de fabrico 2001 em agosto de 2014, todos os rolos de dobragem, rolamentos e prensas de lubrifica\u00e7\u00e3o foram renovados Formato 52 x 84cm Alimentador de estacas planas Fi 52 com Tremat e sopradores laterais 1. movimento 4 r\u00e9guas motorizadas [&hellip;]<\/p>\n","protected":false},"featured_media":66378,"template":"","meta":[],"product_brand":[],"product_cat":[2979],"product_tag":[],"class_list":{"0":"post-93659","1":"product","2":"type-product","3":"status-publish","4":"has-post-thumbnail","6":"product_cat-maquinas-de-dobrar","7":"pa_baujahr-130","8":"pa_hersteller-heidelberg-stahl","9":"pa_typ-td-52-4-4-fi-mit-sa-66-mp-d","11":"first","12":"instock","13":"sold-individually","14":"taxable","15":"shipping-taxable","16":"purchasable","17":"product-type-simple"},"jetpack_sharing_enabled":true,"_links":{"self":[{"href":"https:\/\/www.3p-gmbh.de\/pt-br\/wp-json\/wp\/v2\/product\/93659","targetHints":{"allow":["GET"]}}],"collection":[{"href":"https:\/\/www.3p-gmbh.de\/pt-br\/wp-json\/wp\/v2\/product"}],"about":[{"href":"https:\/\/www.3p-gmbh.de\/pt-br\/wp-json\/wp\/v2\/types\/product"}],"wp:featuredmedia":[{"embeddable":true,"href":"https:\/\/www.3p-gmbh.de\/pt-br\/wp-json\/wp\/v2\/media\/66378"}],"wp:attachment":[{"href":"https:\/\/www.3p-gmbh.de\/pt-br\/wp-json\/wp\/v2\/media?parent=93659"}],"wp:term":[{"taxonomy":"product_brand","embeddable":true,"href":"https:\/\/www.3p-gmbh.de\/pt-br\/wp-json\/wp\/v2\/product_brand?post=93659"},{"taxonomy":"product_cat","embeddable":true,"href":"https:\/\/www.3p-gmbh.de\/pt-br\/wp-json\/wp\/v2\/product_cat?post=93659"},{"taxonomy":"product_tag","embeddable":true,"href":"https:\/\/www.3p-gmbh.de\/pt-br\/wp-json\/wp\/v2\/product_tag?post=93659"}],"curies":[{"name":"wp","href":"https:\/\/api.w.org\/{rel}","templated":true}]}}