{"id":93642,"date":"2019-07-11T13:54:40","date_gmt":"2019-07-11T13:54:40","guid":{"rendered":"https:\/\/www.3p-gmbh.de\/produkt\/basf-cw-35x50-instalacao-de-processamento-nyloprint\/"},"modified":"2019-07-11T13:54:40","modified_gmt":"2019-07-11T13:54:40","slug":"fabrica-de-processamento-nyloprint","status":"publish","type":"product","link":"https:\/\/www.3p-gmbh.de\/pt-br\/produkt\/fabrica-de-processamento-nyloprint\/","title":{"rendered":"BASF CW 35&#215;50 Instala\u00e7\u00e3o de processamento Nyloprint"},"content":{"rendered":"<p>Linha completa para a produ\u00e7\u00e3o de formas de nyloprinting lav\u00e1veis com \u00e1gua (BASF\/Flint) at\u00e9 um formato de 350x500mm, composta por:<\/p>\n<ul>\n<li>Imagesetter com l\u00e2mpadas UV especiais, mesa de v\u00e1cuo com bomba de v\u00e1cuo<\/li>\n<li>M\u00e1quina de lavar plana com controlo de temperatura da \u00e1gua infinitamente vari\u00e1vel de 0 &#8211; 40\u00b0 C, sistema de fluxo, ajuste autom\u00e1tico da press\u00e3o da escova para qualquer espessura de material.<\/li>\n<li>Secador de ar quente com compartimento de arruma\u00e7\u00e3o<\/li>\n<\/ul>\n","protected":false},"excerpt":{"rendered":"<p>Linha completa para a produ\u00e7\u00e3o de formas de nyloprinting lav\u00e1veis com \u00e1gua (BASF\/Flint) at\u00e9 um formato de 350x500mm, composta por: Imagesetter com l\u00e2mpadas UV especiais, mesa de v\u00e1cuo com bomba de v\u00e1cuo M\u00e1quina de lavar plana com controlo de temperatura da \u00e1gua infinitamente vari\u00e1vel de 0 &#8211; 40\u00b0 C, sistema de fluxo, ajuste autom\u00e1tico da [&hellip;]<\/p>\n","protected":false},"featured_media":65562,"template":"","meta":[],"product_brand":[],"product_cat":[2997],"product_tag":[],"class_list":{"0":"post-93642","1":"product","2":"type-product","3":"status-publish","4":"has-post-thumbnail","6":"product_cat-processamento-de-chapas-de-impressao-pt-br","7":"pa_baujahr-158","8":"pa_hersteller-basf","9":"pa_typ-cw-35x50","11":"first","12":"instock","13":"sold-individually","14":"taxable","15":"shipping-taxable","16":"purchasable","17":"product-type-simple"},"jetpack_sharing_enabled":true,"_links":{"self":[{"href":"https:\/\/www.3p-gmbh.de\/pt-br\/wp-json\/wp\/v2\/product\/93642","targetHints":{"allow":["GET"]}}],"collection":[{"href":"https:\/\/www.3p-gmbh.de\/pt-br\/wp-json\/wp\/v2\/product"}],"about":[{"href":"https:\/\/www.3p-gmbh.de\/pt-br\/wp-json\/wp\/v2\/types\/product"}],"wp:featuredmedia":[{"embeddable":true,"href":"https:\/\/www.3p-gmbh.de\/pt-br\/wp-json\/wp\/v2\/media\/65562"}],"wp:attachment":[{"href":"https:\/\/www.3p-gmbh.de\/pt-br\/wp-json\/wp\/v2\/media?parent=93642"}],"wp:term":[{"taxonomy":"product_brand","embeddable":true,"href":"https:\/\/www.3p-gmbh.de\/pt-br\/wp-json\/wp\/v2\/product_brand?post=93642"},{"taxonomy":"product_cat","embeddable":true,"href":"https:\/\/www.3p-gmbh.de\/pt-br\/wp-json\/wp\/v2\/product_cat?post=93642"},{"taxonomy":"product_tag","embeddable":true,"href":"https:\/\/www.3p-gmbh.de\/pt-br\/wp-json\/wp\/v2\/product_tag?post=93642"}],"curies":[{"name":"wp","href":"https:\/\/api.w.org\/{rel}","templated":true}]}}