{"id":93640,"date":"2019-07-11T13:54:40","date_gmt":"2019-07-11T13:54:40","guid":{"rendered":"https:\/\/www.3p-gmbh.de\/produkt\/sistema-de-prova-epson-7600-stylus-pro-com-proofmaster-rip\/"},"modified":"2019-07-11T13:54:40","modified_gmt":"2019-07-11T13:54:40","slug":"epson-proofsystem-with-proofmaster-rip","status":"publish","type":"product","link":"https:\/\/www.3p-gmbh.de\/pt-br\/produkt\/epson-proofsystem-with-proofmaster-rip\/","title":{"rendered":"Sistema de prova Epson 7600 Stylus Pro com ProofMaster Rip"},"content":{"rendered":"<p>No mundo dos neg\u00f3cios, n\u00e3o se pode correr riscos com os clientes. Tem de concluir as encomendas dos seus clientes com precis\u00e3o e a tempo. De certeza que n\u00e3o quer discutir com os seus clientes sobre se as cores est\u00e3o correctas ou falhar uma data de entrega porque \u00e9 necess\u00e1rio mais tempo para as provas. S\u00e3o necess\u00e1rias provas com uma precis\u00e3o demonstr\u00e1vel. E um software de revis\u00e3o que n\u00e3o s\u00f3 \u00e9 f\u00e1cil de utilizar, como tamb\u00e9m oferece a flexibilidade de que necessita para trabalhar da forma que pretende. Um dispositivo de medi\u00e7\u00e3o inclu\u00eddo na embalagem \u00e9 utilizado para calibrar a unidade e para medir v\u00e1rios tipos de papel; al\u00e9m disso, a unidade \u00e9 utilizada para garantir a qualidade durante o funcionamento.<\/p>\n<ul>\n<li>Epson Stylus Pro 7600 Desktop<\/li>\n<li>Impressora de jato de tinta com tecnologia de tinta de 7 cores EPSON UltraChrome(TM)<\/li>\n<li>Otimiza\u00e7\u00e3o da tinta preta para todos os requisitos de impress\u00e3o<\/li>\n<li>Tinta preta clara para uma impress\u00e3o fotogr\u00e1fica superior<\/li>\n<li>Tecnologia avan\u00e7ada de cabe\u00e7a de impress\u00e3o Micro Piezo(TM) com 2880 dpi<\/li>\n<li>Elevada qualidade de impress\u00e3o, baixos custos de impress\u00e3o<\/li>\n<li>Vers\u00e1til, flex\u00edvel e f\u00e1cil de utilizar<\/li>\n<li>Resolu\u00e7\u00e3o m\u00e1xima 2880 x 1440 dpi<\/li>\n<li>Liga\u00e7\u00e3o paralela\/USB<\/li>\n<li>Tipos de suporte: Folha ou rolo (largura m\u00e1x. 61,0 cm)<\/li>\n<\/ul>\n<p>&nbsp;<\/p>\n<ul>\n<li>PerfectProof Proofmaster Rip 3.1<\/li>\n<li>Pacote de software para controlar a Epson Stylus 7600<\/li>\n<li>Classe de condutor 3 (outros dispositivos de sa\u00edda com formato maior tamb\u00e9m podem ser controlados)<\/li>\n<li>Sistema operativo Windows 2003 Server<\/li>\n<\/ul>\n<p>Aparelho de medi\u00e7\u00e3o Gretag SpectroScan com mesa de medi\u00e7\u00e3o Spectrolino<br \/>\nO espetrofot\u00f3metro Spectrolino \u00e9 o instrumento de medi\u00e7\u00e3o preciso para todas as \u00e1reas da ind\u00fastria gr\u00e1fica: remiss\u00e3o, transmiss\u00e3o e emiss\u00e3o! Isto significa que as amostras de cor e de papel, os diapositivos, as tabelas de cores e os monitores podem sempre ser medidos de forma r\u00e1pida, fi\u00e1vel e absolutamente exacta. Com o pr\u00e1tico dispositivo de medi\u00e7\u00e3o, obt\u00e9m-se um excelente desempenho com o m\u00ednimo de esfor\u00e7o: qualidade constante, desde a rece\u00e7\u00e3o da encomenda at\u00e9 \u00e0 entrega do produto final impresso. O Spectrolino \u00e9 ligado ao PC atrav\u00e9s da interface RS 232C incorporada. Devido ao sistema de \u00f3tica em anel, as medi\u00e7\u00f5es s\u00e3o igualmente fi\u00e1veis, mesmo em diferentes \u00e2ngulos. Para a medi\u00e7\u00e3o das emiss\u00f5es, o Spectrolino \u00e9 fixado de forma segura e suave ao ecr\u00e3 utilizando o suporte fornecido. A mesa de medi\u00e7\u00e3o x\/y SpectroScan T transforma o Spectrolino numa esta\u00e7\u00e3o de trabalho totalmente autom\u00e1tica para a medi\u00e7\u00e3o de cartas de cores.<\/p>\n","protected":false},"excerpt":{"rendered":"<p>No mundo dos neg\u00f3cios, n\u00e3o se pode correr riscos com os clientes. Tem de concluir as encomendas dos seus clientes com precis\u00e3o e a tempo. De certeza que n\u00e3o quer discutir com os seus clientes sobre se as cores est\u00e3o correctas ou falhar uma data de entrega porque \u00e9 necess\u00e1rio mais tempo para as provas. [&hellip;]<\/p>\n","protected":false},"featured_media":65586,"template":"","meta":[],"product_brand":[],"product_cat":[2974],"product_tag":[],"class_list":{"0":"post-93640","1":"product","2":"type-product","3":"status-publish","4":"has-post-thumbnail","6":"product_cat-impressao-digital","7":"pa_baujahr-153","8":"pa_hersteller-epson-proofmaster","9":"pa_typ-stylus-7600","11":"first","12":"instock","13":"sold-individually","14":"taxable","15":"shipping-taxable","16":"purchasable","17":"product-type-simple"},"jetpack_sharing_enabled":true,"_links":{"self":[{"href":"https:\/\/www.3p-gmbh.de\/pt-br\/wp-json\/wp\/v2\/product\/93640","targetHints":{"allow":["GET"]}}],"collection":[{"href":"https:\/\/www.3p-gmbh.de\/pt-br\/wp-json\/wp\/v2\/product"}],"about":[{"href":"https:\/\/www.3p-gmbh.de\/pt-br\/wp-json\/wp\/v2\/types\/product"}],"wp:featuredmedia":[{"embeddable":true,"href":"https:\/\/www.3p-gmbh.de\/pt-br\/wp-json\/wp\/v2\/media\/65586"}],"wp:attachment":[{"href":"https:\/\/www.3p-gmbh.de\/pt-br\/wp-json\/wp\/v2\/media?parent=93640"}],"wp:term":[{"taxonomy":"product_brand","embeddable":true,"href":"https:\/\/www.3p-gmbh.de\/pt-br\/wp-json\/wp\/v2\/product_brand?post=93640"},{"taxonomy":"product_cat","embeddable":true,"href":"https:\/\/www.3p-gmbh.de\/pt-br\/wp-json\/wp\/v2\/product_cat?post=93640"},{"taxonomy":"product_tag","embeddable":true,"href":"https:\/\/www.3p-gmbh.de\/pt-br\/wp-json\/wp\/v2\/product_tag?post=93640"}],"curies":[{"name":"wp","href":"https:\/\/api.w.org\/{rel}","templated":true}]}}