{"id":93624,"date":"2019-07-11T13:54:40","date_gmt":"2019-07-11T13:54:40","guid":{"rendered":"https:\/\/www.3p-gmbh.de\/produkt\/forno-de-cozedura-technografica-ebo-1250\/"},"modified":"2019-07-11T13:54:40","modified_gmt":"2019-07-11T13:54:40","slug":"forno-de-placa-de-pressao-horizontal","status":"publish","type":"product","link":"https:\/\/www.3p-gmbh.de\/pt-br\/produkt\/forno-de-placa-de-pressao-horizontal\/","title":{"rendered":"Forno de cozedura Technografica EBO 1250"},"content":{"rendered":"<p>O forno de cozedura de chapas Technografica EBO 1250 do ano de fabrico 2001 \u00e9 adequado para o processamento de chapas de impress\u00e3o offset pr\u00e9-revestidas de uma face at\u00e9 um m\u00e1ximo de Largura de alimenta\u00e7\u00e3o 1250 mm. A queima com o forno de cozedura aumenta a vida \u00fatil das chapas de impress\u00e3o na prensa. O tratamento t\u00e9rmico em ambos os lados, utilizando o processo de circula\u00e7\u00e3o de ar, resulta em pain\u00e9is cozidos uniformemente e com boa planicidade. A temperatura \u00e9 regul\u00e1vel de forma vari\u00e1vel de 0 a 300 \u00baC. O consumo de energia \u00e9 minimizado por um term\u00f3stato de controlo e um isolamento elaborado.<\/p>\n<p>Dispon\u00edvel como op\u00e7\u00e3o: v\u00e1rias mesas de transporte interm\u00e9dias ZTA e deflectores de canto EKT<\/p>\n","protected":false},"excerpt":{"rendered":"<p>O forno de cozedura de chapas Technografica EBO 1250 do ano de fabrico 2001 \u00e9 adequado para o processamento de chapas de impress\u00e3o offset pr\u00e9-revestidas de uma face at\u00e9 um m\u00e1ximo de Largura de alimenta\u00e7\u00e3o 1250 mm. A queima com o forno de cozedura aumenta a vida \u00fatil das chapas de impress\u00e3o na prensa. O [&hellip;]<\/p>\n","protected":false},"featured_media":65601,"template":"","meta":[],"product_brand":[],"product_cat":[2997],"product_tag":[],"class_list":{"0":"post-93624","1":"product","2":"type-product","3":"status-publish","4":"has-post-thumbnail","6":"product_cat-processamento-de-chapas-de-impressao-pt-br","7":"pa_baujahr-130","8":"pa_hersteller-techno-grafica","9":"pa_typ-diamant-ebo-1250-mit-spg","11":"first","12":"instock","13":"sold-individually","14":"taxable","15":"shipping-taxable","16":"purchasable","17":"product-type-simple"},"jetpack_sharing_enabled":true,"_links":{"self":[{"href":"https:\/\/www.3p-gmbh.de\/pt-br\/wp-json\/wp\/v2\/product\/93624","targetHints":{"allow":["GET"]}}],"collection":[{"href":"https:\/\/www.3p-gmbh.de\/pt-br\/wp-json\/wp\/v2\/product"}],"about":[{"href":"https:\/\/www.3p-gmbh.de\/pt-br\/wp-json\/wp\/v2\/types\/product"}],"wp:featuredmedia":[{"embeddable":true,"href":"https:\/\/www.3p-gmbh.de\/pt-br\/wp-json\/wp\/v2\/media\/65601"}],"wp:attachment":[{"href":"https:\/\/www.3p-gmbh.de\/pt-br\/wp-json\/wp\/v2\/media?parent=93624"}],"wp:term":[{"taxonomy":"product_brand","embeddable":true,"href":"https:\/\/www.3p-gmbh.de\/pt-br\/wp-json\/wp\/v2\/product_brand?post=93624"},{"taxonomy":"product_cat","embeddable":true,"href":"https:\/\/www.3p-gmbh.de\/pt-br\/wp-json\/wp\/v2\/product_cat?post=93624"},{"taxonomy":"product_tag","embeddable":true,"href":"https:\/\/www.3p-gmbh.de\/pt-br\/wp-json\/wp\/v2\/product_tag?post=93624"}],"curies":[{"name":"wp","href":"https:\/\/api.w.org\/{rel}","templated":true}]}}