{"id":93612,"date":"2019-07-11T13:54:40","date_gmt":"2019-07-11T13:54:40","guid":{"rendered":"https:\/\/www.3p-gmbh.de\/produkt\/gretag-viptronic-vipcam-122-aparelho-de-medicao-de-placas-de-pressao\/"},"modified":"2019-07-11T13:54:40","modified_gmt":"2019-07-11T13:54:40","slug":"dispositivo-de-medicao-de-placas-termicas","status":"publish","type":"product","link":"https:\/\/www.3p-gmbh.de\/pt-br\/produkt\/dispositivo-de-medicao-de-placas-termicas\/","title":{"rendered":"Gretag\/Viptronic Vipcam 122 Aparelho de medi\u00e7\u00e3o de placas de press\u00e3o"},"content":{"rendered":"<ul>\n<li>para um controlo de qualidade r\u00e1pido e exato do processo CtP<\/li>\n<li>em caixa de pl\u00e1stico, manual de instru\u00e7\u00f5es, cabo de dados, CD com o software Vipcam 122<\/li>\n<\/ul>\n","protected":false},"excerpt":{"rendered":"<p>para um controlo de qualidade r\u00e1pido e exato do processo CtP em caixa de pl\u00e1stico, manual de instru\u00e7\u00f5es, cabo de dados, CD com o software Vipcam 122<\/p>\n","protected":false},"featured_media":65643,"template":"","meta":[],"product_brand":[],"product_cat":[2931],"product_tag":[],"class_list":{"0":"post-93612","1":"product","2":"type-product","3":"status-publish","4":"has-post-thumbnail","6":"product_cat-instrumentos-de-medicao-e-garantia-de-qualidade","7":"pa_baujahr-198","8":"pa_hersteller-gretag-viptronic","9":"pa_typ-vipcam-122","11":"first","12":"instock","13":"sold-individually","14":"taxable","15":"shipping-taxable","16":"purchasable","17":"product-type-simple"},"jetpack_sharing_enabled":true,"_links":{"self":[{"href":"https:\/\/www.3p-gmbh.de\/pt-br\/wp-json\/wp\/v2\/product\/93612","targetHints":{"allow":["GET"]}}],"collection":[{"href":"https:\/\/www.3p-gmbh.de\/pt-br\/wp-json\/wp\/v2\/product"}],"about":[{"href":"https:\/\/www.3p-gmbh.de\/pt-br\/wp-json\/wp\/v2\/types\/product"}],"wp:featuredmedia":[{"embeddable":true,"href":"https:\/\/www.3p-gmbh.de\/pt-br\/wp-json\/wp\/v2\/media\/65643"}],"wp:attachment":[{"href":"https:\/\/www.3p-gmbh.de\/pt-br\/wp-json\/wp\/v2\/media?parent=93612"}],"wp:term":[{"taxonomy":"product_brand","embeddable":true,"href":"https:\/\/www.3p-gmbh.de\/pt-br\/wp-json\/wp\/v2\/product_brand?post=93612"},{"taxonomy":"product_cat","embeddable":true,"href":"https:\/\/www.3p-gmbh.de\/pt-br\/wp-json\/wp\/v2\/product_cat?post=93612"},{"taxonomy":"product_tag","embeddable":true,"href":"https:\/\/www.3p-gmbh.de\/pt-br\/wp-json\/wp\/v2\/product_tag?post=93612"}],"curies":[{"name":"wp","href":"https:\/\/api.w.org\/{rel}","templated":true}]}}