{"id":93602,"date":"2019-07-11T13:54:40","date_gmt":"2019-07-11T13:54:40","guid":{"rendered":"https:\/\/www.3p-gmbh.de\/produkt\/sistema-de-filtragem-de-placas-logotec-cms-para-ctp\/"},"modified":"2019-07-11T13:54:40","modified_gmt":"2019-07-11T13:54:40","slug":"sistema-de-filtragem-para-o-sector-dos-criadores","status":"publish","type":"product","link":"https:\/\/www.3p-gmbh.de\/pt-br\/produkt\/sistema-de-filtragem-para-o-sector-dos-criadores\/","title":{"rendered":"Sistema de filtragem de placas Logotec CMS para CtP"},"content":{"rendered":"<p>O sistema de filtragem para a sec\u00e7\u00e3o de revela\u00e7\u00e3o nas processadoras de placas para a tecnologia CtP e CtC limpa constantemente a sec\u00e7\u00e3o de revela\u00e7\u00e3o e permite assim um aumento significativo da disponibilidade de produ\u00e7\u00e3o (vida \u00fatil) da processadora de placas. O sistema de limpeza \u00e9 adequado para utiliza\u00e7\u00e3o no processamento de chapas de impress\u00e3o de fotopol\u00edmero e t\u00e9rmicas, bem como para chapas convencionais.<\/p>\n<p>Porqu\u00ea a filtragem da sec\u00e7\u00e3o de revela\u00e7\u00e3o?<\/p>\n<ul>\n<li>para um processo mais est\u00e1vel<\/li>\n<li>para aumentar a disponibilidade da produ\u00e7\u00e3o<\/li>\n<li>para conseguir uma vida \u00fatil mais longa do revelador de placas<\/li>\n<li>para uma menor utiliza\u00e7\u00e3o de produtos qu\u00edmicos<\/li>\n<li>para um menor esfor\u00e7o e custos de elimina\u00e7\u00e3o<\/li>\n<\/ul>\n","protected":false},"excerpt":{"rendered":"<p>O sistema de filtragem para a sec\u00e7\u00e3o de revela\u00e7\u00e3o nas processadoras de placas para a tecnologia CtP e CtC limpa constantemente a sec\u00e7\u00e3o de revela\u00e7\u00e3o e permite assim um aumento significativo da disponibilidade de produ\u00e7\u00e3o (vida \u00fatil) da processadora de placas. O sistema de limpeza \u00e9 adequado para utiliza\u00e7\u00e3o no processamento de chapas de impress\u00e3o [&hellip;]<\/p>\n","protected":false},"featured_media":65664,"template":"","meta":[],"product_brand":[],"product_cat":[2997],"product_tag":[],"class_list":{"0":"post-93602","1":"product","2":"type-product","3":"status-publish","4":"has-post-thumbnail","6":"product_cat-processamento-de-chapas-de-impressao-pt-br","7":"pa_baujahr-143","8":"pa_hersteller-logotec","9":"pa_typ-cms-plate","11":"first","12":"instock","13":"sold-individually","14":"taxable","15":"shipping-taxable","16":"purchasable","17":"product-type-simple"},"jetpack_sharing_enabled":true,"_links":{"self":[{"href":"https:\/\/www.3p-gmbh.de\/pt-br\/wp-json\/wp\/v2\/product\/93602","targetHints":{"allow":["GET"]}}],"collection":[{"href":"https:\/\/www.3p-gmbh.de\/pt-br\/wp-json\/wp\/v2\/product"}],"about":[{"href":"https:\/\/www.3p-gmbh.de\/pt-br\/wp-json\/wp\/v2\/types\/product"}],"wp:featuredmedia":[{"embeddable":true,"href":"https:\/\/www.3p-gmbh.de\/pt-br\/wp-json\/wp\/v2\/media\/65664"}],"wp:attachment":[{"href":"https:\/\/www.3p-gmbh.de\/pt-br\/wp-json\/wp\/v2\/media?parent=93602"}],"wp:term":[{"taxonomy":"product_brand","embeddable":true,"href":"https:\/\/www.3p-gmbh.de\/pt-br\/wp-json\/wp\/v2\/product_brand?post=93602"},{"taxonomy":"product_cat","embeddable":true,"href":"https:\/\/www.3p-gmbh.de\/pt-br\/wp-json\/wp\/v2\/product_cat?post=93602"},{"taxonomy":"product_tag","embeddable":true,"href":"https:\/\/www.3p-gmbh.de\/pt-br\/wp-json\/wp\/v2\/product_tag?post=93602"}],"curies":[{"name":"wp","href":"https:\/\/api.w.org\/{rel}","templated":true}]}}