{"id":93601,"date":"2019-07-11T13:54:40","date_gmt":"2019-07-11T13:54:40","guid":{"rendered":"https:\/\/www.3p-gmbh.de\/produkt\/empilhador-de-paineis-grafoteam-pst-480-c\/"},"modified":"2019-07-11T13:54:40","modified_gmt":"2019-07-11T13:54:40","slug":"empilhador-de-placas-2","status":"publish","type":"product","link":"https:\/\/www.3p-gmbh.de\/pt-br\/produkt\/empilhador-de-placas-2\/","title":{"rendered":"Empilhador de pain\u00e9is Grafoteam PST 480 C"},"content":{"rendered":"<p>O empilhador de placas caracteriza-se pelo seu design compacto e flex\u00edvel e \u00e9 a solu\u00e7\u00e3o ideal para processos de produ\u00e7\u00e3o autom\u00e1ticos. Para uma seguran\u00e7a m\u00e1xima, o PST est\u00e1 equipado com um sistema eletr\u00f3nico de sobrecarga. Os erros s\u00e3o indicados ac\u00fastica e visualmente.<\/p>\n<ul>\n<li>Dedos de transporte ajust\u00e1veis para pain\u00e9is de tamanho m\u00ednimo. 324 x 394 [mm] max. 1160 x 940  [mm]<\/li>\n<li>A PST 48 possui uma interface eletr\u00f3nica para v\u00e1rias configura\u00e7\u00f5es de platesetter<\/li>\n<li>Velocidade regul\u00e1vel das correias transportadoras<\/li>\n<li>\u00cdmanes para um posicionamento preciso do carrinho de pain\u00e9is<\/li>\n<li>Os bra\u00e7os de transporte podem ser levantados para trabalhos de manuten\u00e7\u00e3o no processador de placas<\/li>\n<\/ul>\n","protected":false},"excerpt":{"rendered":"<p>O empilhador de placas caracteriza-se pelo seu design compacto e flex\u00edvel e \u00e9 a solu\u00e7\u00e3o ideal para processos de produ\u00e7\u00e3o autom\u00e1ticos. Para uma seguran\u00e7a m\u00e1xima, o PST est\u00e1 equipado com um sistema eletr\u00f3nico de sobrecarga. Os erros s\u00e3o indicados ac\u00fastica e visualmente. Dedos de transporte ajust\u00e1veis para pain\u00e9is de tamanho m\u00ednimo. 324 x 394 [mm] [&hellip;]<\/p>\n","protected":false},"featured_media":65655,"template":"","meta":[],"product_brand":[],"product_cat":[2997],"product_tag":[],"class_list":{"0":"post-93601","1":"product","2":"type-product","3":"status-publish","4":"has-post-thumbnail","6":"product_cat-processamento-de-chapas-de-impressao-pt-br","7":"pa_baujahr-326","8":"pa_hersteller-grafoteam","9":"pa_typ-pst-480-c","11":"first","12":"instock","13":"sold-individually","14":"taxable","15":"shipping-taxable","16":"purchasable","17":"product-type-simple"},"jetpack_sharing_enabled":true,"_links":{"self":[{"href":"https:\/\/www.3p-gmbh.de\/pt-br\/wp-json\/wp\/v2\/product\/93601","targetHints":{"allow":["GET"]}}],"collection":[{"href":"https:\/\/www.3p-gmbh.de\/pt-br\/wp-json\/wp\/v2\/product"}],"about":[{"href":"https:\/\/www.3p-gmbh.de\/pt-br\/wp-json\/wp\/v2\/types\/product"}],"wp:featuredmedia":[{"embeddable":true,"href":"https:\/\/www.3p-gmbh.de\/pt-br\/wp-json\/wp\/v2\/media\/65655"}],"wp:attachment":[{"href":"https:\/\/www.3p-gmbh.de\/pt-br\/wp-json\/wp\/v2\/media?parent=93601"}],"wp:term":[{"taxonomy":"product_brand","embeddable":true,"href":"https:\/\/www.3p-gmbh.de\/pt-br\/wp-json\/wp\/v2\/product_brand?post=93601"},{"taxonomy":"product_cat","embeddable":true,"href":"https:\/\/www.3p-gmbh.de\/pt-br\/wp-json\/wp\/v2\/product_cat?post=93601"},{"taxonomy":"product_tag","embeddable":true,"href":"https:\/\/www.3p-gmbh.de\/pt-br\/wp-json\/wp\/v2\/product_tag?post=93601"}],"curies":[{"name":"wp","href":"https:\/\/api.w.org\/{rel}","templated":true}]}}