{"id":93595,"date":"2019-07-11T13:54:40","date_gmt":"2019-07-11T13:54:40","guid":{"rendered":"https:\/\/www.3p-gmbh.de\/produkt\/glunz-jensen-c-85-estacao-de-borracha-para-lavagem\/"},"modified":"2019-07-11T13:54:40","modified_gmt":"2019-07-11T13:54:40","slug":"estacao-de-lavagem-de-borracha","status":"publish","type":"product","link":"https:\/\/www.3p-gmbh.de\/pt-br\/produkt\/estacao-de-lavagem-de-borracha\/","title":{"rendered":"Glunz &amp; Jensen C 85 Esta\u00e7\u00e3o de borracha para lavagem"},"content":{"rendered":"<ul>\n<li>Largura da entrada 85 cm<\/li>\n<li>para a utiliza\u00e7\u00e3o de chapas de impress\u00e3o de baixo processo, por exemplo, Agfa Azura<\/li>\n<\/ul>\n","protected":false},"excerpt":{"rendered":"<p>Largura da entrada 85 cm para a utiliza\u00e7\u00e3o de chapas de impress\u00e3o de baixo processo, por exemplo, Agfa Azura<\/p>\n","protected":false},"featured_media":65658,"template":"","meta":[],"product_brand":[],"product_cat":[2997],"product_tag":[],"class_list":{"0":"post-93595","1":"product","2":"type-product","3":"status-publish","4":"has-post-thumbnail","6":"product_cat-processamento-de-chapas-de-impressao-pt-br","7":"pa_baujahr-127","8":"pa_hersteller-glunz-jensen-agfa","9":"pa_typ-c-85-azura-c-85","11":"first","12":"instock","13":"sold-individually","14":"taxable","15":"shipping-taxable","16":"purchasable","17":"product-type-simple"},"jetpack_sharing_enabled":true,"_links":{"self":[{"href":"https:\/\/www.3p-gmbh.de\/pt-br\/wp-json\/wp\/v2\/product\/93595","targetHints":{"allow":["GET"]}}],"collection":[{"href":"https:\/\/www.3p-gmbh.de\/pt-br\/wp-json\/wp\/v2\/product"}],"about":[{"href":"https:\/\/www.3p-gmbh.de\/pt-br\/wp-json\/wp\/v2\/types\/product"}],"wp:featuredmedia":[{"embeddable":true,"href":"https:\/\/www.3p-gmbh.de\/pt-br\/wp-json\/wp\/v2\/media\/65658"}],"wp:attachment":[{"href":"https:\/\/www.3p-gmbh.de\/pt-br\/wp-json\/wp\/v2\/media?parent=93595"}],"wp:term":[{"taxonomy":"product_brand","embeddable":true,"href":"https:\/\/www.3p-gmbh.de\/pt-br\/wp-json\/wp\/v2\/product_brand?post=93595"},{"taxonomy":"product_cat","embeddable":true,"href":"https:\/\/www.3p-gmbh.de\/pt-br\/wp-json\/wp\/v2\/product_cat?post=93595"},{"taxonomy":"product_tag","embeddable":true,"href":"https:\/\/www.3p-gmbh.de\/pt-br\/wp-json\/wp\/v2\/product_tag?post=93595"}],"curies":[{"name":"wp","href":"https:\/\/api.w.org\/{rel}","templated":true}]}}