{"id":93588,"date":"2019-07-11T13:54:40","date_gmt":"2019-07-11T13:54:40","guid":{"rendered":"https:\/\/www.3p-gmbh.de\/produkt\/dispositivo-de-medicao-de-chapas-de-impressao-techkon-spectro-plate\/"},"modified":"2019-07-11T13:54:40","modified_gmt":"2019-07-11T13:54:40","slug":"dispositivo-de-medicao-da-placa-de-pressao","status":"publish","type":"product","link":"https:\/\/www.3p-gmbh.de\/pt-br\/produkt\/dispositivo-de-medicao-da-placa-de-pressao\/","title":{"rendered":"Dispositivo de medi\u00e7\u00e3o de chapas de impress\u00e3o Techkon Spectro-Plate"},"content":{"rendered":"<p>O aparelho est\u00e1 dispon\u00edvel nas variantes SpectroPlate Start ou Expert. A SpectroPlate n\u00e3o conhece restri\u00e7\u00f5es quanto \u00e0 forma ou tamanho da grelha a analisar. Quer se trate de crivagem FM, AM ou h\u00edbrida: gra\u00e7as ao sistema \u00f3tico preciso, \u00e0 alta resolu\u00e7\u00e3o do sensor de imagem e aos c\u00e1lculos gr\u00e1ficos sofisticados, o aparelho de medi\u00e7\u00e3o permite a avalia\u00e7\u00e3o exacta de qualquer tecnologia de crivagem. A ilumina\u00e7\u00e3o espetral de amostras de banda larga e a an\u00e1lise din\u00e2mica de cores detectam de forma fi\u00e1vel materiais de pain\u00e9is e superf\u00edcies de diferentes cores e revestimentos.<\/p>\n","protected":false},"excerpt":{"rendered":"<p>O aparelho est\u00e1 dispon\u00edvel nas variantes SpectroPlate Start ou Expert. A SpectroPlate n\u00e3o conhece restri\u00e7\u00f5es quanto \u00e0 forma ou tamanho da grelha a analisar. Quer se trate de crivagem FM, AM ou h\u00edbrida: gra\u00e7as ao sistema \u00f3tico preciso, \u00e0 alta resolu\u00e7\u00e3o do sensor de imagem e aos c\u00e1lculos gr\u00e1ficos sofisticados, o aparelho de medi\u00e7\u00e3o permite [&hellip;]<\/p>\n","protected":false},"featured_media":65679,"template":"","meta":[],"product_brand":[],"product_cat":[2931],"product_tag":[],"class_list":{"0":"post-93588","1":"product","2":"type-product","3":"status-publish","4":"has-post-thumbnail","6":"product_cat-instrumentos-de-medicao-e-garantia-de-qualidade","7":"pa_hersteller-techkon","8":"pa_typ-spectroplate","10":"first","11":"instock","12":"sold-individually","13":"taxable","14":"shipping-taxable","15":"purchasable","16":"product-type-simple"},"jetpack_sharing_enabled":true,"_links":{"self":[{"href":"https:\/\/www.3p-gmbh.de\/pt-br\/wp-json\/wp\/v2\/product\/93588","targetHints":{"allow":["GET"]}}],"collection":[{"href":"https:\/\/www.3p-gmbh.de\/pt-br\/wp-json\/wp\/v2\/product"}],"about":[{"href":"https:\/\/www.3p-gmbh.de\/pt-br\/wp-json\/wp\/v2\/types\/product"}],"wp:featuredmedia":[{"embeddable":true,"href":"https:\/\/www.3p-gmbh.de\/pt-br\/wp-json\/wp\/v2\/media\/65679"}],"wp:attachment":[{"href":"https:\/\/www.3p-gmbh.de\/pt-br\/wp-json\/wp\/v2\/media?parent=93588"}],"wp:term":[{"taxonomy":"product_brand","embeddable":true,"href":"https:\/\/www.3p-gmbh.de\/pt-br\/wp-json\/wp\/v2\/product_brand?post=93588"},{"taxonomy":"product_cat","embeddable":true,"href":"https:\/\/www.3p-gmbh.de\/pt-br\/wp-json\/wp\/v2\/product_cat?post=93588"},{"taxonomy":"product_tag","embeddable":true,"href":"https:\/\/www.3p-gmbh.de\/pt-br\/wp-json\/wp\/v2\/product_tag?post=93588"}],"curies":[{"name":"wp","href":"https:\/\/api.w.org\/{rel}","templated":true}]}}